{"id":998,"date":"2025-06-22T22:00:58","date_gmt":"2025-06-22T21:00:58","guid":{"rendered":"https:\/\/naklada-benedikta.hr\/?post_type=product&#038;p=998"},"modified":"2026-04-07T18:34:59","modified_gmt":"2026-04-07T17:34:59","slug":"suvremeno-umijece-ratovanja","status":"publish","type":"product","link":"https:\/\/naklada-benedikta.hr\/index.php\/product\/suvremeno-umijece-ratovanja\/","title":{"rendered":"Suvremeno umije\u0107e ratovanja"},"content":{"rendered":"<p><strong>Naslov: Suvremeno umije\u0107e ratovanja<\/strong><br \/>\n<strong>Autor: Davor Domazet-Lo\u0161o<\/strong><br \/>\n<strong>Opseg: 188 stranica<\/strong><br \/>\n<strong>Format: 11 x 17,5 cm<\/strong><br \/>\n<strong>Uvez: meki<\/strong><\/p>\n<p>Integrirano i robotizirano bojno polje podrazumijeva znatno smanjen broj ljudi vojnika, s pro\u0161irenom skalom znanja i borbenih vje\u0161tina, posebno kod zapovjednika. Informacijsko znanje bit \u0107e temelj obuke, poznavanje djelovanja fizikalnih polja, kao i na\u010dela kibernetike, morat \u0107e zapovjednik i njegovi ljudi vojnici dobro poznavati. Borbeni roboti i jata, odnosno rojevi bespilotnih letjelica ne\u0107e biti samo \u201estrojevi\u201c u borbi, nego \u0107e izme\u0111u njih i zapovjednika borbenog modula, dakle \u010dovjeka vojnika, postojati i neki oblik \u201eemotivne komunikacije\u201c, odnosno \u0161to se mo\u017ee, a \u0161to se ne mo\u017ee u\u010diniti u danom trenutku bitke.<\/p>\n<p>\u0160ira operativna slika na kopnu, na integralnom i kibernetiziranom bojnom polju, zna\u010dit \u0107e mre\u017eni sustav, koji \u0107e, kao nad i pod morem, imati \u010dvori\u0161ta, koja \u0107e istodobno biti snaga za napad i obranu. Naime, doktrina ovako umre\u017eenih snaga ne\u0107e biti toliko napasti pojedine \u010dvorove, iako \u0107e i toga biti, nego napasti i \u201epokidati niti\u201c koje spajaju \u010dvorove, sli\u010dno kao \u0161to dupini pokidaju ribarske mre\u017ee.<\/p>\n<p>Drugi oblik borbenog djelovanja podrazumijevat \u0107e napad na cjelovitu mre\u017eu kako bi se ona zapetljala kao \u0161to se zna zapetljati spomenuta ribarska mre\u017ea.<\/p>\n<p>(AUTOR)<\/p>\n","protected":false},"excerpt":{"rendered":"<p>Naslov: Suvremeno umije\u0107e ratovanja Autor: Davor Domazet-Lo\u0161o Opseg: 188 stranica Format: 11 x 17,5 cm Uvez: meki Integrirano i robotizirano bojno polje podrazumijeva znatno smanjen broj ljudi vojnika, s pro\u0161irenom skalom znanja i borbenih vje\u0161tina, posebno kod zapovjednika. Informacijsko znanje bit \u0107e temelj obuke, poznavanje djelovanja fizikalnih polja, kao i na\u010dela kibernetike, morat \u0107e zapovjednik [&hellip;]<\/p>\n","protected":false},"featured_media":1000,"comment_status":"open","ping_status":"closed","template":"","meta":{"powered_cache_disable_cache":false,"powered_cache_disable_lazyload":false},"product_brand":[],"product_cat":[9],"product_tag":[],"class_list":{"0":"post-998","1":"product","2":"type-product","3":"status-publish","4":"has-post-thumbnail","6":"product_cat-politika-i-povijest","8":"first","9":"instock","10":"shipping-taxable","11":"purchasable","12":"product-type-simple"},"_links":{"self":[{"href":"https:\/\/naklada-benedikta.hr\/index.php\/wp-json\/wp\/v2\/product\/998","targetHints":{"allow":["GET"]}}],"collection":[{"href":"https:\/\/naklada-benedikta.hr\/index.php\/wp-json\/wp\/v2\/product"}],"about":[{"href":"https:\/\/naklada-benedikta.hr\/index.php\/wp-json\/wp\/v2\/types\/product"}],"replies":[{"embeddable":true,"href":"https:\/\/naklada-benedikta.hr\/index.php\/wp-json\/wp\/v2\/comments?post=998"}],"wp:featuredmedia":[{"embeddable":true,"href":"https:\/\/naklada-benedikta.hr\/index.php\/wp-json\/wp\/v2\/media\/1000"}],"wp:attachment":[{"href":"https:\/\/naklada-benedikta.hr\/index.php\/wp-json\/wp\/v2\/media?parent=998"}],"wp:term":[{"taxonomy":"product_brand","embeddable":true,"href":"https:\/\/naklada-benedikta.hr\/index.php\/wp-json\/wp\/v2\/product_brand?post=998"},{"taxonomy":"product_cat","embeddable":true,"href":"https:\/\/naklada-benedikta.hr\/index.php\/wp-json\/wp\/v2\/product_cat?post=998"},{"taxonomy":"product_tag","embeddable":true,"href":"https:\/\/naklada-benedikta.hr\/index.php\/wp-json\/wp\/v2\/product_tag?post=998"}],"curies":[{"name":"wp","href":"https:\/\/api.w.org\/{rel}","templated":true}]}}