{"id":99,"date":"2011-12-14T01:12:13","date_gmt":"2011-12-14T01:12:13","guid":{"rendered":"http:\/\/naklada-benedikta.hr\/?post_type=product&#038;p=99"},"modified":"2023-08-17T09:32:13","modified_gmt":"2023-08-17T08:32:13","slug":"svjetska-seksualna-revolucija","status":"publish","type":"product","link":"https:\/\/naklada-benedikta.hr\/index.php\/product\/svjetska-seksualna-revolucija\/","title":{"rendered":"Svjetska seksualna revolucija"},"content":{"rendered":"<p><strong>Podnaslov: Uni\u0161tenje slobode u ime slobode<\/strong><br \/>\n<strong>Autor: Gabriele Kuby<\/strong><br \/>\n<strong>Opseg: 468 stranica<\/strong><br \/>\n<strong>Format: 13,5 x 20 cm<\/strong><br \/>\n<strong>Uvez: meki<\/strong><\/p>\n<p>Mi\u0161ljenja o novoj knjizi Gabriele Kuby<br \/>\n(rujan 2012. \u2013 travanj 2013.)<\/p>\n<p>\u201eHvala Bogu \u0161to govorite i pi\u0161ete\u201c:<br \/>\nPapa Benedikt XVI., op\u0107a audijencija 31. 10. 2012.<br \/>\n\u201eGospo\u0111a Kuby vrlo je hrabar borac protiv ideologija koje \u0107e na kraju dovesti do \u010dovjekova uni\u0161tenja\u201c.<br \/>\nPapa Benedikt XVI., u pismu svome kolegi s Bogoslovije, umirovljenom sve\u0107eniku Bernhardu Schweigeru<br \/>\nGabriele Kuby ima hrabrosti progovoriti jasno i bez uvijanja o pojedinostima tih nevjerojatnih procesa u dru\u0161tvu. Tezu koju je navela u podnaslovu, \u201euni\u0161tenje slobode u ime slobode\u201c, potkrijepila je brojnim konkretnim i potresnim primjerima.<br \/>\nProf. dr. Wolfgang Waldstein,<br \/>\nDie Tagespost, 30. 10. 2012.<br \/>\nVi doista pomno ni\u017eete \u010dinjenice i ne bojite se iznositi neugodne zaklju\u010dke te na taj na\u010din stavljati sol na ranu. Jako me raduje \u0161to u tome va\u017enom pitanju podupirete Svetoga Oca, ali i mene.<br \/>\nKardinal Joachim Meisner, k\u00f6lnski nadbiskup<br \/>\nO\u010dito je da ljudi ili ne opa\u017eaju ili ignoriraju opasnost od dalekose\u017enih i dubokih posljedica ovoga napada na \u010dovjekovu prirodu. Zbog toga je glas Gabriele Kuby neizmjerno potreban i zbog toga je njezin dobro obrazlo\u017eeni prigovor toliko zna\u010dajan.<br \/>\nAugsbur\u0161ki biskup Konrad Zsdarsa<\/p>\n<p>Knjiga stolje\u0107a.<br \/>\nDr. Andreas Laun,<br \/>\nbiskup sufragan<br \/>\nSalzbur\u0161ke biskupije<br \/>\nIznimno cijenim hrabrost kojom jasno progovarate o istini i \u010dinjenicu da ne potpadate pod utjecaj vladaju\u0107eg netolerantnog mi\u0161ljenja koje zastupa ve\u0107ina mo\u0107nih medija te Vam izra\u017eavam svoju duboku zahvalnost.<br \/>\nKardinal Giovanni Lajolo, Rim<br \/>\nGabriele Kuby napisala je knjigu u kojoj u naj\u0161irem smislu govori o programu preodgajanja dru\u0161tva nazvanom gender mainstreaming. Zahvaljuju\u0107i ovoj knizi nitko vi\u0161e ne\u0107e mo\u0107i re\u0107i: \u201eO tome nismo ni\u0161ta znali\u201c. Rije\u010d je o revoluciji koja se poziva na slobodu, a ima sva obilje\u017eja diktature.<br \/>\nKatrin Krips-Schmidt,<br \/>\nDie Tagespost, 6. 10. 2012.<br \/>\nGabriele Kuby opet je napisala provokativnu knjigu koju bih preporu\u010dila svakome tko \u017eeli razumjeti uzroke propadanja na\u0161ega dru\u0161tva. Ona na sebi vlastit jasan, precizno i odrje\u0161ito obrazla\u017ee \u010ditatelju koliko je seskualizacija dru\u0161tva, koju se poti\u010de javno i privatno, ve\u0107 iz temelja promijenila obiteljski \u017eivot. Ova \u0107e knjiga uzdrmati i probuditi svakog \u010ditatelja.<br \/>\nMechthild L\u00f6hr, predsjednica saveznog zastupni\u010dkog tijela Christdemokraten f\u00fcr das Leben, skra\u0107eno CDL (Kr\u0161\u0107anski demokrati za \u017eivot) i osobna savjetnica; www.kath.net, 27. 10. 12.<br \/>\nRaskrinkavanje novog totalitarizma u djelu Gabriele Kuby dogodilo se u posljednji \u010das i, nadam se, ipak ne prekasno da se javnost probudi i suprotstavi promjenama zbog kojih je dru\u0161tvo oboljelo i zbog kojih mu mo\u017eda ubrzo ne\u0107e biti spasa. Zato mislim da bi ova knjiga trebala biti obvezno \u0161tivo svake osobe.<br \/>\nChrista Meves, psihoterapeutkinja<br \/>\nza djecu i spisateljica<br \/>\nGabriele Kuby, na vrlo uvjerljiv na\u010din, kakav se danas rijetko susre\u0107e, govori o snazi \u010dovjekova dostojanstva kroz prizmu prirodnog prava i o \u010dovjeku stvorenom na sliku Bo\u017eju.<br \/>\nProf. Harald Seubert, profesor filozofije i religijskih znanosti na Neovisnoj teolo\u0161koj visokoj \u0161koli Basel, Diakrisis, 4, 2012<br \/>\nKnjigu sam pro\u010ditala u jednom dahu i jako me potresla. Gabriele Kuby zaslu\u017ena je za raskrinkavanje okrutnog i ru\u017enog lica demona razorne snage koji mrzi ljude i koji se u svakom segmentu dru\u0161tva skriva iza maske la\u017ene pravednosti i la\u017ene slobode.<br \/>\nProf. Edith D\u00fcsing, docentica za filozofiju i duhovnu povijest na Slobodnom visokom teolo\u0161kom u\u010dili\u0161tu Gie\u00dfen<br \/>\nHtio bih Vam izraziti zahvalnost na Va\u0161emu iznimnom znanstvenom i publicisti\u010dkom radu u duhu prave kr\u0161\u0107anske apologetike! U ovoj ste knjizi uspjeli napraviti temeljitu op\u0107u analizu toga fenomena, a budnom i zabrinutom \u010ditatelju dali ste mnoge pametne i poticajne razloge za prakti\u010dan otpor. Svaku sam stranicu \u010ditao s i\u0161\u010dekivanjem i veseljem.<br \/>\nAndre Sikojev, povjerenik Ruske pravoslavne crkve pri njema\u010dkoj vladi i pri njema\u010dkom parlamentu<br \/>\nNova knjiga Gabriele Kuby velika je pomo\u0107 u obrani razuma i \u010dovjeka. Autorica, njema\u010dka sociologinja i katolkinja, ukazuje nam ovom knjigom na \u010dinjenicu da siloviti napad s kojim se danas suo\u010davamo nije ni slu\u010dajnost ni moda nego dio globalnog plana, svjetske strategije kojoj je svrha promijeniti \u010dovjeka i dru\u0161tvo pomo\u0107u temeljne promjene na podru\u010dju poimanja ljudske spolnosti. Ona otkriva istinu o rodnoj ideologiji, ba\u0161 kao \u0161to su Ko\u0142akowski i Sol\u017eenjicin otkrili istinu o komunizmu, i poziva na obrat.<br \/>\nDr. Dariusz Oko, Filozofski fakultet Papinskog sveu\u010dili\u0161ta Ivana Pavla II.<br \/>\nJohann Hesse, Gemeindenetzwerk (Op\u0107inska mre\u017ea) (http:\/\/www.gemeindenetzwerk.org)<\/p>\n<p>U ovoj su knjizi iznesene \u010dinjenice koje je autorica pomno odabrala i potkrijepila primjerima, a stil kojim se Gabriele Kuby izra\u017eava vrlo je jasan tako da nam otvara o\u010di pa spoznajemo da je to jedna nova totalitarna ideologija. Knjiga Gabriele Kuby zaslu\u017euje svaku pohvalu i svakako je preporu\u010dujem.<br \/>\nVi\u0161i crkveni dostojanstvenik Hans Lachenmann, Informationsbrief Bekenntnisbewegung,<br \/>\nvelja\u010da 2013., br. 276<br \/>\nVidi i: http:\/\/www.gabriele-kuby.de<\/p>\n","protected":false},"excerpt":{"rendered":"<p>Podnaslov: Uni\u0161tenje slobode u ime slobode Autor: Gabriele Kuby Opseg: 468 stranica Format: 13,5 x 20 cm Uvez: meki Mi\u0161ljenja o novoj knjizi Gabriele Kuby (rujan 2012. \u2013 travanj 2013.) \u201eHvala Bogu \u0161to govorite i pi\u0161ete\u201c: Papa Benedikt XVI., op\u0107a audijencija 31. 10. 2012. \u201eGospo\u0111a Kuby vrlo je hrabar borac protiv ideologija koje \u0107e na [&hellip;]<\/p>\n","protected":false},"featured_media":100,"comment_status":"open","ping_status":"closed","template":"","meta":{"powered_cache_disable_cache":false,"powered_cache_disable_lazyload":false},"product_brand":[],"product_cat":[9],"product_tag":[],"class_list":{"0":"post-99","1":"product","2":"type-product","3":"status-publish","4":"has-post-thumbnail","6":"product_cat-politika-i-povijest","8":"first","9":"instock","10":"shipping-taxable","11":"purchasable","12":"product-type-simple"},"_links":{"self":[{"href":"https:\/\/naklada-benedikta.hr\/index.php\/wp-json\/wp\/v2\/product\/99","targetHints":{"allow":["GET"]}}],"collection":[{"href":"https:\/\/naklada-benedikta.hr\/index.php\/wp-json\/wp\/v2\/product"}],"about":[{"href":"https:\/\/naklada-benedikta.hr\/index.php\/wp-json\/wp\/v2\/types\/product"}],"replies":[{"embeddable":true,"href":"https:\/\/naklada-benedikta.hr\/index.php\/wp-json\/wp\/v2\/comments?post=99"}],"wp:featuredmedia":[{"embeddable":true,"href":"https:\/\/naklada-benedikta.hr\/index.php\/wp-json\/wp\/v2\/media\/100"}],"wp:attachment":[{"href":"https:\/\/naklada-benedikta.hr\/index.php\/wp-json\/wp\/v2\/media?parent=99"}],"wp:term":[{"taxonomy":"product_brand","embeddable":true,"href":"https:\/\/naklada-benedikta.hr\/index.php\/wp-json\/wp\/v2\/product_brand?post=99"},{"taxonomy":"product_cat","embeddable":true,"href":"https:\/\/naklada-benedikta.hr\/index.php\/wp-json\/wp\/v2\/product_cat?post=99"},{"taxonomy":"product_tag","embeddable":true,"href":"https:\/\/naklada-benedikta.hr\/index.php\/wp-json\/wp\/v2\/product_tag?post=99"}],"curies":[{"name":"wp","href":"https:\/\/api.w.org\/{rel}","templated":true}]}}