{"id":97,"date":"2011-09-14T01:09:29","date_gmt":"2011-09-14T01:09:29","guid":{"rendered":"http:\/\/naklada-benedikta.hr\/?post_type=product&#038;p=97"},"modified":"2018-12-03T04:38:56","modified_gmt":"2018-12-03T04:38:56","slug":"ono-sto-ne-biste-smijeli-znati","status":"publish","type":"product","link":"https:\/\/naklada-benedikta.hr\/index.php\/product\/ono-sto-ne-biste-smijeli-znati\/","title":{"rendered":"Ono \u0161to ne biste smijeli znati"},"content":{"rendered":"<p><strong>Autor: Michael Morris<\/strong><br \/>\n<strong>Opseg: 346 stranica<\/strong><br \/>\n<strong>Format: 13,5 x 20 cm<\/strong><br \/>\n<strong>Uvez: meki<\/strong><\/p>\n<p>Novac vlada svijetom!<br \/>\nAli, tko vlada novcem?<br \/>\nLord Josiah Charles Stamp, nekada\u0161nji direktor Engleske banke, a neko\u0107 jedan od najbogatijih ljudi na svijetu, objasnio je 1937. godine:<br \/>\n\u201eModerni bankarski sustav proizvodi novac ni iz \u010dega. Taj je proces vjerojatno jedan od naj\u010dudnijih izuma u povijesti \u010dovje\u010danstva. Bankari posjeduju zemlju. Uzmi bankarima zemlju, ali im ostavi mo\u0107 da tiskaju novac i vrlo \u0107e brzo opet imati dovoljno novca da otkupe tu zemlju.\u201c<br \/>\nJedna mala skupina privatnih bankara u tajnosti vlada na\u0161im svijetom. Ti bankari ne upravljaju samo ameri\u010dkom Bankom za savezne rezerve ni Europskom sredi\u0161njom bankom nego i naddr\u017eavnim organizacijama kao \u0161to su UN, Svjetska banka, MMF i Banka za me\u0111unarodna poravnanja. Manipuliraju cijenom zlata i srebra, svjesno su prouzro\u010dili balon nekretnina i krizu banaka te namjerno vode svijet u propast. Stolje\u0107ima star cilj te nov\u010dane elite nije ni\u0161ta manji nego vlast nad cijelim svjetska, u ime novoga svjetskog poretka! I za to im nijedna \u017ertva nije te\u0161ka! Potpuno slu\u017ebeno planiraju smanjiti broj ljudi na svijetu, jer je to u njihovim o\u010dima nu\u017eno. A mi im to sve omogu\u0107ujemo!<br \/>\nMichael Morris obja\u0161njava nam:<br \/>\n\u201eVe\u0107 vi\u0161e od dvjesto godina gospodarstvo se u redovitim vremenskim intervalima uru\u0161ava zato \u0161to je netko to upravo to htio i upravo tako isplanirao. Isplanirao je i sljede\u0107i slom burze, a on \u0107e brzo do\u0107i. Na taj se na\u010din novac, a s njime i mo\u0107, prelijeva odozdo prema gore\u2026 Svako malo padamo na iste fore. To im uspijeva samo zato \u0161to malo ljudi razumije kako na\u0161 svjetski financijski sustav funkcionira. Prikazuju ga zamr\u0161enim samo zato da se nitko ne bi njime zaista i pozabavio. I to \u010dine svjesno. A on je zapravo vrlo jednostavan!\u201c<br \/>\nMichael Morris na neuobi\u010dajeno lak i razumljiv na\u010din obja\u0161njava funkcioniranje bankarskog i financijskog sustava, na\u010din na koji nastaje inflacija i na\u010din na koji ona mo\u017ee biti sprije\u010dena! Potanko navodi ljude koji stoje iza svega toga, koji vladaju ovim svijetom, uklju\u010duju\u0107i i razne politi\u010dare i medije. Kada to jednom shvatite, progledat \u0107ete!<br \/>\nAutor, kao nitko prije njega, otkriva splet aktualnih udjela u poduze\u0107ima koje posjeduju obitelji Rothschild i Rockefeller kao i koncept MMF-a vezan uz svjetsku valutu. Ali i ukazuje na alternative na gospodarskom i na dru\u0161tvenom podru\u010dju. Napeto, uzbudljivo, potresno i aktualno!<\/p>\n","protected":false},"excerpt":{"rendered":"<p>Autor: Michael Morris Opseg: 346 stranica Format: 13,5 x 20 cm Uvez: meki Novac vlada svijetom! Ali, tko vlada novcem? Lord Josiah Charles Stamp, nekada\u0161nji direktor Engleske banke, a neko\u0107 jedan od najbogatijih ljudi na svijetu, objasnio je 1937. godine: \u201eModerni bankarski sustav proizvodi novac ni iz \u010dega. Taj je proces vjerojatno jedan od naj\u010dudnijih [&hellip;]<\/p>\n","protected":false},"featured_media":98,"comment_status":"open","ping_status":"closed","template":"","meta":{"powered_cache_disable_cache":false,"powered_cache_disable_lazyload":false},"product_brand":[],"product_cat":[9],"product_tag":[],"class_list":{"0":"post-97","1":"product","2":"type-product","3":"status-publish","4":"has-post-thumbnail","6":"product_cat-politika-i-povijest","8":"first","9":"instock","10":"shipping-taxable","11":"purchasable","12":"product-type-simple"},"_links":{"self":[{"href":"https:\/\/naklada-benedikta.hr\/index.php\/wp-json\/wp\/v2\/product\/97","targetHints":{"allow":["GET"]}}],"collection":[{"href":"https:\/\/naklada-benedikta.hr\/index.php\/wp-json\/wp\/v2\/product"}],"about":[{"href":"https:\/\/naklada-benedikta.hr\/index.php\/wp-json\/wp\/v2\/types\/product"}],"replies":[{"embeddable":true,"href":"https:\/\/naklada-benedikta.hr\/index.php\/wp-json\/wp\/v2\/comments?post=97"}],"wp:featuredmedia":[{"embeddable":true,"href":"https:\/\/naklada-benedikta.hr\/index.php\/wp-json\/wp\/v2\/media\/98"}],"wp:attachment":[{"href":"https:\/\/naklada-benedikta.hr\/index.php\/wp-json\/wp\/v2\/media?parent=97"}],"wp:term":[{"taxonomy":"product_brand","embeddable":true,"href":"https:\/\/naklada-benedikta.hr\/index.php\/wp-json\/wp\/v2\/product_brand?post=97"},{"taxonomy":"product_cat","embeddable":true,"href":"https:\/\/naklada-benedikta.hr\/index.php\/wp-json\/wp\/v2\/product_cat?post=97"},{"taxonomy":"product_tag","embeddable":true,"href":"https:\/\/naklada-benedikta.hr\/index.php\/wp-json\/wp\/v2\/product_tag?post=97"}],"curies":[{"name":"wp","href":"https:\/\/api.w.org\/{rel}","templated":true}]}}