{"id":95,"date":"2011-08-14T01:07:42","date_gmt":"2011-08-14T01:07:42","guid":{"rendered":"http:\/\/naklada-benedikta.hr\/?post_type=product&#038;p=95"},"modified":"2025-04-13T18:43:28","modified_gmt":"2025-04-13T17:43:28","slug":"memoari-jednog-antiapostola","status":"publish","type":"product","link":"https:\/\/naklada-benedikta.hr\/index.php\/product\/memoari-jednog-antiapostola\/","title":{"rendered":"Memoari jednog antiapostola"},"content":{"rendered":"<p><strong>Autor: Marie Carr\u00e9<\/strong><br \/>\n<strong>Opseg: 144 stranice<\/strong><br \/>\n<strong>Format: 13 x 19 cm<\/strong><br \/>\n<strong>Uvez: meki<\/strong><\/p>\n<p>&#8211; Za\u0161to \u017eelite postati sve\u0107nik?<br \/>\n&#8211; Da uni\u0161tim Crkvu iznutra.<br \/>\n\u0160ezdesetih godina pro\u0161loga stolje\u0107a francuska medicinska sestra po<br \/>\nimenu Marie Carr\u00e9 stigla je na mjesto prometne nasre\u0107e. \u010covjeka koji je stradao u toj nesre\u0107i odvezli su u bolnicu u gradu \u010dije ime sestra namjerno ne spominje. Unesre\u0107eni je umro poslije nekoliko sati. Uza se nije imao nikakvih dokumenata, samo aktovku u kojoj je bila jedna bilje\u017enica s biografskim bilje\u0161kama. Sestra ih je uzela i pro\u010ditala. Sadr\u017eaj tih bilje\u017eaka bio je toliko neobi\u010dan da ih je odlu\u010dila objaviti, pod naslovom SB-1025 \u2013 Memoari o infiltraciji komunista u Crkvu.<br \/>\nNeobi\u010dne, ali za\u010du\u0111uju\u0107e i rasvjetljuju\u0107e bilje\u0161ke toga \u010dovjeka, koje donosi ova knji\u017eica, govore o njegovoj odlu\u010dnosti da postane sve\u0107enik, o njegovim iskustvima u sjemeni\u0161tu, o metodama kojima se koristio i koje je promicao kako bi se Crkva sama od sebe rasto\u010dila, iznutra.<br \/>\nOvo je \u0161tivo koje se \u010dita na da\u0161ak i koje mora pro\u010ditati svaki katolik koji \u017eeli razumjeti \u0161to se s Katoli\u010dkom crkvom doga\u0111a od \u0161ezdesetih godina. Tko god pro\u010dita ovu knjigu postat \u0107e duboko uvjeren da se doista dogodilo ono o \u010demu autor ovih bilje\u017eaka pi\u0161e, da je morao postojati i da vjerojatno jo\u0161 uvijek postoji velik broj sli\u010dnih antiapostola kao dio projekta korjenitog uni\u0161tenja \u017eivota Katoli\u010dke crkve.<\/p>\n<p>PRIMJEDBE \u010cITATELJA<br \/>\nGospo\u0111a Marie Carr\u00e9 dobila je mnogo pisama od \u010ditatelja.<br \/>\nNapisana su rukom, potpuno su autenti\u010dna, a autorica knjige ne \u017eeli otkriti imena tih \u010ditatelja zato \u0161to su ta pisma napisana njoj osobno.<br \/>\nOvdje donosimo neke zanimljive primjedbe iz tih pisama.<br \/>\n\u00abSlu\u010daj koji opisuje ova knjige nije, na\u017ealost, plod ma\u0161te. Ako se dobro sje\u0107am, u jednom od posljednjih izdanja Biltena za pomo\u0107 potrebitoj Crkvi jedan specijalist za probleme u zemljama iza \u017eeljezne zavjese tvrdi kako je biskup N zapravo tajni agent&#8230; i kako je upravo on dao zatvoriti 10.000 crkava u Rusiji.\u00bb<br \/>\n\u00ab\u010cestitam vam \u0161to ste razotkrili sr\u017e &#8216;sotonskog sustava&#8217; koji je poznat vrlo malom broju ljudi i \u0161to taj sustav niste predstavili u obliku djelovanja kakva apstraktnog profesora nego kao goru\u0107u buktinju u \u010dovjeku koji je u vlasti Sotone\u00bb.<br \/>\n\u00abOvo je bolna pri\u010da i vjerujem da je utemeljena na stvarnosti. Uvjeren sam da u Crkvi, me\u0111u sve\u0107enicima, a mo\u017eda i me\u0111u biskupima, ima ljudi koji su pripadnici projekta SB-antiapostola.\u00bb<br \/>\n\u00abPitao sam se ho\u0107e li ova knjiga imati ikakva utjecaja na na\u0161e sunarodnjake koji vrlo malo \u010ditaju. Doista, pravi kr\u0161\u0107ani poznaju Evan\u0111elje, u kojemu ima vrlo malo apstraktne teologije i mnogo pri\u010da, i u kojemu je sadr\u017eana sva teologija. Oni razumiju tko je to SB-1025.\u00bb<\/p>\n<p>&#8212;&#8212;&#8212;&#8212;&#8211;<br \/>\n\u00abTri sam puta pro\u010ditao knjigu Marie Carr\u00e9 SB-1025. Osje\u0107am da imam du\u017enost pozvati sve katolike da pro\u010ditaju ovu knjigu ako \u017eele potpuno razumjeti \u0161to je sveti otac Pavao VI. \u017eelio re\u0107i kada je upozorio katolike na samouni\u0161tenje Crkve, to jest na njezino uni\u0161tenje iznutra\u00bb.<br \/>\nMons. Ira Bourassa,<br \/>\nTherbrooke, Quebek, Kanada<br \/>\n\u00abKnjiga Marie Carer\u00e9 SB-1025 vrlo je sna\u017eno \u0161tivo, koje zaslu\u017euje da ga ljudi \u0161ire zato \u0161to \u0107e vjernicima pokazati sotonske zavjere komunista. Naru\u010dio sam desetke primjeraka da ih podijelim ljudima.\u00bb<br \/>\nKanonik Georges Panneton,<br \/>\nThree Rivers, Quebec, Kanada<br \/>\n\u00abAko \u010dovjek \u017eeli saznati kakvim se taktikama Komunisti\u010dka partija slu\u017eila kako bi se infiltrirala u Katoli\u010dku crkvu i ru\u0161ila je iznutra, mora pro\u010ditati knjigu SB-1025. To je pri\u010da o sotonskom planu koji \u010dovjeka ostavlja bez daha, a treba je \u010ditati ne radi \u00ablova na vje\u0161tice\u00bb nego da budemo informirani prije negoli bude prekasno.\u00bb<br \/>\nJoseph d&#8217;Anjou, DI,<br \/>\n14, Dauphine St., Quebec, Canada<br \/>\n\u00ab\u010covjek ne bi mogao povjerovati u ovaj nevjerojatan plan o komunisti\u010dkom napadu na Crkvu da svakoga dana ne gledamo kako se on ostvaruje\u00bb.<br \/>\nHenry MacFarland<\/p>\n","protected":false},"excerpt":{"rendered":"<p>Autor: Marie Carr\u00e9 Opseg: 144 stranice Format: 13 x 19 cm Uvez: meki &#8211; Za\u0161to \u017eelite postati sve\u0107nik? &#8211; Da uni\u0161tim Crkvu iznutra. \u0160ezdesetih godina pro\u0161loga stolje\u0107a francuska medicinska sestra po imenu Marie Carr\u00e9 stigla je na mjesto prometne nasre\u0107e. \u010covjeka koji je stradao u toj nesre\u0107i odvezli su u bolnicu u gradu \u010dije ime [&hellip;]<\/p>\n","protected":false},"featured_media":96,"comment_status":"open","ping_status":"closed","template":"","meta":{"powered_cache_disable_cache":false,"powered_cache_disable_lazyload":false},"product_brand":[],"product_cat":[9],"product_tag":[],"class_list":{"0":"post-95","1":"product","2":"type-product","3":"status-publish","4":"has-post-thumbnail","6":"product_cat-politika-i-povijest","8":"first","9":"instock","10":"shipping-taxable","11":"purchasable","12":"product-type-simple"},"_links":{"self":[{"href":"https:\/\/naklada-benedikta.hr\/index.php\/wp-json\/wp\/v2\/product\/95","targetHints":{"allow":["GET"]}}],"collection":[{"href":"https:\/\/naklada-benedikta.hr\/index.php\/wp-json\/wp\/v2\/product"}],"about":[{"href":"https:\/\/naklada-benedikta.hr\/index.php\/wp-json\/wp\/v2\/types\/product"}],"replies":[{"embeddable":true,"href":"https:\/\/naklada-benedikta.hr\/index.php\/wp-json\/wp\/v2\/comments?post=95"}],"wp:featuredmedia":[{"embeddable":true,"href":"https:\/\/naklada-benedikta.hr\/index.php\/wp-json\/wp\/v2\/media\/96"}],"wp:attachment":[{"href":"https:\/\/naklada-benedikta.hr\/index.php\/wp-json\/wp\/v2\/media?parent=95"}],"wp:term":[{"taxonomy":"product_brand","embeddable":true,"href":"https:\/\/naklada-benedikta.hr\/index.php\/wp-json\/wp\/v2\/product_brand?post=95"},{"taxonomy":"product_cat","embeddable":true,"href":"https:\/\/naklada-benedikta.hr\/index.php\/wp-json\/wp\/v2\/product_cat?post=95"},{"taxonomy":"product_tag","embeddable":true,"href":"https:\/\/naklada-benedikta.hr\/index.php\/wp-json\/wp\/v2\/product_tag?post=95"}],"curies":[{"name":"wp","href":"https:\/\/api.w.org\/{rel}","templated":true}]}}