{"id":923,"date":"2024-05-13T21:39:00","date_gmt":"2024-05-13T20:39:00","guid":{"rendered":"https:\/\/naklada-benedikta.hr\/?post_type=product&#038;p=923"},"modified":"2025-06-30T06:50:19","modified_gmt":"2025-06-30T05:50:19","slug":"istinita-povijest-ustasa","status":"publish","type":"product","link":"https:\/\/naklada-benedikta.hr\/index.php\/product\/istinita-povijest-ustasa\/","title":{"rendered":"Istinita povijest Usta\u0161a"},"content":{"rendered":"<p><strong>Naslov: ISTINITA POVIJEST USTA\u0160A<\/strong><br \/>\n<strong>Autor: Christophe Dolbeau<\/strong><br \/>\n<strong>Opseg: 424 stranice<\/strong><br \/>\n<strong>Format: 13,5 x 20 cm<\/strong><br \/>\n<strong>Uvez: meki<\/strong><\/p>\n<p>Osnovan po\u010detkom 1929. godine, hrvatski Usta\u0161ki pokret i njegova vo\u0111u Antu Paveli\u0107a (1889.-1959.) jo\u0161 se uvijek pre\u010desto prikazuje kao mra\u010dnu udrugu\u00a0 ubojica u slu\u017ebi fa\u0161izma kojom je upravljao jedan psihopat. Usta\u0161ki pokret nije ni izdaleka bio balkanska ina\u010dica fa\u0161izma. Sastojao se od beskompromisnih domoljuba revoltiranih tla\u010diteljskom politikom Kraljevine Jugoslavije. Bio je izraz radikalnosti hrvatske kr\u0161\u0107ansko-socijalne i selja\u010dke politi\u010dke tradicije. Suo\u010deni sa zlodjelima srpskih \u010detnika, usta\u0161e su se vrlo rano opskrbile sredstvima za oru\u017eanu i tajnu borbu.<br \/>\nOva nam knjiga pripovijeda istinitu povijest o toj borbi. Kako bi nam predo\u010dio osnivanje Pokreta, organiziranje hrvatskog iseljeni\u0161tva (od Austrije do Kanade, od Italije do SAD-a i Australije), ubojstvo kralja Aleksandra I. (9. listopada 1934.) u Marseillesu, slo\u017eene odnose s fa\u0161isti\u010dkim re\u017eimom, te, na kraju, progla\u0161enje Nezavisne Dr\u017eave Hrvatske 1941., pisac se oslanja na brojne<br \/>\nhrvatske i strane izvore. Ova knjiga napose prikazuje krajnje zahtjevnu zada\u0107u izgradnji jedne dr\u017eave iz ni\u010dega na teritoriju koji su okupirale strane vojske i napadale neprijateljske naoru\u017eane bande.<\/p>\n<p>Kraj rata i gnjusni jugoslavenski democid na Bleiburgu u svibnju 1945. (Britanci su Titovim krvnicima izru\u010dili 300.000 vojnika i gotovo jednako toliko hrvatskih civila), ali i neposredni nastavak borbe preko gerilaca i atentata na Hrvate u inozemstvu, ne izostavljaju\u0107i Paveli\u0107ev izvanredni bijeg, do\u010darani su uz obilje pojedinosti nepoznate frankofonskoj i inoj javnosti. Rasvijetljena je i va\u017ena uloga koju je tada odigrao zagreba\u010dki nadbiskup i primas Hrvatske monsinjor Alojzije Stepinac.<\/p>\n<p>Nadopunjena duga\u010dkim popisom op\u0107e bibliografije, ova knjiga, koja stavlja povijest u ispravne okvire, pokazala se posve nu\u017enom za poznavanje istine o posebno tragi\u010dnim doga\u0111ajima.<\/p>\n","protected":false},"excerpt":{"rendered":"<p>Naslov: ISTINITA POVIJEST USTA\u0160A Autor: Christophe Dolbeau Opseg: 424 stranice Format: 13,5 x 20 cm Uvez: meki Osnovan po\u010detkom 1929. godine, hrvatski Usta\u0161ki pokret i njegova vo\u0111u Antu Paveli\u0107a (1889.-1959.) jo\u0161 se uvijek pre\u010desto prikazuje kao mra\u010dnu udrugu\u00a0 ubojica u slu\u017ebi fa\u0161izma kojom je upravljao jedan psihopat. Usta\u0161ki pokret nije ni izdaleka bio balkanska ina\u010dica [&hellip;]<\/p>\n","protected":false},"featured_media":924,"comment_status":"open","ping_status":"closed","template":"","meta":{"powered_cache_disable_cache":false,"powered_cache_disable_lazyload":false},"product_brand":[],"product_cat":[9],"product_tag":[],"class_list":{"0":"post-923","1":"product","2":"type-product","3":"status-publish","4":"has-post-thumbnail","6":"product_cat-politika-i-povijest","8":"first","9":"instock","10":"shipping-taxable","11":"purchasable","12":"product-type-simple"},"_links":{"self":[{"href":"https:\/\/naklada-benedikta.hr\/index.php\/wp-json\/wp\/v2\/product\/923","targetHints":{"allow":["GET"]}}],"collection":[{"href":"https:\/\/naklada-benedikta.hr\/index.php\/wp-json\/wp\/v2\/product"}],"about":[{"href":"https:\/\/naklada-benedikta.hr\/index.php\/wp-json\/wp\/v2\/types\/product"}],"replies":[{"embeddable":true,"href":"https:\/\/naklada-benedikta.hr\/index.php\/wp-json\/wp\/v2\/comments?post=923"}],"wp:featuredmedia":[{"embeddable":true,"href":"https:\/\/naklada-benedikta.hr\/index.php\/wp-json\/wp\/v2\/media\/924"}],"wp:attachment":[{"href":"https:\/\/naklada-benedikta.hr\/index.php\/wp-json\/wp\/v2\/media?parent=923"}],"wp:term":[{"taxonomy":"product_brand","embeddable":true,"href":"https:\/\/naklada-benedikta.hr\/index.php\/wp-json\/wp\/v2\/product_brand?post=923"},{"taxonomy":"product_cat","embeddable":true,"href":"https:\/\/naklada-benedikta.hr\/index.php\/wp-json\/wp\/v2\/product_cat?post=923"},{"taxonomy":"product_tag","embeddable":true,"href":"https:\/\/naklada-benedikta.hr\/index.php\/wp-json\/wp\/v2\/product_tag?post=923"}],"curies":[{"name":"wp","href":"https:\/\/api.w.org\/{rel}","templated":true}]}}