{"id":92,"date":"2011-07-14T01:05:18","date_gmt":"2011-07-14T01:05:18","guid":{"rendered":"http:\/\/naklada-benedikta.hr\/?post_type=product&#038;p=92"},"modified":"2023-08-16T22:12:50","modified_gmt":"2023-08-16T21:12:50","slug":"kako-je-nastala-reformacija","status":"publish","type":"product","link":"https:\/\/naklada-benedikta.hr\/index.php\/product\/kako-je-nastala-reformacija\/","title":{"rendered":"Kako je nastala reformacija"},"content":{"rendered":"<p><strong>Autor: Hilaire Belloc<\/strong><br \/>\n<strong>Opseg: 244 stranice<\/strong><br \/>\n<strong>Format: 13 x 19 cm<\/strong><br \/>\n<strong>Uvez: meki<\/strong><\/p>\n<p>U ovoj poznatoj i iznena\u0111uju\u0107oj knjizi veliki katoli\u010dki povjesni\u010dar Hilaire Belloc donosi istinitu i jo\u0161 uvijek neispri\u010danu pri\u010du koja daje odgovor na jedno od najva\u017enijih pitanja na\u0161e civilizacije, koje glasi: \u201eKako se kr\u0161\u0107anskome svijetu dogodio brodolom?\u201d Autor pokazuje kako i protestantski i svjetovni povjesni\u010dari zaobilaze to golemo pitanje i jasno pokazuje da protestantski pokret nije bio nikakav vrhunac dugog i prirodnog procesa nego jedna od \u0161est smrtnih opasnosti koje su kroz povijest zaprijetile opstanku europske katoli\u010dke civilizacije i jedina opasnost koju Katoli\u010dka crkva, na veliku \u017ealost, nije uspjela suzbiti. Autor pokazuje kako pokreta\u010dka snaga reformacije nije bila pobuna protiv crkvenoga nauka nego pohlepa vlastele i pobuna protiv sve\u0107enstva. On priznaje da su korupcija me\u0111u sve\u0107enstvom i zlouporaba crkvenih prihoda pripremile put za pobunu, koju naziva poplavom, jednako kao i humanizam, sve ve\u0107a mr\u017enja prema autoritetu te vje\u010dna mr\u017enja prema katoli\u010dkoj vjeri.<\/p>\n<p>Luther je, ka\u017ee autor, slu\u010dajno bio osoba koja je pokrenula tu poplavu, opasnost od islamske invazije, koju povjesni\u010dari uglavnom zaobilaze, u tome je presudnom trenutku paralizirala njema\u010dke vlasti, Engleska je podlegla protestantizmu zbog jedne \u201epoliti\u010dke nesre\u0107e\u201d, a mra\u010dni Kalvinov genij preto\u010dio je protukatoli\u010dki bijes tada\u0161njega vremena u jasan i prihvatljiv program.<\/p>\n<p>Glede doktrine o \u201eopravdanju samo na temelju vjere\u201d, autor ka\u017ee da ona nije bila motiv toga pokreta nego njegova \u201enaknadna misao\u201d. Opisuje kako su se katoli\u010dke i protestantske snaga 10 godina pripremale za bitku, kako su se potom 13 godina borile, kako je Crkva sa zaka\u0161njenjem krenula u obranu (pomo\u0107u isusovaca i Koncila u Tridentu), zatim daljnje borbe i, na kraju, posljednju veliku bitku za o\u010duvanje jedinstva kr\u0161\u0107anskoga svijeta, tj. Tridesetogodi\u0161nji rat koji je zavr\u0161io iscrpljenjem obiju strana i podjelom Europe Westfalskim mirom iz 1648. godine.<\/p>\n<p>U prikazu tih velikih povijesnih doga\u0111aja autor isti\u010de pokreta\u010dku snagu pohlepe. Rijetka prilika za plja\u010dku crkvene imovine bila je golem motiv vlastelinima, velikim i malim, da stanu na stranu protestantskog pokreta.<\/p>\n<p>Ova je knjiga vjerojatno najuvjerljivije do sada napisano obja\u0161njenje onoga \u0161to se doista doga\u0111alo u katoli\u010dkoj Europi tijekom te divovske pobune iz 16. stolje\u0107a, knjiga koju ne mo\u017ee zanemariti nitko tko \u017eeli razumjeti na\u0161u zapadnu civilizaciju i tko \u017eeli razumjeti u kojemu smjeru ta civilizacija kro\u010di kao rezultat te tragi\u010dne protestantske reformacije.<\/p>\n","protected":false},"excerpt":{"rendered":"<p>Autor: Hilaire Belloc Opseg: 244 stranice Format: 13 x 19 cm Uvez: meki U ovoj poznatoj i iznena\u0111uju\u0107oj knjizi veliki katoli\u010dki povjesni\u010dar Hilaire Belloc donosi istinitu i jo\u0161 uvijek neispri\u010danu pri\u010du koja daje odgovor na jedno od najva\u017enijih pitanja na\u0161e civilizacije, koje glasi: \u201eKako se kr\u0161\u0107anskome svijetu dogodio brodolom?\u201d Autor pokazuje kako i protestantski i [&hellip;]<\/p>\n","protected":false},"featured_media":94,"comment_status":"open","ping_status":"closed","template":"","meta":{"powered_cache_disable_cache":false,"powered_cache_disable_lazyload":false},"product_brand":[],"product_cat":[9],"product_tag":[],"class_list":{"0":"post-92","1":"product","2":"type-product","3":"status-publish","4":"has-post-thumbnail","6":"product_cat-politika-i-povijest","8":"first","9":"instock","10":"shipping-taxable","11":"purchasable","12":"product-type-simple"},"_links":{"self":[{"href":"https:\/\/naklada-benedikta.hr\/index.php\/wp-json\/wp\/v2\/product\/92","targetHints":{"allow":["GET"]}}],"collection":[{"href":"https:\/\/naklada-benedikta.hr\/index.php\/wp-json\/wp\/v2\/product"}],"about":[{"href":"https:\/\/naklada-benedikta.hr\/index.php\/wp-json\/wp\/v2\/types\/product"}],"replies":[{"embeddable":true,"href":"https:\/\/naklada-benedikta.hr\/index.php\/wp-json\/wp\/v2\/comments?post=92"}],"wp:featuredmedia":[{"embeddable":true,"href":"https:\/\/naklada-benedikta.hr\/index.php\/wp-json\/wp\/v2\/media\/94"}],"wp:attachment":[{"href":"https:\/\/naklada-benedikta.hr\/index.php\/wp-json\/wp\/v2\/media?parent=92"}],"wp:term":[{"taxonomy":"product_brand","embeddable":true,"href":"https:\/\/naklada-benedikta.hr\/index.php\/wp-json\/wp\/v2\/product_brand?post=92"},{"taxonomy":"product_cat","embeddable":true,"href":"https:\/\/naklada-benedikta.hr\/index.php\/wp-json\/wp\/v2\/product_cat?post=92"},{"taxonomy":"product_tag","embeddable":true,"href":"https:\/\/naklada-benedikta.hr\/index.php\/wp-json\/wp\/v2\/product_tag?post=92"}],"curies":[{"name":"wp","href":"https:\/\/api.w.org\/{rel}","templated":true}]}}