{"id":88,"date":"2011-04-14T01:00:24","date_gmt":"2011-04-14T01:00:24","guid":{"rendered":"http:\/\/naklada-benedikta.hr\/?post_type=product&#038;p=88"},"modified":"2025-04-13T18:40:45","modified_gmt":"2025-04-13T17:40:45","slug":"stari-i-novi-neprijatelji","status":"publish","type":"product","link":"https:\/\/naklada-benedikta.hr\/index.php\/product\/stari-i-novi-neprijatelji\/","title":{"rendered":"Stari i novi neprijatelji katoli\u010dke crkve"},"content":{"rendered":"<p><strong>Autor: Hilaire Belloc<\/strong><br \/>\n<strong>Opseg: 248 stranice<\/strong><br \/>\n<strong>Format: 13 x 19 cm<\/strong><br \/>\n<strong>Uvez: meki<\/strong><\/p>\n<p>Naslov ove knjige skriva vjerojatno najbolju knjigu Hilairea Belloca. Jer upravo u njoj ovaj veliki katoli\u010dki povjesni\u010dar za nas analizira, u obliku kona\u010dnog zaklju\u010dka, polo\u017eaj Katoli\u010dke crkve u svijetu danas, posebno u odnosu na njezine neprijatelje. On utvr\u0111uje da upravo neprijatelji Crkve i priroda njihovih napada na Crkvu otkrivaju to\u010dan polo\u017eaj Crkve i njezin utjecaj na svijet u bilo kojem povijesnom trenutku, te mogu\u0107nosti Crkve za uspjeh.<\/p>\n<p>On ka\u017ee da se neprijatelje Crkve uvijek mo\u017ee svrstati u tri skupine \u2013 \u201epre\u017eivjele\u201c neprijatelje, tj. one \u010diji glavni napadi danas ve\u0107 blijede, iako jo\u0161 uvijek postoje, \u201eglavne neprijatelje\u201c, \u010diji su napadi danas na vrhuncu, i na \u201enove neprijatelje\u201c, tj. one neprijatelje Crkve koji tek ulaze u bitku, \u010diji napadi na Crkvu tek po\u010dinju ili su tek u zametku.<\/p>\n<p>Prvi put objavljena 1929. godine, knjiga Stari i novi neprijatelji Katoli\u010dke crkve navodi \u201emoderni um\u201c kao jednog od triju glavnih neprijatelja katoli\u010dke vjere, \u0161to taj um o\u010dito danas jest. Njegovu analizu \u201emodernoga uma\u201c mo\u017eemo nazvati samo briljantnom, a neke njezine dijelove mogli bismo \u010dak nazvati prekrasnima da nisu toliko strahotno i tragi\u010dno istiniti. Jer suvremeni je um, ka\u017ee autor, kao \u201egruda blata\u201c \u2013 \u010dovjek ne mo\u017ee u njega prodrijeti budu\u0107i da je ispunjen unaprijed stvorenim, neprobavljenim i neproanaliziranim idejama svih vrsta koje je \u201es povjerenjem i sigurno\u0161\u0107u\u201c upio iz svojih dvaju velikih izvora informacija \u2013 obveznog obrazovanja i popularnog tiska. Istine katoli\u010dke vjere ne mogu prodrijeti u takav um. A Bellocove primjedbe o suvremenom obveznom obrazovanju nedvojbeno su klasika i vi\u0161e no vrijedni \u010ditanja cijele knjige.<\/p>\n<p>Najva\u017enija vrijednost ove knjige, ono po \u010demu se ona me\u0111u svim Bellocovim djelima svrstava kao klasa za sebe, jesu njegov opis \u201emodernoga uma\u201c i njegova analiza \u201enovog poganstva\u201c, te mogu\u0107nosti \u0161to ih dana\u0161nje stanje stavlja pred katoli\u010dku vjeru u ovom posebnom povijesnom trenutku. Jer, on vidi priliku za Crkvu da potpuno preokrene to stanje, zato \u0161to misli da bi novo poganstvo moglo napredovati previ\u0161e brzo i previ\u0161e naglo te time povrijediti i osje\u0107aje mnogih nekatolika i slabih katolika, koji \u0107e shvatiti, s kulturnog gledi\u0161ta, da je u svemu tome ne\u0161to stra\u0161no naopako.<br \/>\nNijedan ljubitelj Bellocovih djela ne bi smio propustiti posljednje poglavlje ove knjige, koje bi se moglo nazvati \u201evrhuncem svih njegovih povijesnih analiza\u201c, jer ono sadr\u017ei krajnji plod cijeloga njegovog \u017eivota, rada, misli i spisateljskog djelovanja, a u obliku sjemena sadr\u017ei i plan bitke za protunapad i kona\u010dni uspjeh katoli\u010danstva. Belloc objavljuje: \u201eMi ne \u017eivimo samo u vremenu zbrke, razo\u010daranja i ogor\u010denja, nego i u vremenu prilike za katoli\u010dku vjeru.\u201c<\/p>\n","protected":false},"excerpt":{"rendered":"<p>Autor: Hilaire Belloc Opseg: 248 stranice Format: 13 x 19 cm Uvez: meki Naslov ove knjige skriva vjerojatno najbolju knjigu Hilairea Belloca. Jer upravo u njoj ovaj veliki katoli\u010dki povjesni\u010dar za nas analizira, u obliku kona\u010dnog zaklju\u010dka, polo\u017eaj Katoli\u010dke crkve u svijetu danas, posebno u odnosu na njezine neprijatelje. On utvr\u0111uje da upravo neprijatelji Crkve [&hellip;]<\/p>\n","protected":false},"featured_media":89,"comment_status":"open","ping_status":"closed","template":"","meta":{"powered_cache_disable_cache":false,"powered_cache_disable_lazyload":false},"product_brand":[],"product_cat":[9],"product_tag":[],"class_list":{"0":"post-88","1":"product","2":"type-product","3":"status-publish","4":"has-post-thumbnail","6":"product_cat-politika-i-povijest","8":"first","9":"instock","10":"shipping-taxable","11":"purchasable","12":"product-type-simple"},"_links":{"self":[{"href":"https:\/\/naklada-benedikta.hr\/index.php\/wp-json\/wp\/v2\/product\/88","targetHints":{"allow":["GET"]}}],"collection":[{"href":"https:\/\/naklada-benedikta.hr\/index.php\/wp-json\/wp\/v2\/product"}],"about":[{"href":"https:\/\/naklada-benedikta.hr\/index.php\/wp-json\/wp\/v2\/types\/product"}],"replies":[{"embeddable":true,"href":"https:\/\/naklada-benedikta.hr\/index.php\/wp-json\/wp\/v2\/comments?post=88"}],"wp:featuredmedia":[{"embeddable":true,"href":"https:\/\/naklada-benedikta.hr\/index.php\/wp-json\/wp\/v2\/media\/89"}],"wp:attachment":[{"href":"https:\/\/naklada-benedikta.hr\/index.php\/wp-json\/wp\/v2\/media?parent=88"}],"wp:term":[{"taxonomy":"product_brand","embeddable":true,"href":"https:\/\/naklada-benedikta.hr\/index.php\/wp-json\/wp\/v2\/product_brand?post=88"},{"taxonomy":"product_cat","embeddable":true,"href":"https:\/\/naklada-benedikta.hr\/index.php\/wp-json\/wp\/v2\/product_cat?post=88"},{"taxonomy":"product_tag","embeddable":true,"href":"https:\/\/naklada-benedikta.hr\/index.php\/wp-json\/wp\/v2\/product_tag?post=88"}],"curies":[{"name":"wp","href":"https:\/\/api.w.org\/{rel}","templated":true}]}}