{"id":86,"date":"2011-03-20T00:57:18","date_gmt":"2011-03-20T00:57:18","guid":{"rendered":"http:\/\/naklada-benedikta.hr\/?post_type=product&#038;p=86"},"modified":"2018-12-03T04:44:29","modified_gmt":"2018-12-03T04:44:29","slug":"pokolji-kineske-kulturne","status":"publish","type":"product","link":"https:\/\/naklada-benedikta.hr\/index.php\/product\/pokolji-kineske-kulturne\/","title":{"rendered":"Pokolji kineske kulturne revolucije"},"content":{"rendered":"<p><strong>Autor: Sung Jungji<\/strong><br \/>\n<strong>Opseg: 308 stranica<\/strong><br \/>\n<strong>Format: 13,5 x 20 cm<\/strong><br \/>\n<strong>Uvez: meki<\/strong><\/p>\n<p>Godine 1966., pokretanjem Kulturne revolucije, kineski predsjednik Mao Ce Tung otpo\u010deo je za Kinu razdoblje u\u017easa, koje je zavr\u0161ilo samo deset godina poslije toga, njegovom smr\u0107u. Bilo je vi\u0161e milijuna \u017ertava. A Zapad se dugo divio tome velikom pokretu, koji kao da je, pod izgovorom predaje vlasti narodu i mladosti, \u017eelio pro\u0161lost pretvoriti u tabulu rasu. Danas Kini preostaje obaviti posao sje\u0107anja.<\/p>\n<p>\u010citanjem ovih tekstova i pripovijesti, koje je sabrao povjesni\u010dar Sung Jungji, ne otkrivamo samo razmjere te drame, nego i njezinu apsolutnu ne\u010dovje\u010dnost. Bila je to nezamisliva okrutnost, masovno ludilo. Kako bi zadr\u017eao vlast, koja se polako ljuljala, Mao je tisu\u0107e Kineza pretvorio u krvoloke. Postaje jasno da je to ludilo bilo samo predigra za genocid Crvenih Kmera u Kambod\u017ei.<\/p>\n<p>Ova je knjiga va\u017ean dokument, koji nam napokon razotkriva razmjere desetogodi\u0161nje patnje kineskoga naroda. Za Sung Jungjia, to je na\u010din da se ka\u017ee: \u201eNe ponovilo se!\u201c<\/p>\n<p>Sung Jun\u0111ji je kao mladi\u0107 aktivno sudjelovao u Kineskoj kulturnoj revoluciji. \u010cetiri je godine proveo u zatvoru zato \u0161to je organizirao \u010ditateljske skupine. Danas \u017eivi i radi u Sjedinjenim Ameri\u010dkim Dr\u017eavama. Godine 1999., za jednog putovanja u Kinu radi skupljanja dokumenata o Kulturnoj revoluciji, u zatvoru je proveo \u010detiri mjeseca prije nego \u0161to je Peking tu vijest slu\u017ebeno obznanio. Na kraju je, zahvaljuju\u0107i naporima me\u0111unarodne zajednice, oslobo\u0111en i prognan.<\/p>\n","protected":false},"excerpt":{"rendered":"<p>Autor: Sung Jungji Opseg: 308 stranica Format: 13,5 x 20 cm Uvez: meki Godine 1966., pokretanjem Kulturne revolucije, kineski predsjednik Mao Ce Tung otpo\u010deo je za Kinu razdoblje u\u017easa, koje je zavr\u0161ilo samo deset godina poslije toga, njegovom smr\u0107u. Bilo je vi\u0161e milijuna \u017ertava. A Zapad se dugo divio tome velikom pokretu, koji kao da [&hellip;]<\/p>\n","protected":false},"featured_media":87,"comment_status":"open","ping_status":"closed","template":"","meta":{"powered_cache_disable_cache":false,"powered_cache_disable_lazyload":false},"product_brand":[],"product_cat":[9],"product_tag":[],"class_list":{"0":"post-86","1":"product","2":"type-product","3":"status-publish","4":"has-post-thumbnail","6":"product_cat-politika-i-povijest","8":"first","9":"instock","10":"sale","11":"shipping-taxable","12":"purchasable","13":"product-type-simple"},"_links":{"self":[{"href":"https:\/\/naklada-benedikta.hr\/index.php\/wp-json\/wp\/v2\/product\/86","targetHints":{"allow":["GET"]}}],"collection":[{"href":"https:\/\/naklada-benedikta.hr\/index.php\/wp-json\/wp\/v2\/product"}],"about":[{"href":"https:\/\/naklada-benedikta.hr\/index.php\/wp-json\/wp\/v2\/types\/product"}],"replies":[{"embeddable":true,"href":"https:\/\/naklada-benedikta.hr\/index.php\/wp-json\/wp\/v2\/comments?post=86"}],"wp:featuredmedia":[{"embeddable":true,"href":"https:\/\/naklada-benedikta.hr\/index.php\/wp-json\/wp\/v2\/media\/87"}],"wp:attachment":[{"href":"https:\/\/naklada-benedikta.hr\/index.php\/wp-json\/wp\/v2\/media?parent=86"}],"wp:term":[{"taxonomy":"product_brand","embeddable":true,"href":"https:\/\/naklada-benedikta.hr\/index.php\/wp-json\/wp\/v2\/product_brand?post=86"},{"taxonomy":"product_cat","embeddable":true,"href":"https:\/\/naklada-benedikta.hr\/index.php\/wp-json\/wp\/v2\/product_cat?post=86"},{"taxonomy":"product_tag","embeddable":true,"href":"https:\/\/naklada-benedikta.hr\/index.php\/wp-json\/wp\/v2\/product_tag?post=86"}],"curies":[{"name":"wp","href":"https:\/\/api.w.org\/{rel}","templated":true}]}}