{"id":81,"date":"2010-04-14T00:52:14","date_gmt":"2010-04-14T00:52:14","guid":{"rendered":"http:\/\/naklada-benedikta.hr\/?post_type=product&#038;p=81"},"modified":"2018-12-03T04:58:48","modified_gmt":"2018-12-03T04:58:48","slug":"otkrivena-tajna-masona","status":"publish","type":"product","link":"https:\/\/naklada-benedikta.hr\/index.php\/product\/otkrivena-tajna-masona\/","title":{"rendered":"Otkrivena tajna masona"},"content":{"rendered":"<p><strong>Autor: Jos\u00e9 Maria Caro y Rodriguez<\/strong><br \/>\n<strong>Opseg: 400 stranica<\/strong><br \/>\n<strong>Format: 13,5 x 20 cm<\/strong><br \/>\n<strong>Uvez: tvrdi<\/strong><\/p>\n<p>Tko je i s kojim ciljem osmislio, financirao i zapalio tolike krvave revolucije i ratove posljednjih stolje\u0107a?<br \/>\nTko je odgovoran za milijune ubijenih na rati\u0161tima i strati\u0161tima diljem svijeta?<br \/>\nTko ve\u0107 stolje\u0107ima \u0161iri bezbo\u0161tvo, nasilje i nemoral svih vrsta?<br \/>\nTko postavlja nositelje vlasti i njima upravlja?<br \/>\nTko izrabljuje zemlje i narode, uni\u0161tava obitelj, radnike svodi na roblje\u2026, a usta su mu neprestano, i prije i danas, puna krilatica o slobodi, jednakosti i demokraciji?<br \/>\nOdgovore na ova pitanja ne\u0107ete na\u0107i u slu\u017ebenim povijesnim ud\u017ebenicima.<br \/>\nNa\u0107i \u0107ete ih u knjigama poput ove, u knjigama o kojima golema ve\u0107ina medija pro\u0161loga i ovoga stolje\u0107a \u0161uti.<br \/>\nA \u0161uti zato \u0161to su i ti mediji u rukama iste one \u0161a\u010dice mo\u0107nika koji ve\u0107 stolje\u0107ima u svojim rukama dr\u017ee golemu ve\u0107inu svjetskog novca i ostalog bogatstva. To su tajni krugovi mo\u0107i. A tajni nisu zato \u0161to ve\u0107ini ljudi na svijetu \u017eele i \u010dine dobro, nego zato \u0161to toj ve\u0107ini \u017eele i \u010dine zlo.<br \/>\nJos\u00e9 Maria Caro y Rodriguez danas je sluga Bo\u017eji i u tijeku je kauza za njegovo progla\u0161enje bla\u017eenim.<\/p>\n<p>________________________________________<\/p>\n<p>Objavljena knjiga o masonstvu ZAGREB, 18. o\u017eujka 2011. (Hina) &#8211; Hrvatski prijevod knjige \u010dileanskoga kardinala i nadbiskupa Santiaga Jose Marie Cara y Rodrigueza &#8220;Otkrivena tajna masona s enciklikom Ljudski rod (Humanum genus) pape Lava XIII.&#8221; objavila je zagreba\u010dka naklada Benedikta.<br \/>\nKnjiga &#8220;Otkrivena tajna masona s enciklikom Ljudski rod (Humanum genus) pape Lava XIII.&#8221; (398 str.) podijeljena je na \u0161est poglavlja u kojima autor pi\u0161e o prirodi slobodnoga zidarstva, odnosu masonstva i katoli\u010danstva, masonskoj religiji, politici, moralu, podrijetlu masonstva i odnosu s drugim sektama, metodama slobodnozidarskoga djelovanja i javnim osudama masonstva. Na kraju knjige objavljena je enciklika pape Lava XIII. Ljudski rod te bibliografija uporabljene literature.<br \/>\nKnjigu su s engleskoga na hrvatski jezik preveli Slaven \u0160palj i Ne\u0111eljka Batinovi\u0107.<br \/>\nKardinal Rodriguez na po\u010detku knjige isti\u010de kako ju je po\u010deo pisati zato da bi ve\u0107em broju ljudi, uklju\u010duju\u0107i i masone, omogu\u0107io pristup nekim saznanjima koja ih zasigurno mogu zanimati.<br \/>\nOcijenio je kako svi roditelji katoli\u010dkih obitelji, mladi\u0107i i djevojke te svaka osoba koja se iskreno zanima za svoju vjeru, svoju zemlju i dobrobit \u010dovje\u010danstva trebaju pone\u0161to znati o organizaciji i nauku koji su u bliskoj vezi s mnogim va\u017enim pitanjima i doga\u0111ajima.<br \/>\n&#8220;Ovdje sam dao ocjenu slobodnoga zidarstva i njegova djelovanja, pri \u010demu misterij ne shva\u0107am dogmatski nego kao ne\u0161to vi\u0161e ili manje neobja\u0161njivo&#8221;, pi\u0161e Rodriguez i dodaje kako Sveti Pavao ka\u017ee da je protivnik onaj koji uzdi\u017ee sebe protiv svega \u0161to se zove Bog ili svetinja dotle da i u Bo\u017eji hram zasjedne grade\u0107i se Bogom.<br \/>\nKardinal Rodriguez isti\u010de kako je, koliko je to bilo mogu\u0107e, iskreno razmotrio samu sr\u017e slobodnoga zidarstva neovisno o njegovim \u010dlanovima, jer kako navodi, iskreno vjeruje da mnogi nisu upu\u0107eni u ciljeve i planove toga dru\u0161tva.<br \/>\nJose Maria Caro y Rodriguez (1866.-1958.) bio je nadbiskup Santiaga te prvi \u010dileanski prelat imenovan kardinalom Katoli\u010dke crkve. U tijeku je kauza za njegovo progla\u0161enje bla\u017eenikom.<br \/>\n(Hina)<\/p>\n<table style=\"height: 242px;\" width=\"477\">\n<tbody>\n<tr>\n<td><strong><em>NAKLADA BENEDIKTA<\/em><\/strong><br \/>\nima \u010dast pozvati Vas na predstavljanje knjige<strong><em>OTKRIVENA TAJNA MASONA<\/em><\/strong><br \/>\n\u010diji je autor Jos\u00e9 Maria Caro y Rodriguez, nadbiskup Santiaga i kardinal \u010cileau ponedjeljak, 18. travnja 2011. u 19,00 sati<br \/>\nu Nadbiskupijskom pastoralnom institutuKaptol 29a, ZagrebKnjiga sadr\u017ei i encikliku pape Lava XIII.<br \/>\n<strong>LJUDSKI ROD (HUMANUM GENUS)<\/strong>Radujemo se Va\u0161emu dolasku!<\/td>\n<td><\/td>\n<td><\/td>\n<td><\/td>\n<td>Knjigu \u0107e predstaviti:<\/p>\n<p>prof. Josip Jur\u010devi\u0107<br \/>\nadmiral Davor Domazet-Lo\u0161o<br \/>\nmons. Milivoj Bolobani\u0107<\/td>\n<\/tr>\n<\/tbody>\n<\/table>\n<p>\u010clanak iz Glasa Koncila, 8. Svibnja 2011., br. 19 (1924)<\/p>\n<p><img fetchpriority=\"high\" decoding=\"async\" class=\"wp-image-82 size-full alignnone\" src=\"http:\/\/naklada-benedikta.hr\/wp-content\/uploads\/2016\/07\/tajna-masona-gk.jpg\" alt=\"tajna-masona-gk\" width=\"600\" height=\"349\" srcset=\"https:\/\/naklada-benedikta.hr\/wp-content\/uploads\/2016\/07\/tajna-masona-gk.jpg 600w, https:\/\/naklada-benedikta.hr\/wp-content\/uploads\/2016\/07\/tajna-masona-gk-275x160.jpg 275w, https:\/\/naklada-benedikta.hr\/wp-content\/uploads\/2016\/07\/tajna-masona-gk-64x37.jpg 64w, https:\/\/naklada-benedikta.hr\/wp-content\/uploads\/2016\/07\/tajna-masona-gk-300x175.jpg 300w, https:\/\/naklada-benedikta.hr\/wp-content\/uploads\/2016\/07\/tajna-masona-gk-172x100.jpg 172w\" sizes=\"(max-width: 600px) 100vw, 600px\" \/><\/p>\n<p><iframe width=\"900\" height=\"675\" src=\"https:\/\/www.youtube.com\/embed\/OumMtpOERRc?feature=oembed\" frameborder=\"0\" allow=\"accelerometer; autoplay; encrypted-media; gyroscope; picture-in-picture\" allowfullscreen><\/iframe><\/p>\n","protected":false},"excerpt":{"rendered":"<p>Autor: Jos\u00e9 Maria Caro y Rodriguez Opseg: 400 stranica Format: 13,5 x 20 cm Uvez: tvrdi Tko je i s kojim ciljem osmislio, financirao i zapalio tolike krvave revolucije i ratove posljednjih stolje\u0107a? Tko je odgovoran za milijune ubijenih na rati\u0161tima i strati\u0161tima diljem svijeta? Tko ve\u0107 stolje\u0107ima \u0161iri bezbo\u0161tvo, nasilje i nemoral svih vrsta? [&hellip;]<\/p>\n","protected":false},"featured_media":83,"comment_status":"open","ping_status":"closed","template":"","meta":{"powered_cache_disable_cache":false,"powered_cache_disable_lazyload":false},"product_brand":[],"product_cat":[9],"product_tag":[],"class_list":{"0":"post-81","1":"product","2":"type-product","3":"status-publish","4":"has-post-thumbnail","6":"product_cat-politika-i-povijest","8":"first","9":"instock","10":"sale","11":"shipping-taxable","12":"purchasable","13":"product-type-simple"},"_links":{"self":[{"href":"https:\/\/naklada-benedikta.hr\/index.php\/wp-json\/wp\/v2\/product\/81","targetHints":{"allow":["GET"]}}],"collection":[{"href":"https:\/\/naklada-benedikta.hr\/index.php\/wp-json\/wp\/v2\/product"}],"about":[{"href":"https:\/\/naklada-benedikta.hr\/index.php\/wp-json\/wp\/v2\/types\/product"}],"replies":[{"embeddable":true,"href":"https:\/\/naklada-benedikta.hr\/index.php\/wp-json\/wp\/v2\/comments?post=81"}],"wp:featuredmedia":[{"embeddable":true,"href":"https:\/\/naklada-benedikta.hr\/index.php\/wp-json\/wp\/v2\/media\/83"}],"wp:attachment":[{"href":"https:\/\/naklada-benedikta.hr\/index.php\/wp-json\/wp\/v2\/media?parent=81"}],"wp:term":[{"taxonomy":"product_brand","embeddable":true,"href":"https:\/\/naklada-benedikta.hr\/index.php\/wp-json\/wp\/v2\/product_brand?post=81"},{"taxonomy":"product_cat","embeddable":true,"href":"https:\/\/naklada-benedikta.hr\/index.php\/wp-json\/wp\/v2\/product_cat?post=81"},{"taxonomy":"product_tag","embeddable":true,"href":"https:\/\/naklada-benedikta.hr\/index.php\/wp-json\/wp\/v2\/product_tag?post=81"}],"curies":[{"name":"wp","href":"https:\/\/api.w.org\/{rel}","templated":true}]}}