{"id":79,"date":"2016-08-01T00:46:08","date_gmt":"2016-08-01T00:46:08","guid":{"rendered":"http:\/\/naklada-benedikta.hr\/?post_type=product&#038;p=79"},"modified":"2018-12-03T03:57:11","modified_gmt":"2018-12-03T03:57:11","slug":"kao-ricuci-lav","status":"publish","type":"product","link":"https:\/\/naklada-benedikta.hr\/index.php\/product\/kao-ricuci-lav\/","title":{"rendered":"\u2026kao ri\u010du\u0107i lav\u2026"},"content":{"rendered":"<p><strong>Podnaslov: Zlo opsjeda Bo\u017eji narod<\/strong><br \/>\n<strong>Autor: Tarcisio Mezzetti<\/strong><br \/>\n<strong>Opseg: 428 stranica<\/strong><br \/>\n<strong>Format: 13,5 x 20 cm<\/strong><br \/>\n<strong>Uvez: meki<\/strong><\/p>\n<p>Ova je knjiga plod dugotrajnih i temeljitih istra\u017eivanja za\u010du\u0111uju\u0107eg svijeta okultnog, ezoterije, magije i vje\u0161ti\u010darstva.<br \/>\nVo\u0111en dubokom mudro\u0161\u0107u autora, \u010ditatelj otkriva da taj svijet nije tako daleko od sotonizma kako bi mnogi htjeli vjerovati, i da je mnogo rasprostranjeniji nego \u0161to se misli, te nije tako rascjepkan kako se \u010dini na prvi pogled, nego je sastavljen od jednoga iznimno ujedinjenog i izvanredno povezanog korpusa.<br \/>\nNije rije\u010d samo o \u0161arlatanstvu i nepo\u0161tenom oportunizmu koji \u017eele prevariti neuke. Autor je otkrio da u tome ima mnogo vi\u0161e. Otkrio je istinu o onome \u0161to tvrdi sveti Augustin: \u201eMno\u0161tvo bezbo\u017enika \u010dini \u0111avolje tijelo \u010diji je poglavica sam \u0111avao. To mno\u0161tvo \u010dine nadasve oni koji su pali kao s nebesa, odvajaju\u0107i se od Krista i Crkve. Lucifera, sina Zorina koji je pao, mo\u017eemo vidjeti u \u010deti onih koji su otpali od Krista i Crkve.\u201d<br \/>\nSvijet ezoterije, magije i vje\u0161ti\u010darstva \u010dini upravo \u201e\u010deta onih koji su otpali od Krista i Crkve\u201d i \u010dini se da su svi njihovi napori usmjereni istom cilju \u2013 posti\u0107i da \u0161to vi\u0161e ljudi nasljeduje njihov pad. Kako bi na neki na\u010din pridonio zaustavljanju te prijevare, autor je danomice radio na sastavljanju ovih stranica.<br \/>\nTarcisio Mezzetti ro\u0111en je 1931. godine na obalama Trasimena. Diplomirao je farmaciju na Sveu\u010dili\u0161tu u Perugi 1957. godine. Poslije jednog razdoblja istra\u017eivanja pri Mount Sinai Hospital u New Yorku, postao je profesor suradnik toksikolo\u0161ke kemije na Sveu\u010dili\u0161tu u Perugi. Godine 1976. do\u017eivio je duboko obra\u0107enje, a 1977. osnovao \u201eZajednice Magnificat!\u201d koje su ra\u0161irene po cijeloj Italiji. Istodobno je zapo\u010deo velikodu\u0161nu aktivnost evangelizacije. Upravo ga je ta aktivnost navela da spozna velike nesuglasice i ra\u0161irene opasnosti za vjeru koje mu\u010de narod Bo\u017eji, a protiv kojih se on \u017eestoko borio. Njegove brojne publikacije svjedo\u010de o njegovoj ljubavi prema Bo\u017ejoj Rije\u010di i njegovu daru evangelizacije. Preminuo je u o\u017eujku ove godine, 2016.<\/p>\n","protected":false},"excerpt":{"rendered":"<p>Podnaslov: Zlo opsjeda Bo\u017eji narod Autor: Tarcisio Mezzetti Opseg: 428 stranica Format: 13,5 x 20 cm Uvez: meki Ova je knjiga plod dugotrajnih i temeljitih istra\u017eivanja za\u010du\u0111uju\u0107eg svijeta okultnog, ezoterije, magije i vje\u0161ti\u010darstva. Vo\u0111en dubokom mudro\u0161\u0107u autora, \u010ditatelj otkriva da taj svijet nije tako daleko od sotonizma kako bi mnogi htjeli vjerovati, i da je [&hellip;]<\/p>\n","protected":false},"featured_media":80,"comment_status":"open","ping_status":"closed","template":"","meta":{"powered_cache_disable_cache":false,"powered_cache_disable_lazyload":false},"product_brand":[],"product_cat":[6],"product_tag":[],"class_list":{"0":"post-79","1":"product","2":"type-product","3":"status-publish","4":"has-post-thumbnail","6":"product_cat-duhovna-izdanja","8":"first","9":"instock","10":"shipping-taxable","11":"purchasable","12":"product-type-simple"},"_links":{"self":[{"href":"https:\/\/naklada-benedikta.hr\/index.php\/wp-json\/wp\/v2\/product\/79","targetHints":{"allow":["GET"]}}],"collection":[{"href":"https:\/\/naklada-benedikta.hr\/index.php\/wp-json\/wp\/v2\/product"}],"about":[{"href":"https:\/\/naklada-benedikta.hr\/index.php\/wp-json\/wp\/v2\/types\/product"}],"replies":[{"embeddable":true,"href":"https:\/\/naklada-benedikta.hr\/index.php\/wp-json\/wp\/v2\/comments?post=79"}],"wp:featuredmedia":[{"embeddable":true,"href":"https:\/\/naklada-benedikta.hr\/index.php\/wp-json\/wp\/v2\/media\/80"}],"wp:attachment":[{"href":"https:\/\/naklada-benedikta.hr\/index.php\/wp-json\/wp\/v2\/media?parent=79"}],"wp:term":[{"taxonomy":"product_brand","embeddable":true,"href":"https:\/\/naklada-benedikta.hr\/index.php\/wp-json\/wp\/v2\/product_brand?post=79"},{"taxonomy":"product_cat","embeddable":true,"href":"https:\/\/naklada-benedikta.hr\/index.php\/wp-json\/wp\/v2\/product_cat?post=79"},{"taxonomy":"product_tag","embeddable":true,"href":"https:\/\/naklada-benedikta.hr\/index.php\/wp-json\/wp\/v2\/product_tag?post=79"}],"curies":[{"name":"wp","href":"https:\/\/api.w.org\/{rel}","templated":true}]}}