{"id":770,"date":"2022-06-19T10:22:57","date_gmt":"2022-06-19T09:22:57","guid":{"rendered":"http:\/\/naklada-benedikta.hr\/?post_type=product&#038;p=770"},"modified":"2025-06-30T06:49:40","modified_gmt":"2025-06-30T05:49:40","slug":"djevojke-na-zrtveniku-kopiraj","status":"publish","type":"product","link":"https:\/\/naklada-benedikta.hr\/index.php\/product\/djevojke-na-zrtveniku-kopiraj\/","title":{"rendered":"Isuse, ti se za to pobrini!"},"content":{"rendered":"<p>PRVA BIOGRAFIJA AUTORA SNA\u017dNE MOLITVE \u201eISUSE, TI SE ZA TO POBRINI\u201c<\/p>\n<p>Mistik. \u010cudesno je vidio u ljudsku du\u0161u, napisao je vi\u0161e od 220 tisu\u0107a imaginettea, sli\u010dica s proro\u010dkim rije\u010dima upu\u0107enim konkretnoj osobi. Sveti otac Pio iz Pietrelcine silno ga je cijenio i \u010desto slao svoje penitente k njemu. Ovaj je sve\u0107enik bio herojski odan Crkvi, iako je do\u017eivio razne pote\u0161ko\u0107e. Zbog la\u017enih optu\u017eaba ljudi koji mu nisu bili skloni vi\u0161e je puta bio na saslu\u0161anju pred Svetim Oficijem, osu\u0111ivan za herezu te mu je \u0161esnaest godina bilo zabranjeno slaviti svetu Misu, ispovijedati i propovijedati. Danas je sluga Bo\u017eji i u tijeku je postupak njegove beatifikacije.<\/p>\n<p>TKO JE OTAC DOLINDO RUOTOLO, SVE\u0106ENIK KOJEMU JE ISUS IZDIKTIRAO JEDNU OD NAJSNA\u017dNIJIH KR\u0160\u0106ANSKIH MOLITAVA?<\/p>\n<p>Ova me knjiga duboko ganula. \u010citanje ove knjige ostavit \u0107e sna\u017ean dojam na svakoga tko je uzme u ruke. Zapalit \u0107e svako srce ljubavlju i posve\u0107enjem Bogu, bez iznimke. Od srca svakome preporu\u010dujem!<\/p>\n<p>o. J\u00f3zef Witko, OFM<\/p>\n<p>S velikom sam rado\u0161\u0107u primio vijest o nastanku ove knjige. S jo\u0161 sam je ve\u0107om rado\u0161\u0107u pro\u010ditao. I odmah upozoravam \u010ditatelja \u2013 autorica je kradljivica! Ukrast \u0107e vam svaki slobodan trenutak. Za\u0161to? Zato \u0161to se svjedo\u010danstvima o ovome napuljskom sve\u0107eniku te\u0161ko oduprijeti. A nakon \u0161to pro\u010ditate knjigu, u vama \u0107e ostati dojmljiva \u010de\u017enja da sve vi\u0161e i vi\u0161e upoznajete oca Dolinda Ruotola\u2026<\/p>\n<p>Vl\u010d. prof. Robert Skrzypczak<\/p>\n","protected":false},"excerpt":{"rendered":"<p>PRVA BIOGRAFIJA AUTORA SNA\u017dNE MOLITVE \u201eISUSE, TI SE ZA TO POBRINI\u201c Mistik. \u010cudesno je vidio u ljudsku du\u0161u, napisao je vi\u0161e od 220 tisu\u0107a imaginettea, sli\u010dica s proro\u010dkim rije\u010dima upu\u0107enim konkretnoj osobi. Sveti otac Pio iz Pietrelcine silno ga je cijenio i \u010desto slao svoje penitente k njemu. Ovaj je sve\u0107enik bio herojski odan Crkvi, [&hellip;]<\/p>\n","protected":false},"featured_media":772,"comment_status":"open","ping_status":"closed","template":"","meta":{"powered_cache_disable_cache":false,"powered_cache_disable_lazyload":false},"product_brand":[],"product_cat":[6],"product_tag":[],"class_list":{"0":"post-770","1":"product","2":"type-product","3":"status-publish","4":"has-post-thumbnail","6":"product_cat-duhovna-izdanja","8":"first","9":"instock","10":"shipping-taxable","11":"purchasable","12":"product-type-simple"},"_links":{"self":[{"href":"https:\/\/naklada-benedikta.hr\/index.php\/wp-json\/wp\/v2\/product\/770","targetHints":{"allow":["GET"]}}],"collection":[{"href":"https:\/\/naklada-benedikta.hr\/index.php\/wp-json\/wp\/v2\/product"}],"about":[{"href":"https:\/\/naklada-benedikta.hr\/index.php\/wp-json\/wp\/v2\/types\/product"}],"replies":[{"embeddable":true,"href":"https:\/\/naklada-benedikta.hr\/index.php\/wp-json\/wp\/v2\/comments?post=770"}],"wp:featuredmedia":[{"embeddable":true,"href":"https:\/\/naklada-benedikta.hr\/index.php\/wp-json\/wp\/v2\/media\/772"}],"wp:attachment":[{"href":"https:\/\/naklada-benedikta.hr\/index.php\/wp-json\/wp\/v2\/media?parent=770"}],"wp:term":[{"taxonomy":"product_brand","embeddable":true,"href":"https:\/\/naklada-benedikta.hr\/index.php\/wp-json\/wp\/v2\/product_brand?post=770"},{"taxonomy":"product_cat","embeddable":true,"href":"https:\/\/naklada-benedikta.hr\/index.php\/wp-json\/wp\/v2\/product_cat?post=770"},{"taxonomy":"product_tag","embeddable":true,"href":"https:\/\/naklada-benedikta.hr\/index.php\/wp-json\/wp\/v2\/product_tag?post=770"}],"curies":[{"name":"wp","href":"https:\/\/api.w.org\/{rel}","templated":true}]}}