{"id":754,"date":"2022-03-14T08:43:59","date_gmt":"2022-03-14T07:43:59","guid":{"rendered":"http:\/\/naklada-benedikta.hr\/?post_type=product&#038;p=754"},"modified":"2025-06-30T06:49:31","modified_gmt":"2025-06-30T05:49:31","slug":"djevojke-na-zrtveniku","status":"publish","type":"product","link":"https:\/\/naklada-benedikta.hr\/index.php\/product\/djevojke-na-zrtveniku\/","title":{"rendered":"Djevojke na \u017ertveniku"},"content":{"rendered":"<p><strong>Naslov: Djevojke na \u017ertveniku<\/strong><\/p>\n<p><strong>Autorica: Vesna Slobo\u0111an<\/strong><\/p>\n<p><strong>Format: 15,2 x 22,3 cm<\/strong><\/p>\n<p><strong>Opseg: 448 stranica<\/strong><\/p>\n<p><strong>Uvez tvrdi<\/strong><\/p>\n<p>&nbsp;<\/p>\n<p>Ubojice nikad nisu zatra\u017eili oprost za grijehe koje su po\u010dinili slijede\u0107i zapovijed \u201ekolji sve po redu\u201c. Nisu se ni skrivali, u najve\u0107em djelu slu\u010dajeva zna se tko su i odakle su do\u0161li. Pojedini su u knjizi i navedeni imenom i prezimenom.<\/p>\n<p>Na ovim su stranicama tek komadi\u0107i povijesti na\u0161ih obitelji, pripadnika ponosnog, hrvatskog naroda s podru\u010dja isto\u010dne Hercegovine\u2026<\/p>\n<p>U jedno sam sigurna: ne\u0107e biti \u010ditatelja koji na ovim stranicama ne\u0107e prona\u0107i komadi\u0107 svoje, obiteljske povijesti; me\u0111u spomenutim imenima\u2026 nazivima sela u kojima su se zlo\u010dini dogodili \u2013 Struge, Gorica, Grabovina, Gabela, \u010celjevo, Crni\u0107i, \u010capljina (ima li uop\u0107e mjesta u isto\u010dnoj Hercegovini, i ne samo tamo, da nije podnijelo \u017ertvu?). Ili \u0107e u pri\u010di prepoznati osobnu, pro\u017eivljenu sudbinu koja se na\u017ealost dogodila (ponovila) i u Domovinskom ratu\u2026<\/p>\n<p>Zapamtimo te i mnoge druge hrvatske \u017eene! One su na\u0161e nadahnu\u0107e. Njihovi grobovi mjesta su koja nam daju snagu, da se nosimo s bremenom te\u0161kih vremena kakva nas na\u017ealost redovito \u2013 ne zaobilaze. Grobovi Mile Gojsali\u0107, vranskih mu\u010denica Dive Grabov\u010deve i Radoslave Ere\u0161, dviju Dragica Pavkovi\u0107, pastirice Jele iz Kru\u0161eva, Mare Gavran iz Gnjili\u0161ta, \u010dija posljednja po\u010divali\u0161ta zahvalni ponizni hrvatski puk i danas obilazi\u2026 Koliko li je hrvatskih \u017eena \u2013 patnica?<\/p>\n<p>Zapravo, ima li ijedna koja se na svome ovozemaljskom hodu nije izravno ili neizravno susrela s ovim o \u010demu govori knjiga \u201eDjevojke na \u017ertveniku\u201c?<\/p>\n<p>(Iz Predgovora Nade Prka\u010din)<\/p>\n","protected":false},"excerpt":{"rendered":"<p>Naslov: Djevojke na \u017ertveniku Autorica: Vesna Slobo\u0111an Format: 15,2 x 22,3 cm Opseg: 448 stranica Uvez tvrdi &nbsp; Ubojice nikad nisu zatra\u017eili oprost za grijehe koje su po\u010dinili slijede\u0107i zapovijed \u201ekolji sve po redu\u201c. Nisu se ni skrivali, u najve\u0107em djelu slu\u010dajeva zna se tko su i odakle su do\u0161li. Pojedini su u knjizi i [&hellip;]<\/p>\n","protected":false},"featured_media":755,"comment_status":"open","ping_status":"closed","template":"","meta":{"powered_cache_disable_cache":false,"powered_cache_disable_lazyload":false},"product_brand":[],"product_cat":[9],"product_tag":[],"class_list":{"0":"post-754","1":"product","2":"type-product","3":"status-publish","4":"has-post-thumbnail","6":"product_cat-politika-i-povijest","8":"first","9":"instock","10":"shipping-taxable","11":"purchasable","12":"product-type-simple"},"_links":{"self":[{"href":"https:\/\/naklada-benedikta.hr\/index.php\/wp-json\/wp\/v2\/product\/754","targetHints":{"allow":["GET"]}}],"collection":[{"href":"https:\/\/naklada-benedikta.hr\/index.php\/wp-json\/wp\/v2\/product"}],"about":[{"href":"https:\/\/naklada-benedikta.hr\/index.php\/wp-json\/wp\/v2\/types\/product"}],"replies":[{"embeddable":true,"href":"https:\/\/naklada-benedikta.hr\/index.php\/wp-json\/wp\/v2\/comments?post=754"}],"wp:featuredmedia":[{"embeddable":true,"href":"https:\/\/naklada-benedikta.hr\/index.php\/wp-json\/wp\/v2\/media\/755"}],"wp:attachment":[{"href":"https:\/\/naklada-benedikta.hr\/index.php\/wp-json\/wp\/v2\/media?parent=754"}],"wp:term":[{"taxonomy":"product_brand","embeddable":true,"href":"https:\/\/naklada-benedikta.hr\/index.php\/wp-json\/wp\/v2\/product_brand?post=754"},{"taxonomy":"product_cat","embeddable":true,"href":"https:\/\/naklada-benedikta.hr\/index.php\/wp-json\/wp\/v2\/product_cat?post=754"},{"taxonomy":"product_tag","embeddable":true,"href":"https:\/\/naklada-benedikta.hr\/index.php\/wp-json\/wp\/v2\/product_tag?post=754"}],"curies":[{"name":"wp","href":"https:\/\/api.w.org\/{rel}","templated":true}]}}