{"id":75,"date":"2013-08-30T00:41:43","date_gmt":"2013-08-30T00:41:43","guid":{"rendered":"http:\/\/naklada-benedikta.hr\/?post_type=product&#038;p=75"},"modified":"2018-12-03T04:09:23","modified_gmt":"2018-12-03T04:09:23","slug":"djecak-koji-je-susreo-isusa","status":"publish","type":"product","link":"https:\/\/naklada-benedikta.hr\/index.php\/product\/djecak-koji-je-susreo-isusa\/","title":{"rendered":"Dje\u010dak koji je susreo Isusa"},"content":{"rendered":"<p><strong>Autor: Immacul\u00e9e Ilibagiza i Steve Erwin<\/strong><br \/>\n<strong>Opseg: 200 stranica<\/strong><br \/>\n<strong>Opseg u boji: 8 stranica<\/strong><br \/>\n<strong>Format: 13,5 x 20 cm<\/strong><br \/>\n<strong>Uvez: meki<\/strong><\/p>\n<p>Ovo je najve\u0107a pri\u010da koja do sada nije bila ispri\u010dana, pri\u010da o dje\u010daku kojemu se ukazivao Isus i koji se usu\u0111ivao postavljati Isusu razna pitanja koja zaokupljaju \u010dovje\u010danstvo ve\u0107 vi\u0161e od dvije tisu\u0107e godina.<br \/>\nDje\u010dak se zvao Segatashya. Bio je nepismen pastir, ro\u0111en u siroma\u0161noj poganskoj obitelji u jednom od najzaba\u010denijih dijelova Ruande. Nikada nije i\u0161ao u \u0161kolu, nikada nije ni vidio Bibliju niti je ikada kro\u010dio nogom u crkvu. Jednog ljetnog dana 1982., dok se odmarao pod jednim drvetom, \u010duo je sna\u017ean i divan glas, koji mu je rekao da je on Isus i upitao ga bi li krenuo u misiju u kojoj bi govorio \u010dovje\u010danstvu o tome kako mo\u017ee do\u0107i u Raj.<\/p>\n<p>Segatashya je bio iznena\u0111en i istodobno ushi\u0107en. Rekao je Isusu da ho\u0107e, ali pod uvjetom da mu Isus odgovori na sva njegova pitanja \u2013 o vjeri, vjeroispovijesti, smislu \u017eivota, Raju i Paklu. Isus je pristao pa je dje\u010dak Segatashya krenuo na jedno od naj\u010dudesnijih putovanja u modernoj ljudskoj povijesti.<br \/>\n\u010cesto su ga optu\u017eivali da je \u0161arlatan, a ponekad bi ga i pretukli, ali su njegovo nevino srce i mo\u0107na duhovna mudrost osvojili i najcini\u010dnije kriti\u010dare. Ubrzo je taj dje\u010dak, koji nije znao ni \u010ditati ni pisati, po\u010deo raspravljati o teologiji sa znanstvenicima te davati savjete sve\u0107enicima, veleposlanicima, biskupima i predsjednicima dr\u017eava. Postao je toliko popularan u Ruandi da je Katoli\u010dka crkva odlu\u010dila istra\u017eiti njegovu pri\u010du. Svi lije\u010dnici i psihijatri koji su ga pregledavali i ispitivali potvrdili su da svjedo\u010de \u010dudu. Zahvaljuju\u0107i rije\u010dima i jednostavnim istinama koje je taj nepismeni dje\u010dak prenosio ljudima, gdje god bi do\u0161ao i govorio, tisu\u0107e se ljudi obra\u0107alo.<\/p>\n<p>Prije njegove smrti u genocidu u Ruandi 1994.g., Osam je godina putovao po vi\u0161e afri\u010dkih zemalja, razgovarao s Isusom i pitao ga ono \u0161to svi mi \u017eelimo znati: Za\u0161to smo stvoreni? Za\u0161to moramo patiti? Za\u0161to se nesre\u0107e doga\u0111aju dobrim ljudima? Kada \u0107e biti kraj svijeta? Postoji li \u017eivot poslije smrti? Kako mo\u017eemo do\u0107i u Raj?<\/p>\n<p>Odgovori na ova i mnoga druga \u017eivotno va\u017ena pitanja nalaze se upravo u ovoj knjizi, koja donosi neobi\u010dnu \u017eivotnu pri\u010du dje\u010daka Segatashye.<\/p>\n<p>Segatashyu je ubijen u genocidu u Ruandi, 1994. godine.<\/p>\n<p>Immacul\u00e9e Ilibagiza autorica je knjiga Pre\u017eivjela da ispri\u010da, Led by Faith (Vo\u0111ena vjerom) i Gospa Kibe\u0161ka. Ovu posljednju knjigu napisala je sa Steveom Erwinom. Ro\u0111ena je u Ruandi, gdje je diplomirala elektrotehniku i strojarstvo na Nacionalnom sveu\u010dili\u0161tu. U genocidu iz 1994. ubijeni su joj otac, majka i dva brata. \u010cudom su pre\u017eivjeli ona i jedan brat. \u010cetiri godine poslije toga odselila je u SAD, gdje je ubrzo po\u010dela raditi u Ujedinjenim narodima u New Yorku. Danas putuje svijetom i svjedo\u010di o ukazanjima Gospe Kibe\u0161ke vidjelicama iz Kibeha i o Isusovim ukazanjima Segatashyji, i pi\u0161e knjige. Godine 2007. osnovala je dobrotvornu zakladu Left to Tell koja poma\u017ee siro\u010dadi iz Ruande. Dobitnica je Me\u0111unarodne nagrade Mahatma Gandi za pomirbu i mir (Mahatma Gandhi International Award for Reconciliation and Peace).<\/p>\n<p>Steve Erwin, pisac i nagra\u0111ivani novinar, \u017eivi u New Yorku sa suprugom Natashom Stoynoff, tako\u0111er novinarkom i spisateljicom.<\/p>\n<p>Bez obzira na to jeste li vjernik i koje ste vjere, knjiga Dje\u010dak koji je susreo Isusa donijet \u0107e vam utjehu i radost, i pripremit \u0107e va\u0161e srce za ovaj \u017eivot i za onaj vje\u010dni.<\/p>\n<p>Immacul\u00e9e Ilibagiza, Segatashyina prijateljica i osoba koja je pre\u017eivjela holokaust u Ruandi, napisala je ovu knjigu s milo\u0161\u0107u, gorljivo\u0161\u0107u i ljupkim humorom. Ovo njezino uistinu nadahnjuju\u0107e djelo duboko \u0107e vas dirnuti u du\u0161u.<\/p>\n","protected":false},"excerpt":{"rendered":"<p>Autor: Immacul\u00e9e Ilibagiza i Steve Erwin Opseg: 200 stranica Opseg u boji: 8 stranica Format: 13,5 x 20 cm Uvez: meki Ovo je najve\u0107a pri\u010da koja do sada nije bila ispri\u010dana, pri\u010da o dje\u010daku kojemu se ukazivao Isus i koji se usu\u0111ivao postavljati Isusu razna pitanja koja zaokupljaju \u010dovje\u010danstvo ve\u0107 vi\u0161e od dvije tisu\u0107e godina. [&hellip;]<\/p>\n","protected":false},"featured_media":76,"comment_status":"open","ping_status":"closed","template":"","meta":{"powered_cache_disable_cache":false,"powered_cache_disable_lazyload":false},"product_brand":[],"product_cat":[6],"product_tag":[],"class_list":{"0":"post-75","1":"product","2":"type-product","3":"status-publish","4":"has-post-thumbnail","6":"product_cat-duhovna-izdanja","8":"first","9":"instock","10":"shipping-taxable","11":"purchasable","12":"product-type-simple"},"_links":{"self":[{"href":"https:\/\/naklada-benedikta.hr\/index.php\/wp-json\/wp\/v2\/product\/75","targetHints":{"allow":["GET"]}}],"collection":[{"href":"https:\/\/naklada-benedikta.hr\/index.php\/wp-json\/wp\/v2\/product"}],"about":[{"href":"https:\/\/naklada-benedikta.hr\/index.php\/wp-json\/wp\/v2\/types\/product"}],"replies":[{"embeddable":true,"href":"https:\/\/naklada-benedikta.hr\/index.php\/wp-json\/wp\/v2\/comments?post=75"}],"wp:featuredmedia":[{"embeddable":true,"href":"https:\/\/naklada-benedikta.hr\/index.php\/wp-json\/wp\/v2\/media\/76"}],"wp:attachment":[{"href":"https:\/\/naklada-benedikta.hr\/index.php\/wp-json\/wp\/v2\/media?parent=75"}],"wp:term":[{"taxonomy":"product_brand","embeddable":true,"href":"https:\/\/naklada-benedikta.hr\/index.php\/wp-json\/wp\/v2\/product_brand?post=75"},{"taxonomy":"product_cat","embeddable":true,"href":"https:\/\/naklada-benedikta.hr\/index.php\/wp-json\/wp\/v2\/product_cat?post=75"},{"taxonomy":"product_tag","embeddable":true,"href":"https:\/\/naklada-benedikta.hr\/index.php\/wp-json\/wp\/v2\/product_tag?post=75"}],"curies":[{"name":"wp","href":"https:\/\/api.w.org\/{rel}","templated":true}]}}