{"id":71,"date":"2013-07-28T00:37:12","date_gmt":"2013-07-28T00:37:12","guid":{"rendered":"http:\/\/naklada-benedikta.hr\/?post_type=product&#038;p=71"},"modified":"2018-12-03T04:03:55","modified_gmt":"2018-12-03T04:03:55","slug":"pravo-lice-padre-pija","status":"publish","type":"product","link":"https:\/\/naklada-benedikta.hr\/index.php\/product\/pravo-lice-padre-pija\/","title":{"rendered":"Pravo lice padre Pija"},"content":{"rendered":"<p><strong>Autor: Maria Winowska<\/strong><br \/>\n<strong>Opseg: 208 stranica<\/strong><br \/>\n<strong>Format: 13,5 x 20 cm<\/strong><br \/>\n<strong>Uvez: meki<\/strong><\/p>\n<p>Pred zatvorenim crkvenim vratima stoji zbijena i pozorna gomila. Oni koji su bli\u017ee izvje\u0161\u0107uju ostale: \u201e\u010cujem zveket klju\u010deva!\u201c U isti mah mno\u0161tvo je pohrlilo prema crkvi. Vrata su se otvorila\u2026 Kao da je brana popustila. Zaprepa\u0161tena, izgurana, izga\u017eena\u2026 zgnje\u010dena, zaostala sam daleko otraga dok je gomila vikala, vri\u0161tala, \u017eestoko se probijala\u2026 Svatko je na sve mogu\u0107e na\u010dine nastojao biti prvi. Zavladao je takav mete\u017e da se sakristana jedva \u010dulo: \u201ePogani! Bitange! Nitkovi! Bijednici! Pri\u010dekajte! Za ime Bo\u017eje! Jeste li kr\u0161\u0107ani ili zvijeri?\u201c<\/p>\n<p>\u0160to drugo o\u010dekivati? Jadnik se morao slu\u017eiti o\u0161trim rije\u010dima, ali mu to i nije pomoglo! Molim svoje \u010ditatelje da se ne sabla\u017enjavaju prebrzo. U Apuliji smo, ali odite na Siciliju pa \u0107ete vidjeti! Napokon ulazim. Bole me noge i ruke. Gdje su sada one furije od maloprije? Oko oltara svetoga Franje\u2026 vidim samo skru\u0161ena lica, usne u molitvi, ponizan i sabran narod. Cilj je postignut. Nema vi\u0161e potrebe za nasilnim strategijama\u2026 Nitko se ne mo\u017ee pomaknuti. Stisnuti kao sardine\u2026 stojimo tako dva sata, potpuno nepokretni&#8230; S u\u017easom pitam \u0161to rade ljudi kojima pozli? A ne, ka\u017eu, nikome ne pozli. Mislim da je ve\u0107 to divno \u010dudo!<\/p>\n<p>To i ti\u0161ina. Vjerujete li da se tijekom cijele svete Mise padre Pija, koja traje\u2026 sat i \u010detrdeset pet minuta\u2026 moglo \u010duti muhu? Onaj tko poznaje pona\u0161anje Talijana\u2026 ne mo\u017ee se na\u010duditi toj savr\u0161enoj ti\u0161ini. Ona im slu\u017ei na \u010dast \u2013 mla\u0111i i gorljivi ljudi imaju fine antene za hvatanje nadnaravnog. I, ako im ponekad i nedostaje primjereno izra\u017eavanje, katoli\u010dki osje\u0107aj obi\u010dno ih ne vara pa oni koje oni za \u017eivota proglase svecima zavrje\u0111uju na\u0161u pozornost. U tome se trenutku vi\u0161e pouzdajem u svoje pobo\u017ene i razuzdane furije negoli u osobe duboke pobo\u017enosti, pa \u0107u na njihovu licu, kao na zrcalu\u2026 pratiti u\u010dinke svete Mise padre Pija.<\/p>\n<p>A on je jo\u0161 u sakristiji. Dolazi njegova predstra\u017ea sastavljena od njegovih \u201eduhovnih sinova\u201c koji prave tunel u zbijenoj \u017eivoj masi oko oltara. Tek sam tada uspjela uo\u010diti krajnji cilj prija\u0161njeg stampeda. Svi su \u017eeljeli stati \u0161to bli\u017ee\u2026 ne bi li mu dotaknuli habit, poljubili ruku ili \u201eizmamili\u201c blagoslov.<\/p>\n","protected":false},"excerpt":{"rendered":"<p>Autor: Maria Winowska Opseg: 208 stranica Format: 13,5 x 20 cm Uvez: meki Pred zatvorenim crkvenim vratima stoji zbijena i pozorna gomila. Oni koji su bli\u017ee izvje\u0161\u0107uju ostale: \u201e\u010cujem zveket klju\u010deva!\u201c U isti mah mno\u0161tvo je pohrlilo prema crkvi. Vrata su se otvorila\u2026 Kao da je brana popustila. Zaprepa\u0161tena, izgurana, izga\u017eena\u2026 zgnje\u010dena, zaostala sam daleko [&hellip;]<\/p>\n","protected":false},"featured_media":72,"comment_status":"open","ping_status":"closed","template":"","meta":{"powered_cache_disable_cache":false,"powered_cache_disable_lazyload":false},"product_brand":[],"product_cat":[6],"product_tag":[],"class_list":{"0":"post-71","1":"product","2":"type-product","3":"status-publish","4":"has-post-thumbnail","6":"product_cat-duhovna-izdanja","8":"first","9":"instock","10":"shipping-taxable","11":"purchasable","12":"product-type-simple"},"_links":{"self":[{"href":"https:\/\/naklada-benedikta.hr\/index.php\/wp-json\/wp\/v2\/product\/71","targetHints":{"allow":["GET"]}}],"collection":[{"href":"https:\/\/naklada-benedikta.hr\/index.php\/wp-json\/wp\/v2\/product"}],"about":[{"href":"https:\/\/naklada-benedikta.hr\/index.php\/wp-json\/wp\/v2\/types\/product"}],"replies":[{"embeddable":true,"href":"https:\/\/naklada-benedikta.hr\/index.php\/wp-json\/wp\/v2\/comments?post=71"}],"wp:featuredmedia":[{"embeddable":true,"href":"https:\/\/naklada-benedikta.hr\/index.php\/wp-json\/wp\/v2\/media\/72"}],"wp:attachment":[{"href":"https:\/\/naklada-benedikta.hr\/index.php\/wp-json\/wp\/v2\/media?parent=71"}],"wp:term":[{"taxonomy":"product_brand","embeddable":true,"href":"https:\/\/naklada-benedikta.hr\/index.php\/wp-json\/wp\/v2\/product_brand?post=71"},{"taxonomy":"product_cat","embeddable":true,"href":"https:\/\/naklada-benedikta.hr\/index.php\/wp-json\/wp\/v2\/product_cat?post=71"},{"taxonomy":"product_tag","embeddable":true,"href":"https:\/\/naklada-benedikta.hr\/index.php\/wp-json\/wp\/v2\/product_tag?post=71"}],"curies":[{"name":"wp","href":"https:\/\/api.w.org\/{rel}","templated":true}]}}