{"id":675,"date":"2021-07-10T12:02:38","date_gmt":"2021-07-10T12:02:38","guid":{"rendered":"http:\/\/naklada-benedikta.hr\/?post_type=product&#038;p=675"},"modified":"2025-04-13T18:40:46","modified_gmt":"2025-04-13T17:40:46","slug":"oduprimo-se-demonopedagogiji-danasnjice","status":"publish","type":"product","link":"https:\/\/naklada-benedikta.hr\/index.php\/product\/oduprimo-se-demonopedagogiji-danasnjice\/","title":{"rendered":"Oduprimo se demonopedagogiji dana\u0161njice"},"content":{"rendered":"<p><strong>Naslov: Oduprimo se demonopedagogiji dana\u0161njice<\/strong><strong><br \/>\n<\/strong><strong>Priredio: prof. dr. Zlatko Mili\u0161a<br \/>\n<\/strong><strong>Format: 155&#215;230 mm<\/strong><br \/>\n<strong> Opseg: 336 stranica<\/strong><br \/>\n<strong> Uvez: meki<\/strong><\/p>\n<p>&nbsp;<\/p>\n<div>\n<div class=\"pybr56ya dati1w0a hv4rvrfc n851cfcs btwxx1t3 j83agx80 ll8tlv6m\">\n<div class=\"buofh1pr\">\n<div class=\"j83agx80 cbu4d94t ew0dbk1b irj2b8pg\">\n<div class=\"qzhwtbm6 knvmm38d\">\n<div class=\"nc684nl6\">Samo su veliki mislitelji uvidjeli antropolo\u0161ku odrednicu snage i mo\u0107i la\u017ei i obmana u ljudskom rodu. Osim njih, i svjetski priznati psihoterapeuti otkrivaju da ljudi radije \u017eive u lagodi svojih obmana, nego u nelagodi svjetla (reflektora) istine\u2026<br \/>\nSebeljublje i nedostatak empatije suvremene su svjetske opasnosti. Osobito je opasan trend da nam djeca i mladi postaju opsjednuti stvarima, novcem ili slavom. S virusom amerikanizirane fast food obitelji imamo obiteljski \u017eivot gdje uku\u0107ani \u017eive jedni pokraj drugih, a ne jedni s drugima\u2026<br \/>\nPut u propast ima svoj scenarij kada se \u010dovjek \u201enavikava na to da gleda kako se \u010dini zlo, da ga propu\u0161ta, potom odobrava, a na kraju ga i sam \u010dini\u201c (H. de Balzac)\u2026<br \/>\nMoramo ustati protiv diktature relativizma, u kojoj je kapital iznad \u010dovjeka. Kada se oslobodimo diktature radikalnog moralnog relativizma, defetizma, konzumerizma, ovisnosti o medijima i la\u017ei s kojima \u017eivimo, to \u0107e biti prvi znak da izlazimo iz ralja upravljanog kaosa\u2026<br \/>\nHo\u0107emo li se pomaknuti s mjesta ili nijemo promatrati sve \u0161to nam se doga\u0111a? Sre\u0107a i nesre\u0107a u \u017eivotu manje ovise o tome \u0161to nam se doga\u0111a, a vi\u0161e o na\u010dinu na koji reagiramo\u2026<\/div>\n<\/div>\n<\/div>\n<\/div>\n<\/div>\n<\/div>\n<p>&nbsp;<\/p>\n<p>&nbsp;<\/p>\n<p>&nbsp;<\/p>\n","protected":false},"excerpt":{"rendered":"<p>Naslov: Oduprimo se demonopedagogiji dana\u0161njice Priredio: prof. dr. Zlatko Mili\u0161a Format: 155&#215;230 mm Opseg: 336 stranica Uvez: meki &nbsp; Samo su veliki mislitelji uvidjeli antropolo\u0161ku odrednicu snage i mo\u0107i la\u017ei i obmana u ljudskom rodu. Osim njih, i svjetski priznati psihoterapeuti otkrivaju da ljudi radije \u017eive u lagodi svojih obmana, nego u nelagodi svjetla (reflektora) [&hellip;]<\/p>\n","protected":false},"featured_media":676,"comment_status":"open","ping_status":"closed","template":"","meta":{"powered_cache_disable_cache":false,"powered_cache_disable_lazyload":false},"product_brand":[],"product_cat":[7],"product_tag":[],"class_list":{"0":"post-675","1":"product","2":"type-product","3":"status-publish","4":"has-post-thumbnail","6":"product_cat-posebna-izdanja","8":"first","9":"instock","10":"shipping-taxable","11":"purchasable","12":"product-type-simple"},"_links":{"self":[{"href":"https:\/\/naklada-benedikta.hr\/index.php\/wp-json\/wp\/v2\/product\/675","targetHints":{"allow":["GET"]}}],"collection":[{"href":"https:\/\/naklada-benedikta.hr\/index.php\/wp-json\/wp\/v2\/product"}],"about":[{"href":"https:\/\/naklada-benedikta.hr\/index.php\/wp-json\/wp\/v2\/types\/product"}],"replies":[{"embeddable":true,"href":"https:\/\/naklada-benedikta.hr\/index.php\/wp-json\/wp\/v2\/comments?post=675"}],"wp:featuredmedia":[{"embeddable":true,"href":"https:\/\/naklada-benedikta.hr\/index.php\/wp-json\/wp\/v2\/media\/676"}],"wp:attachment":[{"href":"https:\/\/naklada-benedikta.hr\/index.php\/wp-json\/wp\/v2\/media?parent=675"}],"wp:term":[{"taxonomy":"product_brand","embeddable":true,"href":"https:\/\/naklada-benedikta.hr\/index.php\/wp-json\/wp\/v2\/product_brand?post=675"},{"taxonomy":"product_cat","embeddable":true,"href":"https:\/\/naklada-benedikta.hr\/index.php\/wp-json\/wp\/v2\/product_cat?post=675"},{"taxonomy":"product_tag","embeddable":true,"href":"https:\/\/naklada-benedikta.hr\/index.php\/wp-json\/wp\/v2\/product_tag?post=675"}],"curies":[{"name":"wp","href":"https:\/\/api.w.org\/{rel}","templated":true}]}}