{"id":67,"date":"2013-04-26T00:33:10","date_gmt":"2013-04-26T00:33:10","guid":{"rendered":"http:\/\/naklada-benedikta.hr\/?post_type=product&#038;p=67"},"modified":"2018-12-03T04:09:46","modified_gmt":"2018-12-03T04:09:46","slug":"otajstveni-bog","status":"publish","type":"product","link":"https:\/\/naklada-benedikta.hr\/index.php\/product\/otajstveni-bog\/","title":{"rendered":"Otajstveni Bog"},"content":{"rendered":"<p><strong>Podnaslov: Odredbe, smjernice i savjeti za Karizmatsku obnovu<\/strong><br \/>\n<strong>Autor: Jose Antonio Fortes<\/strong><br \/>\n<strong>Opseg: 124 stranice<\/strong><br \/>\n<strong>Format: 13 x 19 cm<\/strong><br \/>\n<strong>Uvez: meki<\/strong><\/p>\n<p>Dugi niz godina na pitanje jesam li karizmatik moj je kategori\u010dki odgovor bio: Ne! No, dogodilo se ne\u0161to \u0161to nije bilo u mojim planovima \u2013 dobio sam dar jezika. Bog mi je u svome ironi\u010dnom postupanju dao upravo onaj dar za koji nisam osje\u0107ao ama ba\u0161 nikakav interes\u2026 No, sada mogu sasvim jasno re\u0107i da ne postoji ni\u0161ta kao \u0161to je osjetiti djelovanje Duha Svetoga u nutrini. Mnogo je onih koji ismijavaju karizmatike, i ja imam razumijevanja za te ljude. Mo\u017eete se rugati koliko god ho\u0107ete, ali Bog \u010dini \u0161to ho\u0107e i kako ho\u0107e. Ne zaboravite nikada da slu\u017eimo otajstvenom Bogu. Bog se ne mora podvrgavati onome \u0161to mi mislimo da je ispravno\u2026 Mnogi\u2026misle da su (karizmatici) ludi, siroti ljudi koji su op\u010dinjeni&#8230; Da, da, imaju pravo, ali slijepci gledaju, gluhi \u010duju, uzeti ustaju\u2026 Prema aplauzu svijeta moramo biti potpuno ravnodu\u0161ni.Onaj tko je osjetio koliko je prisutnost Paraklita u ovoj vrsti zajednica stvarna, osje\u0107a dovoljnu utjehu da se ne mora zabrinjavati onime \u0161to \u0107e re\u0107i oni koji nemaju iskustvo izlijevanja Duha Svetoga. Tra\u017eimo Boga, samo Boga, i gotovo. Zaboravimo po\u0161tovanje. \u017delimo li biti po\u0161tovani ili \u017eelimo Duhu Svetome ostaviti slobodne ruke da s nama \u010dini \u0161to ga volja?<br \/>\nAutor<\/p>\n","protected":false},"excerpt":{"rendered":"<p>Podnaslov: Odredbe, smjernice i savjeti za Karizmatsku obnovu Autor: Jose Antonio Fortes Opseg: 124 stranice Format: 13 x 19 cm Uvez: meki Dugi niz godina na pitanje jesam li karizmatik moj je kategori\u010dki odgovor bio: Ne! No, dogodilo se ne\u0161to \u0161to nije bilo u mojim planovima \u2013 dobio sam dar jezika. Bog mi je u [&hellip;]<\/p>\n","protected":false},"featured_media":68,"comment_status":"open","ping_status":"closed","template":"","meta":{"powered_cache_disable_cache":false,"powered_cache_disable_lazyload":false},"product_brand":[],"product_cat":[6],"product_tag":[],"class_list":{"0":"post-67","1":"product","2":"type-product","3":"status-publish","4":"has-post-thumbnail","6":"product_cat-duhovna-izdanja","8":"first","9":"instock","10":"shipping-taxable","11":"purchasable","12":"product-type-simple"},"_links":{"self":[{"href":"https:\/\/naklada-benedikta.hr\/index.php\/wp-json\/wp\/v2\/product\/67","targetHints":{"allow":["GET"]}}],"collection":[{"href":"https:\/\/naklada-benedikta.hr\/index.php\/wp-json\/wp\/v2\/product"}],"about":[{"href":"https:\/\/naklada-benedikta.hr\/index.php\/wp-json\/wp\/v2\/types\/product"}],"replies":[{"embeddable":true,"href":"https:\/\/naklada-benedikta.hr\/index.php\/wp-json\/wp\/v2\/comments?post=67"}],"wp:featuredmedia":[{"embeddable":true,"href":"https:\/\/naklada-benedikta.hr\/index.php\/wp-json\/wp\/v2\/media\/68"}],"wp:attachment":[{"href":"https:\/\/naklada-benedikta.hr\/index.php\/wp-json\/wp\/v2\/media?parent=67"}],"wp:term":[{"taxonomy":"product_brand","embeddable":true,"href":"https:\/\/naklada-benedikta.hr\/index.php\/wp-json\/wp\/v2\/product_brand?post=67"},{"taxonomy":"product_cat","embeddable":true,"href":"https:\/\/naklada-benedikta.hr\/index.php\/wp-json\/wp\/v2\/product_cat?post=67"},{"taxonomy":"product_tag","embeddable":true,"href":"https:\/\/naklada-benedikta.hr\/index.php\/wp-json\/wp\/v2\/product_tag?post=67"}],"curies":[{"name":"wp","href":"https:\/\/api.w.org\/{rel}","templated":true}]}}