{"id":65,"date":"2013-05-25T00:30:56","date_gmt":"2013-05-25T00:30:56","guid":{"rendered":"http:\/\/naklada-benedikta.hr\/?post_type=product&#038;p=65"},"modified":"2023-08-17T09:27:24","modified_gmt":"2023-08-17T08:27:24","slug":"spasenje-dolazi-od-zidova","status":"publish","type":"product","link":"https:\/\/naklada-benedikta.hr\/index.php\/product\/spasenje-dolazi-od-zidova\/","title":{"rendered":"Spasenje dolazi od \u017didova"},"content":{"rendered":"<p><strong>Podnaslov: Uloga \u017eidovstva u povijesti spasenja od Abrahama do drugog dolaska<\/strong><br \/>\n<strong>Autor: Roy Schoeman<\/strong><br \/>\n<strong>Opseg: 356 stranica<\/strong><br \/>\n<strong>Format: 13,5 x 20 cm<\/strong><br \/>\n<strong>Uvez: meki<\/strong><\/p>\n<p>Ova knjiga govori o ulozi \u017eidovstva i \u017eidovskog naroda u Bo\u017ejemu planu spasenja \u010dovje\u010danstva, od Abrahama do drugog dolaska, kako je otkrivaju katoli\u010dka vjera i temeljito ispitivanje povijesti. Ona \u0107e i \u017didovima i kr\u0161\u0107anima omogu\u0107iti dublje razumijevanje \u017eidovstva, i kao religije i kao sredi\u0161nje komponente povijesti spasenja.<br \/>\nKnjiga istra\u017euje jedinstvenu i sredi\u0161nju ulogu \u017eidovstva u sudbini svijeta i dokumentira da napadi na \u017didove i \u017eidovstvo tijekom cijele povijesti nisu bili ukorijenjeni u kr\u0161\u0107anstvu nego u onim silama koje su naj\u017ee\u0161\u0107i neprijatelji kr\u0161\u0107anstva.<br \/>\nOva knjiga duboko doti\u010de, izme\u0111u ostalih, i ova podru\u010dja: mesijanska proro\u010danstva u Starom zavjetu, istinske protukr\u0161\u0107anske korijene nacisti\u010dkog antisemitizma, poveznice izme\u0111u nacizma i arapskog antisemitizma, teolo\u0161ke spoznaje poznatih \u017didova koji su se obratili na katoli\u010danstvo i ulogu \u017didova u Isusovu drugom dolasku.<\/p>\n<p>\u201eJeste li zbunjeni kontroverzama, novim i starim, o sudbini \u017eidovskoga naroda? Pro\u010ditajte ovu knjigu, koju je napisao jedan \u017didov koji je postao katolik, pa \u0107ete prona\u0107i dobro napisano, izazovno i potpuno novo obja\u0161njenje. U njoj ima odgovora koje ve\u0107ina ljudi nije nikada \u010dula.\u201cDr. Ronda Chervin, \u017didovkinja-katolkinja<\/p>\n<p>\u201eKnjiga koju moraju pro\u010ditati i \u017didovi i ne\u017eidovi. Ona prati odnos izme\u0111u \u017eidovstva i kr\u0161\u0107anstva i omogu\u0107uje \u010ditateljima bolje razumijevanje Svetoga pisma od po\u010detaka \u017eidovskoga naroda, te ispituje povijesnu istinitost proro\u010danstava o dolasku Mesije i u Starom zavjetu i u Talmudu.\u201cSestra Margherita Marchione,autorica knjige Pope Pius XII: Architect of Peace(Papa Pio XII. \u2013 graditelj mira)<\/p>\n<p>\u201eShoeman objedinjuje \u010dudesna naga\u0111anja o stalnoj ulozi \u017didova u svjetlu Holokausta, dr\u017eave Izrael, islama i drugog dolaska. Ovo je va\u017ena knjiga zbog spoznaja koje daje i zbog rasprava koje \u0107e potaknuti.\u201cDavid Moss, predsjednikUdru\u017eenja \u017eidovskih katolika<\/p>\n<p>Roy Shoeman odrastao je u\u010de\u0107i judaizam od najistaknutijih ameri\u010dkih rabina. Nakon \u0161to je zavr\u0161io studij na MIT-u (Massachussetts Institute of Technology) i magistrirao na Poslovnom fakultetau Sveu\u010dili\u0161ta Harvard (Harvard Business School), predavao je na Harvardu. Njegovo obra\u0107enje na katoli\u010danstvo potaknulo je korjenitu promjenu njegovih aktivnosti. Danas vodi jednu katoli\u010dku TV emisiju, prou\u010dava vjerske teme i pi\u0161e o njima.<\/p>\n","protected":false},"excerpt":{"rendered":"<p>Podnaslov: Uloga \u017eidovstva u povijesti spasenja od Abrahama do drugog dolaska Autor: Roy Schoeman Opseg: 356 stranica Format: 13,5 x 20 cm Uvez: meki Ova knjiga govori o ulozi \u017eidovstva i \u017eidovskog naroda u Bo\u017ejemu planu spasenja \u010dovje\u010danstva, od Abrahama do drugog dolaska, kako je otkrivaju katoli\u010dka vjera i temeljito ispitivanje povijesti. Ona \u0107e i [&hellip;]<\/p>\n","protected":false},"featured_media":66,"comment_status":"open","ping_status":"closed","template":"","meta":{"powered_cache_disable_cache":false,"powered_cache_disable_lazyload":false},"product_brand":[],"product_cat":[6],"product_tag":[],"class_list":{"0":"post-65","1":"product","2":"type-product","3":"status-publish","4":"has-post-thumbnail","6":"product_cat-duhovna-izdanja","8":"first","9":"instock","10":"shipping-taxable","11":"purchasable","12":"product-type-simple"},"_links":{"self":[{"href":"https:\/\/naklada-benedikta.hr\/index.php\/wp-json\/wp\/v2\/product\/65","targetHints":{"allow":["GET"]}}],"collection":[{"href":"https:\/\/naklada-benedikta.hr\/index.php\/wp-json\/wp\/v2\/product"}],"about":[{"href":"https:\/\/naklada-benedikta.hr\/index.php\/wp-json\/wp\/v2\/types\/product"}],"replies":[{"embeddable":true,"href":"https:\/\/naklada-benedikta.hr\/index.php\/wp-json\/wp\/v2\/comments?post=65"}],"wp:featuredmedia":[{"embeddable":true,"href":"https:\/\/naklada-benedikta.hr\/index.php\/wp-json\/wp\/v2\/media\/66"}],"wp:attachment":[{"href":"https:\/\/naklada-benedikta.hr\/index.php\/wp-json\/wp\/v2\/media?parent=65"}],"wp:term":[{"taxonomy":"product_brand","embeddable":true,"href":"https:\/\/naklada-benedikta.hr\/index.php\/wp-json\/wp\/v2\/product_brand?post=65"},{"taxonomy":"product_cat","embeddable":true,"href":"https:\/\/naklada-benedikta.hr\/index.php\/wp-json\/wp\/v2\/product_cat?post=65"},{"taxonomy":"product_tag","embeddable":true,"href":"https:\/\/naklada-benedikta.hr\/index.php\/wp-json\/wp\/v2\/product_tag?post=65"}],"curies":[{"name":"wp","href":"https:\/\/api.w.org\/{rel}","templated":true}]}}