{"id":632,"date":"2021-03-03T18:14:07","date_gmt":"2021-03-03T18:14:07","guid":{"rendered":"http:\/\/naklada-benedikta.hr\/?post_type=product&#038;p=632"},"modified":"2025-11-25T21:53:05","modified_gmt":"2025-11-25T20:53:05","slug":"posveta-svetom-josipu","status":"publish","type":"product","link":"https:\/\/naklada-benedikta.hr\/index.php\/product\/posveta-svetom-josipu\/","title":{"rendered":"Posveta svetom Josipu"},"content":{"rendered":"<p><strong>Naslov: Posveta svetom Josipu<\/strong><br \/>\n<strong>Podnaslov: \u010cuda na\u0161ega duhovnog oca<br \/>\n<\/strong><strong>Priredio: otac Donald H. Calloway, MIC<br \/>\n<\/strong><strong>Format: 15,2 x 22,3 cm<\/strong><br \/>\n<strong> Opseg: 440 stranica (od toga 10 slika u boji)<\/strong><br \/>\n<strong> Uvez: tvrdi<br \/>\nPokazna vrpca<\/strong><\/p>\n<p>Knjiga Posveta svetom Josipu objavljena je u izvorniku 2020. godine, o 150. obljetnici progla\u0161enja svetog Josipa za\u0161titnikom Katoli\u010dke crkve. U hrvatskoj je objavljena o 334. obljetnici progla\u0161enja svetog Josipa za\u0161titnikom Hrvatskog Kraljevstva i hrvatskog naroda (odlukom Hrvatskoga sabora).<br \/>\nOva \u0107e knjiga \u010ditateljima otkriti pravu veli\u010dinu svetog Josipa, sveca nad svim svecima, a jedini izuzetak je Isusov Majka, Bla\u017eena Djevica Marija, kao i \u010dinjenicu da je sveti Josip na\u0161 duhovni otac, jednako kao \u0161to je Bla\u017eena Djevica Marija na\u0161a duhovna Majka, te da je on na\u0161 zagovornik na Nebu kojemu njegov posinak Isus jednostavno ne mo\u017ee odbiti nijednu molbu.<br \/>\n\u010citaju\u0107i ovu knjigu postajemo svjesni kakvog i kolikog zagovornika imamo pred prijestoljem Bo\u017ejim.<\/p>\n<p style=\"text-align: center;\"><strong>\u010cin Posvete svetom Josipu<\/strong><br \/>\n<em>Napisao sv. Bernardin Sijenski<\/em><\/p>\n<p style=\"text-align: left;\">Ljubljeni sveti Josipe, uzmi me za svoje dijete. Pobrini se za moje spasenje. Bdij nada mnom dan i no\u0107. O\u010duvaj me od grje\u0161nih prigoda. Izmoli mi \u010disto\u0107u tijela. Svojim zagovorom pred Isusom isprosi mi duh \u017ertve, poniznosti, samoodricanja, goru\u0107e ljubavi prema Isusu u Presvetom Oltarskom Sakramentu, slatku i nje\u017enu ljubav prema Mariji, mojoj Majci.<br \/>\nSveti Josipe, budi sa mnom dok \u017eivim, budi sa mnom kada budem umirao i isprosi mi povoljan sud od Isusa, moga milosrdnog Spasitelja. Amen.<\/p>\n<p><strong>Godine 1687. Hrvatski je sabor proglasio svetog Josipa za\u0161titnikom Hrvatskog Kraljevstva i hrvatskog naroda.<\/strong><\/p>\n<p><strong>A koliko dugo Hrvati \u0161tuju svetoga Josipa dokazuje sljede\u0107i dokument.<\/strong><br \/>\n<em><strong>Vlada Dubrova\u010dke Republike na svome zasjedanju od 19. o\u017eujka 1521. godine donijela je ovu odluku:<\/strong><\/em><\/p>\n<p>\u201eUnaprijed za sva vremena u na\u0161emu gradu neka se svake godine opslu\u017euje i mora obdr\u017eavati sveti blagdan slavnoga sv. Josipa, zaru\u010dnika Djevice Marije, Majke Gospodina na\u0161ega Isusa Krista, koji se \u0161tuje 19. o\u017eujka. Toga dana neka se ne otvaraju trgovine i neka se ni\u0161ta ne radi. Umoljava se\u2026 zamjenik\u2026 nadbiskupa da svojom redovitom vla\u0161\u0107u oglasi da \u0107e se slaviti spomenuti blagdan, koji se mora obdr\u017eavati pobo\u017eno i smjerno\u2026 kako se slave zapovjedni blagdani Rimske Crkve, i to zbog po\u0161tovanja prema tome velikom Bo\u017ejem Svetcu, kako bi se tim svetim \u010da\u0161\u0107enjem po zagovora slavnoga Svetca na\u0161 Grad imao pravo nadati ve\u0107emu zagovoru kod Boga te iz dana u dan postizao Bo\u017eje milosr\u0111e.\u201c<\/p>\n<p style=\"text-align: right;\">Povijesni arhiv u Dubrovniku<br \/>\nActa Consilii Rogatorum, tom III, pag. 33<\/p>\n<p>Knjiga sadr\u017ei i popis najve\u0107ih svjetskih sveti\u0161ta posve\u0107enih svetom Josipu, a za hrvatske \u010ditatelje dodan je i popis sveti\u0161ta i crkava posve\u0107enih svetom Josipu, u Hrvatskoj i na drugim podru\u010djima na kojima \u017eive Hrvati.<\/p>\n<p><strong>\u00a0U Medijima:<\/strong><\/p>\n<p><a href=\"https:\/\/www.facebook.com\/story.php?story_fbid=248713393545419&amp;id=1801132283501299\"><strong><img decoding=\"async\" class=\"alignnone wp-image-660\" src=\"http:\/\/naklada-benedikta.hr\/wp-content\/uploads\/2021\/03\/Facebook-logo.png\" alt=\"\" width=\"30\" height=\"21\" srcset=\"https:\/\/naklada-benedikta.hr\/wp-content\/uploads\/2021\/03\/Facebook-logo.png 2000w, https:\/\/naklada-benedikta.hr\/wp-content\/uploads\/2021\/03\/Facebook-logo-275x193.png 275w, https:\/\/naklada-benedikta.hr\/wp-content\/uploads\/2021\/03\/Facebook-logo-64x45.png 64w, https:\/\/naklada-benedikta.hr\/wp-content\/uploads\/2021\/03\/Facebook-logo-300x210.png 300w, https:\/\/naklada-benedikta.hr\/wp-content\/uploads\/2021\/03\/Facebook-logo-768x538.png 768w, https:\/\/naklada-benedikta.hr\/wp-content\/uploads\/2021\/03\/Facebook-logo-1024x717.png 1024w, https:\/\/naklada-benedikta.hr\/wp-content\/uploads\/2021\/03\/Facebook-logo-172x120.png 172w\" sizes=\"(max-width: 30px) 100vw, 30px\" \/>Facebook stranica \u017dupa Obrovac i Medvi\u0111a &#8211;\u00a0 Predstavljanje knjige &#8220;POSVETA SVETOM JOSIPU &#8211; \u010cuda na\u0161eg duhovnog oca&#8221; autor: otac Donald H. Calloway<\/strong><\/a><\/p>\n<p><iframe class=\"wp-embedded-content\" sandbox=\"allow-scripts\" security=\"restricted\" title=\"&#8220;Predstavljena knjiga o. Donalda H. Callowaya &#8220;Posveta svetom Josipu. \u010cuda na\u0161ega duhovnog oca&#8221;&#8221; &#8212; IKA\" src=\"https:\/\/ika.hkm.hr\/novosti\/predstavljena-knjiga-o-donalda-h-callowaya-posveta-svetom-josipu-cuda-nasega-duhovnog-oca\/embed\/#?secret=S60KLlGQam\" data-secret=\"S60KLlGQam\" width=\"600\" height=\"338\" frameborder=\"0\" marginwidth=\"0\" marginheight=\"0\" scrolling=\"no\"><\/iframe><\/p>\n<p><iframe class=\"wp-embedded-content\" sandbox=\"allow-scripts\" security=\"restricted\" title=\"&#8220;Kad ima\u0161 puno problema &#8211; idi sv. Josipu, on \u0107e ti pomo\u0107i!&#8221; &#8212; HKM\" src=\"https:\/\/hkm.hr\/vjera\/kad-imas-puno-problema-idi-sv-josipu-on-ce-ti-pomoci\/embed\/#?secret=Er4iqwNnOz\" data-secret=\"Er4iqwNnOz\" width=\"600\" height=\"338\" frameborder=\"0\" marginwidth=\"0\" marginheight=\"0\" scrolling=\"no\"><\/iframe><\/p>\n<p><iframe class=\"wp-embedded-content\" sandbox=\"allow-scripts\" security=\"restricted\" title=\"&#8220;Poruka o. Donalda H. Callowaya, autora knjige &#8216;Posveta Svetom Josipu&#8217; iz Obrovca&#8221; &#8212; IKA\" src=\"https:\/\/ika.hkm.hr\/novosti\/u-obrovcu-predstavljena-knjiga-posveta-svetom-josipu-cuda-nasega-duhovnog-oca\/embed\/#?secret=TPVl9qCzxf\" data-secret=\"TPVl9qCzxf\" width=\"600\" height=\"338\" frameborder=\"0\" marginwidth=\"0\" marginheight=\"0\" scrolling=\"no\"><\/iframe><\/p>\n<div>\n<div class=\"pybr56ya dati1w0a hv4rvrfc n851cfcs btwxx1t3 j83agx80 ll8tlv6m\">\n<div class=\"buofh1pr\">\n<div class=\"j83agx80 cbu4d94t ew0dbk1b irj2b8pg\">\n<div class=\"qzhwtbm6 knvmm38d\">\n<div class=\"nc684nl6\"><\/div>\n<\/div>\n<\/div>\n<\/div>\n<\/div>\n<\/div>\n<p><iframe class=\"wp-embedded-content\" sandbox=\"allow-scripts\" security=\"restricted\" title=\"&#8220;OBROVAC \u010cak 40 obitelji u ovom malom mjestu posvetilo se sv. Josipu&#8221; &#8212; HKM\" src=\"https:\/\/hkm.hr\/duhovnost\/obrovac-cak-40-obitelji-u-ovom-malom-mjestu-posvetilo-se-sv-josipu\/embed\/#?secret=oeJD1FKj6K\" data-secret=\"oeJD1FKj6K\" width=\"600\" height=\"338\" frameborder=\"0\" marginwidth=\"0\" marginheight=\"0\" scrolling=\"no\"><\/iframe><\/p>\n<p><a href=\"https:\/\/soundcloud.com\/hrvatska-katolicka-mreza\/aktualno-u-1115-29062\">Emisija o knjizi \u201ePosveta svetom Josipu\u201c &#8211; Hrvatski katoli\u010dki radio<\/a><\/p>\n<p>&nbsp;<\/p>\n<p>&nbsp;<\/p>\n","protected":false},"excerpt":{"rendered":"<p>Naslov: Posveta svetom Josipu Podnaslov: \u010cuda na\u0161ega duhovnog oca Priredio: otac Donald H. Calloway, MIC Format: 15,2 x 22,3 cm Opseg: 440 stranica (od toga 10 slika u boji) Uvez: tvrdi Pokazna vrpca Knjiga Posveta svetom Josipu objavljena je u izvorniku 2020. godine, o 150. obljetnici progla\u0161enja svetog Josipa za\u0161titnikom Katoli\u010dke crkve. U hrvatskoj je [&hellip;]<\/p>\n","protected":false},"featured_media":633,"comment_status":"open","ping_status":"closed","template":"","meta":{"powered_cache_disable_cache":false,"powered_cache_disable_lazyload":false},"product_brand":[],"product_cat":[6],"product_tag":[],"class_list":{"0":"post-632","1":"product","2":"type-product","3":"status-publish","4":"has-post-thumbnail","6":"product_cat-duhovna-izdanja","8":"first","9":"instock","10":"shipping-taxable","11":"purchasable","12":"product-type-simple"},"_links":{"self":[{"href":"https:\/\/naklada-benedikta.hr\/index.php\/wp-json\/wp\/v2\/product\/632","targetHints":{"allow":["GET"]}}],"collection":[{"href":"https:\/\/naklada-benedikta.hr\/index.php\/wp-json\/wp\/v2\/product"}],"about":[{"href":"https:\/\/naklada-benedikta.hr\/index.php\/wp-json\/wp\/v2\/types\/product"}],"replies":[{"embeddable":true,"href":"https:\/\/naklada-benedikta.hr\/index.php\/wp-json\/wp\/v2\/comments?post=632"}],"wp:featuredmedia":[{"embeddable":true,"href":"https:\/\/naklada-benedikta.hr\/index.php\/wp-json\/wp\/v2\/media\/633"}],"wp:attachment":[{"href":"https:\/\/naklada-benedikta.hr\/index.php\/wp-json\/wp\/v2\/media?parent=632"}],"wp:term":[{"taxonomy":"product_brand","embeddable":true,"href":"https:\/\/naklada-benedikta.hr\/index.php\/wp-json\/wp\/v2\/product_brand?post=632"},{"taxonomy":"product_cat","embeddable":true,"href":"https:\/\/naklada-benedikta.hr\/index.php\/wp-json\/wp\/v2\/product_cat?post=632"},{"taxonomy":"product_tag","embeddable":true,"href":"https:\/\/naklada-benedikta.hr\/index.php\/wp-json\/wp\/v2\/product_tag?post=632"}],"curies":[{"name":"wp","href":"https:\/\/api.w.org\/{rel}","templated":true}]}}