{"id":630,"date":"2021-02-15T22:54:54","date_gmt":"2021-02-15T22:54:54","guid":{"rendered":"http:\/\/naklada-benedikta.hr\/?post_type=product&#038;p=630"},"modified":"2025-04-11T09:28:11","modified_gmt":"2025-04-11T08:28:11","slug":"svet-iz-ljubavi-za-ljubav-krizni-put","status":"publish","type":"product","link":"https:\/\/naklada-benedikta.hr\/index.php\/product\/svet-iz-ljubavi-za-ljubav-krizni-put\/","title":{"rendered":"SVE IZ LJUBAVI ZA LJUBAV \u2013 KRI\u017dNI PUT"},"content":{"rendered":"<p><strong>Naslov: Sve iz ljubavi za ljubav<\/strong><br \/>\n<strong>Podnaslov: Kri\u017eni put<br \/>\n<\/strong><strong>Priredio: Jozefina Glasnovi\u0107<br \/>\n<\/strong><strong>Format: 12 x 18,5 cm<\/strong><br \/>\n<strong> Opseg: 80 stranica<\/strong><br \/>\n<strong> Uvez: tvrdi<\/strong><\/p>\n<p>&nbsp;<\/p>\n<p>Na stranicama ovoga originalnog Kri\u017enoga puta na\u0107i \u0107emo iznimno nadahnute poticaje i upute kako plodno nositi vlastiti kri\u017e, kako razumjeti njegovu dragocjenost, kako se odnositi prema kri\u017eu kao nu\u017enom sredstvu vlastitoga spasenja i posve\u0107enja, te spasenja i posve\u0107enja drugih ljudi. A posebno \u0107emo na\u0107i poticaje na ljubav prema progoniteljima i neprijateljima, u duhu Evan\u0111elja.<br \/>\nVrijednost i posebnost ovoga Kri\u017enoga puta jest u tome \u0161to je nastao iz nutarnjega misti\u010dnog iskustva ljubavi i patnje, progonstva i boli same autorice Jozefine Glasnovi\u0107.<br \/>\nNastao je odabirom iz nadahnutih spisa koje je Jozefina posljednjih dvadesetak godina napisala. A rije\u010d je o misti\u010dnim spisima od preko dvije tisu\u0107e stranica. Iz tih brojnih, Duhom Bo\u017ejim nadahnutih duhovnih sadr\u017eaja, Slu\u017ebenice Euharistijskog Srca Isusova i Marijina OMNIA DEO izdvojile su pone\u0161to \u0161to bi se tematski moglo rasporediti i uobli\u010diti u postaje Kri\u017enoga puta.<br \/>\nOd srca preporu\u010dam ovaj Kri\u017eni put svima koji \u017eele dublje uroniti u otajstvo nevine patnje, u otajstvo kri\u017ea, u otajstvo suradnje s Bogom na planu spasenja svijeta.<\/p>\n<p>(Don Josip Radi\u0107, Iz Predgovora)<\/p>\n","protected":false},"excerpt":{"rendered":"<p>Naslov: Sve iz ljubavi za ljubav Podnaslov: Kri\u017eni put Priredio: Jozefina Glasnovi\u0107 Format: 12 x 18,5 cm Opseg: 80 stranica Uvez: tvrdi &nbsp; Na stranicama ovoga originalnog Kri\u017enoga puta na\u0107i \u0107emo iznimno nadahnute poticaje i upute kako plodno nositi vlastiti kri\u017e, kako razumjeti njegovu dragocjenost, kako se odnositi prema kri\u017eu kao nu\u017enom sredstvu vlastitoga spasenja [&hellip;]<\/p>\n","protected":false},"featured_media":631,"comment_status":"open","ping_status":"closed","template":"","meta":{"powered_cache_disable_cache":false,"powered_cache_disable_lazyload":false},"product_brand":[],"product_cat":[6],"product_tag":[],"class_list":{"0":"post-630","1":"product","2":"type-product","3":"status-publish","4":"has-post-thumbnail","6":"product_cat-duhovna-izdanja","8":"first","9":"outofstock","10":"shipping-taxable","11":"purchasable","12":"product-type-simple"},"_links":{"self":[{"href":"https:\/\/naklada-benedikta.hr\/index.php\/wp-json\/wp\/v2\/product\/630","targetHints":{"allow":["GET"]}}],"collection":[{"href":"https:\/\/naklada-benedikta.hr\/index.php\/wp-json\/wp\/v2\/product"}],"about":[{"href":"https:\/\/naklada-benedikta.hr\/index.php\/wp-json\/wp\/v2\/types\/product"}],"replies":[{"embeddable":true,"href":"https:\/\/naklada-benedikta.hr\/index.php\/wp-json\/wp\/v2\/comments?post=630"}],"wp:featuredmedia":[{"embeddable":true,"href":"https:\/\/naklada-benedikta.hr\/index.php\/wp-json\/wp\/v2\/media\/631"}],"wp:attachment":[{"href":"https:\/\/naklada-benedikta.hr\/index.php\/wp-json\/wp\/v2\/media?parent=630"}],"wp:term":[{"taxonomy":"product_brand","embeddable":true,"href":"https:\/\/naklada-benedikta.hr\/index.php\/wp-json\/wp\/v2\/product_brand?post=630"},{"taxonomy":"product_cat","embeddable":true,"href":"https:\/\/naklada-benedikta.hr\/index.php\/wp-json\/wp\/v2\/product_cat?post=630"},{"taxonomy":"product_tag","embeddable":true,"href":"https:\/\/naklada-benedikta.hr\/index.php\/wp-json\/wp\/v2\/product_tag?post=630"}],"curies":[{"name":"wp","href":"https:\/\/api.w.org\/{rel}","templated":true}]}}