{"id":611,"date":"2020-10-14T18:47:11","date_gmt":"2020-10-14T18:47:11","guid":{"rendered":"http:\/\/naklada-benedikta.hr\/?post_type=product&#038;p=611"},"modified":"2025-04-13T18:41:27","modified_gmt":"2025-04-13T17:41:27","slug":"sveti-ivan-pavao-ii","status":"publish","type":"product","link":"https:\/\/naklada-benedikta.hr\/index.php\/product\/sveti-ivan-pavao-ii\/","title":{"rendered":"Sveti Ivan Pavao II."},"content":{"rendered":"<p><strong>Naslov: Sveti Ivan Pavao II.<\/strong><br \/>\n<strong>Podnaslov: \u017divot i molitve<br \/>\n<\/strong><strong>Priredio: Krunoslav Kolar<br \/>\n<\/strong><strong>Format: 11,5 x 17,0 cm<\/strong><br \/>\n<strong> Opseg: 168 stranice<\/strong><br \/>\n<strong> Uvez: meki<\/strong><\/p>\n<hr \/>\n<p>Karol J\u00f3zef Wojty\u0142a ro\u0111en je 1920. godine u Wadowicama, u Poljskoj. Po\u0161to je zare\u0111en za sve\u0107enika, te nakon zavr\u0161enog studija teologije u Rimu, vratio se u domovinu, gdje je obavljao razne pastoralne i akademske du\u017enosti. Postao je prvo pomo\u0107ni biskup, a 1964. godine i nadbiskup Krakova, te je sudjelovao na Drugom vatikanskom saboru. Dana 16. listopada 1978. izabran je za papu, uzev\u0161i ime Ivan Pavao II. Njegova iznimna apostolska revnost, osobito za obitelji, mlade i bolesne, vodila ga je na brojne pastoralne pohode diljem svijeta. Me\u0111u mnogim plodovima koje je ostavio u ba\u0161tinu Crkvi prije svega je njegovo bogato u\u010diteljstvo te progla\u0161enje Katekizma Katoli\u010dke crkve, kao i Zakonik kanonskoga prava za Latinsku crkvu i Isto\u010dne crkve. Preminuo je blago u Gospodinu u Rimu 2. travnja 2005., u predve\u010derje Druge vazmene nedjelje ili Nedjelje Bo\u017eanskoga Milosr\u0111a. Bla\u017eenim je progla\u0161en 1. svibnja 2011., a svetim 27. travnja 2014. godine.<\/p>\n<p>Molitva za dobivanje milosti po zagovoru sv. Ivana Pavla II.<br \/>\nPresveto Trojstvo, zahvaljujemo ti \u0161to si Crkvi darovalo papu Ivana Pavla II., u kojemu je zasjala nje\u017enost tvoga o\u010dinstva, slava kri\u017ea Kristova i sjaj Duha Ljubavi. Pouzdaju\u0107i se sasvim u tvoje beskrajno milosr\u0111e i u Marijin maj\u010dinski zagovor, on nam je pru\u017eio \u017eivu sliku Isusa Dobroga Pastira i pokazao da je svetost, kao najvi\u0161i oblik redovita kr\u0161\u0107anskog \u017eivota, put kojim mo\u017eemo posti\u0107i vje\u010dno zajedni\u0161tvo s tobom.<br \/>\nDaj nama, njegovim zagovorom, po tvojoj volji, milost . . . . . koju molimo zahvalni \u0161to je Ivan Pavao II. ubrojen me\u0111u tvoje svete. Amen.<\/p>\n<p>O stotoj obljetnici ro\u0111enja svetog Ivana Pavla II., ovu je knjigu priredio vl\u010d. Krunoslav Kolar, koji za sebe ka\u017ee da je \u201e\u010dudo sv. Ivana Pavla II.\u201c, koji ga je vodio do sve\u0107eni\u0161tva.<\/p>\n","protected":false},"excerpt":{"rendered":"<p>Naslov: Sveti Ivan Pavao II. Podnaslov: \u017divot i molitve Priredio: Krunoslav Kolar Format: 11,5 x 17,0 cm Opseg: 168 stranice Uvez: meki Karol J\u00f3zef Wojty\u0142a ro\u0111en je 1920. godine u Wadowicama, u Poljskoj. Po\u0161to je zare\u0111en za sve\u0107enika, te nakon zavr\u0161enog studija teologije u Rimu, vratio se u domovinu, gdje je obavljao razne pastoralne i [&hellip;]<\/p>\n","protected":false},"featured_media":612,"comment_status":"open","ping_status":"closed","template":"","meta":{"powered_cache_disable_cache":false,"powered_cache_disable_lazyload":false},"product_brand":[],"product_cat":[6],"product_tag":[],"class_list":{"0":"post-611","1":"product","2":"type-product","3":"status-publish","4":"has-post-thumbnail","6":"product_cat-duhovna-izdanja","8":"first","9":"instock","10":"shipping-taxable","11":"purchasable","12":"product-type-simple"},"_links":{"self":[{"href":"https:\/\/naklada-benedikta.hr\/index.php\/wp-json\/wp\/v2\/product\/611","targetHints":{"allow":["GET"]}}],"collection":[{"href":"https:\/\/naklada-benedikta.hr\/index.php\/wp-json\/wp\/v2\/product"}],"about":[{"href":"https:\/\/naklada-benedikta.hr\/index.php\/wp-json\/wp\/v2\/types\/product"}],"replies":[{"embeddable":true,"href":"https:\/\/naklada-benedikta.hr\/index.php\/wp-json\/wp\/v2\/comments?post=611"}],"wp:featuredmedia":[{"embeddable":true,"href":"https:\/\/naklada-benedikta.hr\/index.php\/wp-json\/wp\/v2\/media\/612"}],"wp:attachment":[{"href":"https:\/\/naklada-benedikta.hr\/index.php\/wp-json\/wp\/v2\/media?parent=611"}],"wp:term":[{"taxonomy":"product_brand","embeddable":true,"href":"https:\/\/naklada-benedikta.hr\/index.php\/wp-json\/wp\/v2\/product_brand?post=611"},{"taxonomy":"product_cat","embeddable":true,"href":"https:\/\/naklada-benedikta.hr\/index.php\/wp-json\/wp\/v2\/product_cat?post=611"},{"taxonomy":"product_tag","embeddable":true,"href":"https:\/\/naklada-benedikta.hr\/index.php\/wp-json\/wp\/v2\/product_tag?post=611"}],"curies":[{"name":"wp","href":"https:\/\/api.w.org\/{rel}","templated":true}]}}