{"id":61,"date":"2013-02-14T00:27:03","date_gmt":"2013-02-14T00:27:03","guid":{"rendered":"http:\/\/naklada-benedikta.hr\/?post_type=product&#038;p=61"},"modified":"2023-08-17T09:23:18","modified_gmt":"2023-08-17T08:23:18","slug":"prijateljstvo-kristovo","status":"publish","type":"product","link":"https:\/\/naklada-benedikta.hr\/index.php\/product\/prijateljstvo-kristovo\/","title":{"rendered":"Prijateljstvo Kristovo"},"content":{"rendered":"<p><strong>Podnaslov: Studija o \u010dovje\u0161tvu Isusa Krista<\/strong><br \/>\n<strong>Autor: Robert Hugh Benson<\/strong><br \/>\n<strong>Opseg: 172 stranice<\/strong><br \/>\n<strong>Format: 13,5 x 20 cm<\/strong><br \/>\n<strong>Uvez: meki<\/strong><\/p>\n<p>Robert Hugh Benson uzdigao je na nadnaravnu razinu \u010dovjekovu potrebu za prijateljstvom u bezvremenskom prikazu najve\u0107ega prijateljstva koje itko ikada mo\u017ee imati.<br \/>\nU knjizi Prijateljstvo Kristovo autor, sin canterburijskog nadbiskupa, obra\u0107enik na katoli\u010danstvo, pokazuje kako svatko mo\u017ee posti\u0107i dublji odnos s Ocem i Sinom. Knjiga pokazuje kako Isus djeluje u du\u0161i onih koji ga tra\u017ee u javnome \u017eivotu i u povijesnim primjerima iz Evan\u0111elja.<br \/>\n\u201eJedno je nadre\u0111eno prijateljstvo prema kojemu sva ljudska prijateljstva streme\u201c, pi\u0161e Benson, \u201e jedan je idealni prijatelj u kojemu pronalazimo, savr\u0161eno i potpuno, ono za \u010dime tragamo u licima ljudi koje volimo\u201c.<\/p>\n","protected":false},"excerpt":{"rendered":"<p>Podnaslov: Studija o \u010dovje\u0161tvu Isusa Krista Autor: Robert Hugh Benson Opseg: 172 stranice Format: 13,5 x 20 cm Uvez: meki Robert Hugh Benson uzdigao je na nadnaravnu razinu \u010dovjekovu potrebu za prijateljstvom u bezvremenskom prikazu najve\u0107ega prijateljstva koje itko ikada mo\u017ee imati. U knjizi Prijateljstvo Kristovo autor, sin canterburijskog nadbiskupa, obra\u0107enik na katoli\u010danstvo, pokazuje kako [&hellip;]<\/p>\n","protected":false},"featured_media":62,"comment_status":"open","ping_status":"closed","template":"","meta":{"powered_cache_disable_cache":false,"powered_cache_disable_lazyload":false},"product_brand":[],"product_cat":[6],"product_tag":[],"class_list":{"0":"post-61","1":"product","2":"type-product","3":"status-publish","4":"has-post-thumbnail","6":"product_cat-duhovna-izdanja","8":"first","9":"instock","10":"shipping-taxable","11":"purchasable","12":"product-type-simple"},"_links":{"self":[{"href":"https:\/\/naklada-benedikta.hr\/index.php\/wp-json\/wp\/v2\/product\/61","targetHints":{"allow":["GET"]}}],"collection":[{"href":"https:\/\/naklada-benedikta.hr\/index.php\/wp-json\/wp\/v2\/product"}],"about":[{"href":"https:\/\/naklada-benedikta.hr\/index.php\/wp-json\/wp\/v2\/types\/product"}],"replies":[{"embeddable":true,"href":"https:\/\/naklada-benedikta.hr\/index.php\/wp-json\/wp\/v2\/comments?post=61"}],"wp:featuredmedia":[{"embeddable":true,"href":"https:\/\/naklada-benedikta.hr\/index.php\/wp-json\/wp\/v2\/media\/62"}],"wp:attachment":[{"href":"https:\/\/naklada-benedikta.hr\/index.php\/wp-json\/wp\/v2\/media?parent=61"}],"wp:term":[{"taxonomy":"product_brand","embeddable":true,"href":"https:\/\/naklada-benedikta.hr\/index.php\/wp-json\/wp\/v2\/product_brand?post=61"},{"taxonomy":"product_cat","embeddable":true,"href":"https:\/\/naklada-benedikta.hr\/index.php\/wp-json\/wp\/v2\/product_cat?post=61"},{"taxonomy":"product_tag","embeddable":true,"href":"https:\/\/naklada-benedikta.hr\/index.php\/wp-json\/wp\/v2\/product_tag?post=61"}],"curies":[{"name":"wp","href":"https:\/\/api.w.org\/{rel}","templated":true}]}}