{"id":602,"date":"2020-07-06T09:18:47","date_gmt":"2020-07-06T09:18:47","guid":{"rendered":"http:\/\/naklada-benedikta.hr\/?post_type=product&#038;p=602"},"modified":"2025-04-13T18:43:17","modified_gmt":"2025-04-13T17:43:17","slug":"ubojice-mira","status":"publish","type":"product","link":"https:\/\/naklada-benedikta.hr\/index.php\/product\/ubojice-mira\/","title":{"rendered":"Ubojice mira"},"content":{"rendered":"<p><strong>Autor: Konrad Hans Klaser<\/strong><br \/>\n<strong> Naslov: UBOJICE MIRA<\/strong><br \/>\n<strong>Podnaslov: Agonija balkanske anarhije<br \/>\nPredgovor za hrvatsko izdanje napisao Zvonimir Hodak<\/strong><br \/>\n<strong> Format: 13,5 x 20 cm<\/strong><br \/>\n<strong> Opseg: 184 stranice, s 50 crno-bijelih fotografija i kazalom<\/strong><br \/>\n<strong> Uvez: meki<\/strong><\/p>\n<hr \/>\n<p style=\"text-align: center;\">\n<p>Ova knjiga donosi konkretne doga\u0111aje iz prve godine Drugoga svjetskog rata \u2013 golem niz zlo\u010dina nad Hrvatima katolicima, Hrvatima muslimanima, \u017didovima i pripadnicima raznih nacionalnih manjina. Imena mu\u010denih i na razne na\u010dine ubijenih nevinih ljudi, ve\u0107inom zaklanih, vjerojatno \u0107e nekim njihovim dana\u0161njim potomcima, \u010dlanovima njihove rodbine, napokon rasvijetliti njihovu tragi\u010dnu sudbinu.<\/p>\n<p>Zlo\u010dini opisani u ovoj knjizi mnoge \u0107e \u010ditatelje jezivo podsjetiti na sli\u010dne zlo\u010dine \u0161to su ih srpski agresori po\u010dinili u Hrvatskoj, Bosni i Hercegovini te na Kosovu, tijekom devedesetih godina 20. stolje\u0107a. Srpska ideja o stvaranju \u201evelike Srbije\u201c stara je vi\u0161e stolje\u0107a. U mnogim svojim dokumentima Srbi su sami potanko naveli koja podru\u010dja koja namjeravaju osvojiti i opisali metode kojima to namjeravaju posti\u0107i kako bi \u0161to vi\u0161e nesrpskog stanovni\u0161tva istrijebili ubijanjem i protjerivanjem sa svrhom da ta podru\u010dja dugoro\u010dno postanu dio \u201evelike Srbije\u201c.<\/p>\n<p>Na nekim podru\u010djima biv\u0161e Jugoslavije te su svoje planove provodili za vrijeme Kraljevine Jugoslavije, osobito u Hrvatskoj, na Kosovu i u Crnoj Gori, potom mnogo \u017ee\u0161\u0107e tijekom Drugoga svjetskog rata, te devedesetih godina 20. stolje\u0107a. U tome su im zdu\u0161no pomagale neke velike sile koje su i same svoju mo\u0107 stekle stoljetnim zlo\u010dinima nad mnogim narodima svijeta i koje se ne srame davati lekcije o demokraciji i uljudbi narodima koji nikada u povijesti nisu ni poku\u0161ali osvojiti tu\u0111a podru\u010dja ni plja\u010dkati tu\u0111a dobra. Ova knjiga pokazuje \u010ditatelju na kakvim su temeljima bile sazdane i prva i druga Jugoslavija.<\/p>\n","protected":false},"excerpt":{"rendered":"<p>Autor: Konrad Hans Klaser Naslov: UBOJICE MIRA Podnaslov: Agonija balkanske anarhije Predgovor za hrvatsko izdanje napisao Zvonimir Hodak Format: 13,5 x 20 cm Opseg: 184 stranice, s 50 crno-bijelih fotografija i kazalom Uvez: meki Ova knjiga donosi konkretne doga\u0111aje iz prve godine Drugoga svjetskog rata \u2013 golem niz zlo\u010dina nad Hrvatima katolicima, Hrvatima muslimanima, \u017didovima [&hellip;]<\/p>\n","protected":false},"featured_media":603,"comment_status":"open","ping_status":"closed","template":"","meta":{"powered_cache_disable_cache":false,"powered_cache_disable_lazyload":false},"product_brand":[],"product_cat":[9],"product_tag":[],"class_list":{"0":"post-602","1":"product","2":"type-product","3":"status-publish","4":"has-post-thumbnail","6":"product_cat-politika-i-povijest","8":"first","9":"instock","10":"shipping-taxable","11":"purchasable","12":"product-type-simple"},"_links":{"self":[{"href":"https:\/\/naklada-benedikta.hr\/index.php\/wp-json\/wp\/v2\/product\/602","targetHints":{"allow":["GET"]}}],"collection":[{"href":"https:\/\/naklada-benedikta.hr\/index.php\/wp-json\/wp\/v2\/product"}],"about":[{"href":"https:\/\/naklada-benedikta.hr\/index.php\/wp-json\/wp\/v2\/types\/product"}],"replies":[{"embeddable":true,"href":"https:\/\/naklada-benedikta.hr\/index.php\/wp-json\/wp\/v2\/comments?post=602"}],"wp:featuredmedia":[{"embeddable":true,"href":"https:\/\/naklada-benedikta.hr\/index.php\/wp-json\/wp\/v2\/media\/603"}],"wp:attachment":[{"href":"https:\/\/naklada-benedikta.hr\/index.php\/wp-json\/wp\/v2\/media?parent=602"}],"wp:term":[{"taxonomy":"product_brand","embeddable":true,"href":"https:\/\/naklada-benedikta.hr\/index.php\/wp-json\/wp\/v2\/product_brand?post=602"},{"taxonomy":"product_cat","embeddable":true,"href":"https:\/\/naklada-benedikta.hr\/index.php\/wp-json\/wp\/v2\/product_cat?post=602"},{"taxonomy":"product_tag","embeddable":true,"href":"https:\/\/naklada-benedikta.hr\/index.php\/wp-json\/wp\/v2\/product_tag?post=602"}],"curies":[{"name":"wp","href":"https:\/\/api.w.org\/{rel}","templated":true}]}}