{"id":59,"date":"2013-01-14T00:25:19","date_gmt":"2013-01-14T00:25:19","guid":{"rendered":"http:\/\/naklada-benedikta.hr\/?post_type=product&#038;p=59"},"modified":"2025-04-13T18:42:22","modified_gmt":"2025-04-13T17:42:22","slug":"gospa-kibeska","status":"publish","type":"product","link":"https:\/\/naklada-benedikta.hr\/index.php\/product\/gospa-kibeska\/","title":{"rendered":"Gospa Kibe\u0161ka"},"content":{"rendered":"<p><strong>Podnaslov: Marija govori svijetu iz srca Afrike<\/strong><br \/>\n<strong>Autori: Immacul\u00e9e Ilibagiza sa Stevenom Erwinom<\/strong><br \/>\n<strong>Opseg: 232 stranice<\/strong><br \/>\n<strong>Format: 13,5 x 20 cm<\/strong><br \/>\n<strong>Uvez: meki<\/strong><\/p>\n<p>Trinaest godina prije krvavog genocida koji je poharao Ruandu i prouzro\u010dio smrt vi\u0161e od milijun ljudi, Djevica Marija i Isus ukazali su se osmeroma djece u zaba\u010denome selu Kibehu. Glasnici iz Kibeha bili su predmet ismijavanja i sumnji\u010denja, a isto se dogodilo i vidiocima na ostalim mjestima ukazanja kao \u0161to su Fatima i Lurd. No, \u010duda u tome malenom selu doga\u0111ala su se jedno za drugim pa su desetci tisu\u0107a Ruan\u0111ana odlazili u Kibeho kako bi svjedo\u010dili ukazanjima. Godinama su nebrojeni promatra\u010di gledali Djevicu Mariju i Isusa kako govore preko osam vidioca o Bo\u017ejoj ljubavi, prenose\u0107i poruke za koje su tvrdili da nisu namijenjene samo Ruan\u0111anima nego i cijelome svijetu.<\/p>\n<p>Marija je poslala poruku vladi i crkvenom vodstvu u kojoj ih savjetuje kako zaustaviti nacionalnu mr\u017enju koja je bujala u njihovoj zemlji. Upozorila ih je da \u0107e se Ruanda pretvoriti u \u201erijeku krvi\u201c, zemlju neizreciva krvoproli\u0107a, ako ljubav ubrzo ne obuzda mr\u017enju. Neki su poglavari slu\u0161ali, ali ih je vrlo malo povjerovalo. Proro\u010danska i apokalipti\u010dna upozorenja tragi\u010dno su se obistinila tijekom sto stra\u0161nih dana okrutnog krvoproli\u0107a i masovnog ubijanja. Poslije genocida i dvadeset godina temeljitih istra\u017eivanja, Kibeho je postao prvo i jedino mjesto marijanskog \u0161tovanja u Africi koje je priznao Vatikan. No, pri\u010da o Gospi jo\u0161 je uvijek nepoznata \u0161iroj javnosti.<br \/>\nImmacul\u00e9e Ilibagiza \u017eeli to promijeniti. Hodo\u010dastila je mnogo puta u Kibeho, prije i poslije holokausta, osobno svjedo\u010dila istinskim \u010dudima i razgovarala s vidiocima. Ono \u0161to je otkrila duboko \u0107e vas dirnuti. Immacul\u00e9e Illbagaza, autorica knjiga Pre\u017eivjela da ispri\u010da i Led by Faith<br \/>\n(Vo\u0111ena vjerom), ro\u0111ena je u Ruandi. Diplomirala je elektrotehniku i strojarstvo na Nacionalnom sveu\u010dili\u0161tu u Ruandi. Ve\u0107inu \u010dlanova obitelji izgubila je u genocidu koji se dogodio 1994. godine. \u010cetiri godine poslije toga odselila je u Sjedinjene Ameri\u010dke Dr\u017eave i ubrzo po\u010dela raditi u Ujedinjenim narodima u New Yorku. Danas radi kao predava\u010dica na skupovima i spisateljica. Godine 2007. osnovala je humanitarnu zakladu Left to tell koja poma\u017ee siro\u010dadi iz Ruande. Dobitnica je Me\u0111unarodne nagrade za pomirenje i mir Mahatma Gandi (Mahatma Ghandi Internatinal Award for Reconciliation and Peace) za 2007. godinu.<br \/>\nSteve Erwin je pisac i nagra\u0111ivani novinar ro\u0111en u Torontu, a radi u tiskanim i drugim medijima. U posljednje vrijeme radi kao strani dopisnik iz New Yorka za TV ku\u0107u Canadian Broadcasting Corporation. \u017divi na Manhattanu sa suprugom, novinarkom i spisateljicom Natashom Stoynoff. Ova vrlo osobna i dirljiva pri\u010da jama\u010dno \u0107e pridonijeti \u0161irenju poruka ljubavi, nade i mira prenesenih iz Kibeha po cijelome svijetu, kojemu je Bo\u017eansko nadahnu\u0107e nasu\u0161no potrebno.<br \/>\nOvo je izvanredna pri\u010da o tome kako se Ruanda, zemlja podijeljena nacionalnom mr\u017enjom i uni\u0161tena jednim od najkrvavijih genocida u povijesti<br \/>\n\u010dovje\u010danstva, ujedinila i zacijelila svoje rane jedinstvenom vjerom u Djevi\u010dinu strpljivu ljubav i pra\u0161tanje. Bez obzira na va\u0161u rasu, vjeru, politi\u010dko opredjeljenje ili osobna uvjerenja, bit \u0107ete nadahnuti Gospom Kibe\u0161kom, istinitom pri\u010dom o snazi ljubavi i pra\u0161tanja.<br \/>\nJohn Fund,<br \/>\nkolumnist Wall Street Journala<br \/>\nZa\u0161to je Bog poslao Kraljicu Neba i Zemlje, Isusovu Majku i Majku svih ljudi u ruandsko selo Kibeho? Za\u0161to je Bla\u017eena Djevica odlu\u010dila do\u0107i u srce ruralne Afrike s porukama za cijeli svijet? Immacul\u00e9e, poput cvijeta koji je niknuo iz zemlje u Kibehu, posvetila je svoj \u017eivot pronalasku odgovora na ta pitanja i na\u0161emu boljem razumijevanju poruka koje je Djevica dala trima vidjelicama na<br \/>\ntome mjestu i koje odra\u017eavaju sna\u017enu istinu Evan\u0111elja. Iskupljuju\u0107a ljubav Bla\u017eene Majke ustrajava u Kibehu i \u010deka da je svijet otkrije. Immacul\u00e9e je vjerno opisala tu ljubav u knjizi \u201eGospa Kibe\u0161ka\u201c. Ova \u0107e vam knjiga promijeniti \u017eivot.<br \/>\nOtac Leszek Czelusniak,<br \/>\nravnatelj CANA-e<br \/>\n(Marijanskog hodo\u010dasni\u010dkog<br \/>\ncentra) u Kibehu, Ruanda<\/p>\n","protected":false},"excerpt":{"rendered":"<p>Podnaslov: Marija govori svijetu iz srca Afrike Autori: Immacul\u00e9e Ilibagiza sa Stevenom Erwinom Opseg: 232 stranice Format: 13,5 x 20 cm Uvez: meki Trinaest godina prije krvavog genocida koji je poharao Ruandu i prouzro\u010dio smrt vi\u0161e od milijun ljudi, Djevica Marija i Isus ukazali su se osmeroma djece u zaba\u010denome selu Kibehu. Glasnici iz Kibeha [&hellip;]<\/p>\n","protected":false},"featured_media":60,"comment_status":"open","ping_status":"closed","template":"","meta":{"powered_cache_disable_cache":false,"powered_cache_disable_lazyload":false},"product_brand":[],"product_cat":[6],"product_tag":[],"class_list":{"0":"post-59","1":"product","2":"type-product","3":"status-publish","4":"has-post-thumbnail","6":"product_cat-duhovna-izdanja","8":"first","9":"instock","10":"shipping-taxable","11":"purchasable","12":"product-type-simple"},"_links":{"self":[{"href":"https:\/\/naklada-benedikta.hr\/index.php\/wp-json\/wp\/v2\/product\/59","targetHints":{"allow":["GET"]}}],"collection":[{"href":"https:\/\/naklada-benedikta.hr\/index.php\/wp-json\/wp\/v2\/product"}],"about":[{"href":"https:\/\/naklada-benedikta.hr\/index.php\/wp-json\/wp\/v2\/types\/product"}],"replies":[{"embeddable":true,"href":"https:\/\/naklada-benedikta.hr\/index.php\/wp-json\/wp\/v2\/comments?post=59"}],"wp:featuredmedia":[{"embeddable":true,"href":"https:\/\/naklada-benedikta.hr\/index.php\/wp-json\/wp\/v2\/media\/60"}],"wp:attachment":[{"href":"https:\/\/naklada-benedikta.hr\/index.php\/wp-json\/wp\/v2\/media?parent=59"}],"wp:term":[{"taxonomy":"product_brand","embeddable":true,"href":"https:\/\/naklada-benedikta.hr\/index.php\/wp-json\/wp\/v2\/product_brand?post=59"},{"taxonomy":"product_cat","embeddable":true,"href":"https:\/\/naklada-benedikta.hr\/index.php\/wp-json\/wp\/v2\/product_cat?post=59"},{"taxonomy":"product_tag","embeddable":true,"href":"https:\/\/naklada-benedikta.hr\/index.php\/wp-json\/wp\/v2\/product_tag?post=59"}],"curies":[{"name":"wp","href":"https:\/\/api.w.org\/{rel}","templated":true}]}}