{"id":55,"date":"2012-09-13T23:56:50","date_gmt":"2012-09-13T23:56:50","guid":{"rendered":"http:\/\/naklada-benedikta.hr\/?post_type=product&#038;p=55"},"modified":"2023-08-16T22:08:07","modified_gmt":"2023-08-16T21:08:07","slug":"andeo-mi-rece","status":"publish","type":"product","link":"https:\/\/naklada-benedikta.hr\/index.php\/product\/andeo-mi-rece\/","title":{"rendered":"An\u0111eo mi re\u010de"},"content":{"rendered":"<p><strong>Podnaslov: Marijina autobiografija<\/strong><br \/>\n<strong>Autor: Angelo Comastri<\/strong><br \/>\n<strong>Opseg: 140 stranica<\/strong><br \/>\n<strong>Format: 13 x 19 cm<\/strong><br \/>\n<strong>Uvez: meki<\/strong><\/p>\n<p>Angelo Comastri prvi sve\u0107enik u papinskoj bazilici Sv. Petra i generalni vikar Njegove Svetosti za grad Vatikan, autor je brojnih djela duhovnog, liturgijskog i meditativnog sadr\u017eaja.<br \/>\nPredaja ka\u017ee da je Djevica Marija evan\u0111elistu Luki ispripovjedila tajanstvene doga\u0111aje kojima je bilo popra\u0107eno Isusovo ro\u0111enje. An\u0111elovo navije\u0161tenje i Djevi\u010dansko za\u010de\u0107e, susret s Elizabetom i putovanje u Betlehem. Pojavak an\u0111ela i pohod Mudraca. Prikazanje u hramu i hodo\u010da\u0161\u0107e kada je Isus bio ve\u0107 dje\u010dak.<br \/>\nMonsinjor Angelo Comastri stavio se na Lukino mjesto svojim mudrim i dubokim pripovijedanjem te je sebi dopustio pripovijedati o doga\u0111ajima iz Isusova \u017eivota u kojima je Marija imala presudnu ulogu.<br \/>\nPrizor se potom premje\u0161ta na Nebo. Ondje Djevica, Bo\u017eja zaru\u010dnica i Majka, \u017eivi u ljubavi i kontemplaciji. I odande ne zaboravlja one koji su, postav\u0161i bra\u0107a Sina njezina, postali i njezini sinovi. Ona moli za njih. Ukazuje se u Lurdu i Fatimi.<br \/>\nAngelo Comastri ve\u0107 je drago ime \u010ditateljima. Ova knjiga ujedinjuje mudrost sadr\u017eaja i milost pripovijedanja.<\/p>\n","protected":false},"excerpt":{"rendered":"<p>Podnaslov: Marijina autobiografija Autor: Angelo Comastri Opseg: 140 stranica Format: 13 x 19 cm Uvez: meki Angelo Comastri prvi sve\u0107enik u papinskoj bazilici Sv. Petra i generalni vikar Njegove Svetosti za grad Vatikan, autor je brojnih djela duhovnog, liturgijskog i meditativnog sadr\u017eaja. Predaja ka\u017ee da je Djevica Marija evan\u0111elistu Luki ispripovjedila tajanstvene doga\u0111aje kojima je [&hellip;]<\/p>\n","protected":false},"featured_media":56,"comment_status":"open","ping_status":"closed","template":"","meta":{"powered_cache_disable_cache":false,"powered_cache_disable_lazyload":false},"product_brand":[],"product_cat":[6],"product_tag":[],"class_list":{"0":"post-55","1":"product","2":"type-product","3":"status-publish","4":"has-post-thumbnail","6":"product_cat-duhovna-izdanja","8":"first","9":"instock","10":"shipping-taxable","11":"purchasable","12":"product-type-simple"},"_links":{"self":[{"href":"https:\/\/naklada-benedikta.hr\/index.php\/wp-json\/wp\/v2\/product\/55","targetHints":{"allow":["GET"]}}],"collection":[{"href":"https:\/\/naklada-benedikta.hr\/index.php\/wp-json\/wp\/v2\/product"}],"about":[{"href":"https:\/\/naklada-benedikta.hr\/index.php\/wp-json\/wp\/v2\/types\/product"}],"replies":[{"embeddable":true,"href":"https:\/\/naklada-benedikta.hr\/index.php\/wp-json\/wp\/v2\/comments?post=55"}],"wp:featuredmedia":[{"embeddable":true,"href":"https:\/\/naklada-benedikta.hr\/index.php\/wp-json\/wp\/v2\/media\/56"}],"wp:attachment":[{"href":"https:\/\/naklada-benedikta.hr\/index.php\/wp-json\/wp\/v2\/media?parent=55"}],"wp:term":[{"taxonomy":"product_brand","embeddable":true,"href":"https:\/\/naklada-benedikta.hr\/index.php\/wp-json\/wp\/v2\/product_brand?post=55"},{"taxonomy":"product_cat","embeddable":true,"href":"https:\/\/naklada-benedikta.hr\/index.php\/wp-json\/wp\/v2\/product_cat?post=55"},{"taxonomy":"product_tag","embeddable":true,"href":"https:\/\/naklada-benedikta.hr\/index.php\/wp-json\/wp\/v2\/product_tag?post=55"}],"curies":[{"name":"wp","href":"https:\/\/api.w.org\/{rel}","templated":true}]}}