{"id":49,"date":"2012-05-22T23:48:40","date_gmt":"2012-05-22T23:48:40","guid":{"rendered":"http:\/\/naklada-benedikta.hr\/?post_type=product&#038;p=49"},"modified":"2025-11-25T21:52:36","modified_gmt":"2025-11-25T20:52:36","slug":"sveti-sarbel","status":"publish","type":"product","link":"https:\/\/naklada-benedikta.hr\/index.php\/product\/sveti-sarbel\/","title":{"rendered":"Sveti \u0160arbel"},"content":{"rendered":"<p><strong>Podnaslov: Svetac vjere, nade i mira<\/strong><br \/>\n<strong>Autor: Pavao Dahar<\/strong><br \/>\n<strong>Opseg: 184 stranica<\/strong><br \/>\n<strong>Format: 13,5 x 20 cm<\/strong><br \/>\n<strong>Uvez: meki<\/strong><\/p>\n<p>Sveti \u0160arbel postaje sve vi\u0161e svetac cijeloga svijeta. Ovaj redovnik pustinjak libanonskog maronitskog reda veliki je \u010dudotvorac, zagovornik u bolesti i svim \u017eivotnim potrebama. Uzor je herojske vjere, ljubavi i poslu\u0161nosti, svetac nade i mira.<\/p>\n<p>\u201eO\u010de, ovdje sam s Tobom na Kalvariji. Ja, samo siroma\u0161an redovnik, plijen sam isku\u0161enja, poput svih ljudi. No, Gospodine, kada se oslonim na Tebe, \u010dak i ako drhtim, osje\u0107am se manje osamljen i mnogo ja\u010di. Obnavljam svoje obe\u0107anje da \u0107u izgarati u Tebi svakoga dana. Ovdje, na Kalvariji, gdje si me Ti pozvao. \u017delim ostati krepak i \u017eiv s Tobom i po Tebi, i \u017eivjeti Tvoje otajstvo otkupljenja po kojemu nastavlja\u0161 spa\u0161avati ovaj svijet.\u201d\u2026<\/p>\n<p>\u2026\u201eAko \u017eeli\u0161 na\u0107i puninu, mora\u0161 sve ostaviti za sobom\u201d.<\/p>\n<p>\u201eBog govori duhu u ti\u0161ini\u201d.<\/p>\n<p>Visine je mogu\u0107e dosegnuti samo u ti\u0161ini, u jasno\u0107i nutarnje vizije i u diskretnom pomaku skrivenih pobjeda, kada ljubav do\u0111e i dotakne srce. Istinski sna\u017ene sile jesu tihe sile.<\/p>\n","protected":false},"excerpt":{"rendered":"<p>Podnaslov: Svetac vjere, nade i mira Autor: Pavao Dahar Opseg: 184 stranica Format: 13,5 x 20 cm Uvez: meki Sveti \u0160arbel postaje sve vi\u0161e svetac cijeloga svijeta. Ovaj redovnik pustinjak libanonskog maronitskog reda veliki je \u010dudotvorac, zagovornik u bolesti i svim \u017eivotnim potrebama. Uzor je herojske vjere, ljubavi i poslu\u0161nosti, svetac nade i mira. \u201eO\u010de, [&hellip;]<\/p>\n","protected":false},"featured_media":50,"comment_status":"open","ping_status":"closed","template":"","meta":{"powered_cache_disable_cache":false,"powered_cache_disable_lazyload":false},"product_brand":[],"product_cat":[6],"product_tag":[],"class_list":{"0":"post-49","1":"product","2":"type-product","3":"status-publish","4":"has-post-thumbnail","6":"product_cat-duhovna-izdanja","8":"first","9":"instock","10":"shipping-taxable","11":"purchasable","12":"product-type-simple"},"_links":{"self":[{"href":"https:\/\/naklada-benedikta.hr\/index.php\/wp-json\/wp\/v2\/product\/49","targetHints":{"allow":["GET"]}}],"collection":[{"href":"https:\/\/naklada-benedikta.hr\/index.php\/wp-json\/wp\/v2\/product"}],"about":[{"href":"https:\/\/naklada-benedikta.hr\/index.php\/wp-json\/wp\/v2\/types\/product"}],"replies":[{"embeddable":true,"href":"https:\/\/naklada-benedikta.hr\/index.php\/wp-json\/wp\/v2\/comments?post=49"}],"wp:featuredmedia":[{"embeddable":true,"href":"https:\/\/naklada-benedikta.hr\/index.php\/wp-json\/wp\/v2\/media\/50"}],"wp:attachment":[{"href":"https:\/\/naklada-benedikta.hr\/index.php\/wp-json\/wp\/v2\/media?parent=49"}],"wp:term":[{"taxonomy":"product_brand","embeddable":true,"href":"https:\/\/naklada-benedikta.hr\/index.php\/wp-json\/wp\/v2\/product_brand?post=49"},{"taxonomy":"product_cat","embeddable":true,"href":"https:\/\/naklada-benedikta.hr\/index.php\/wp-json\/wp\/v2\/product_cat?post=49"},{"taxonomy":"product_tag","embeddable":true,"href":"https:\/\/naklada-benedikta.hr\/index.php\/wp-json\/wp\/v2\/product_tag?post=49"}],"curies":[{"name":"wp","href":"https:\/\/api.w.org\/{rel}","templated":true}]}}