{"id":35,"date":"2010-11-15T23:32:36","date_gmt":"2010-11-15T23:32:36","guid":{"rendered":"http:\/\/naklada-benedikta.hr\/?post_type=product&#038;p=35"},"modified":"2023-01-20T04:20:20","modified_gmt":"2023-01-20T03:20:20","slug":"marija-najljepsa-zena-na-svijetu","status":"publish","type":"product","link":"https:\/\/naklada-benedikta.hr\/index.php\/product\/marija-najljepsa-zena-na-svijetu\/","title":{"rendered":"Marija, najljep\u0161a \u017eena na svijetu"},"content":{"rendered":"<p><strong>Autor: Angelo Comastri<\/strong><br \/>\n<strong>Opseg: 112 stranica<\/strong><br \/>\n<strong>Format: 13,5 x 20 cm<\/strong><br \/>\n<strong>Uvez: tvrdi<\/strong><\/p>\n<p>Ovo je knjiga o ljepoti. O istinskoj ljepoti!<br \/>\nU svijetu prepunom la\u017enoga sjaja iznikla je rije\u010d koja nas proni\u010de sjajem istine.<br \/>\nPred vama je rije\u010d koja \u0107e dotaknuti va\u0161u du\u0161u ljepotom o kojoj govori. Od te je ljepote satkano cijelo bi\u0107e Djevice Marije.<br \/>\nA svu tu svetu krasotu Bog nam je darovao da nam bude maj\u010dinsko krilo i uzor svetosti. Marija je \u017dena \u010dija savr\u0161ena ljepota pulsira iz njezina lika pred na\u0161im o\u010dima u ritmu otkucaja njezina \u010distog i poniznog Srca.<\/p>\n","protected":false},"excerpt":{"rendered":"<p>Autor: Angelo Comastri Opseg: 112 stranica Format: 13,5 x 20 cm Uvez: tvrdi Ovo je knjiga o ljepoti. O istinskoj ljepoti! U svijetu prepunom la\u017enoga sjaja iznikla je rije\u010d koja nas proni\u010de sjajem istine. Pred vama je rije\u010d koja \u0107e dotaknuti va\u0161u du\u0161u ljepotom o kojoj govori. Od te je ljepote satkano cijelo bi\u0107e Djevice [&hellip;]<\/p>\n","protected":false},"featured_media":36,"comment_status":"open","ping_status":"closed","template":"","meta":{"powered_cache_disable_cache":false,"powered_cache_disable_lazyload":false},"product_brand":[],"product_cat":[6],"product_tag":[],"class_list":{"0":"post-35","1":"product","2":"type-product","3":"status-publish","4":"has-post-thumbnail","6":"product_cat-duhovna-izdanja","8":"first","9":"instock","10":"shipping-taxable","11":"purchasable","12":"product-type-simple"},"_links":{"self":[{"href":"https:\/\/naklada-benedikta.hr\/index.php\/wp-json\/wp\/v2\/product\/35","targetHints":{"allow":["GET"]}}],"collection":[{"href":"https:\/\/naklada-benedikta.hr\/index.php\/wp-json\/wp\/v2\/product"}],"about":[{"href":"https:\/\/naklada-benedikta.hr\/index.php\/wp-json\/wp\/v2\/types\/product"}],"replies":[{"embeddable":true,"href":"https:\/\/naklada-benedikta.hr\/index.php\/wp-json\/wp\/v2\/comments?post=35"}],"wp:featuredmedia":[{"embeddable":true,"href":"https:\/\/naklada-benedikta.hr\/index.php\/wp-json\/wp\/v2\/media\/36"}],"wp:attachment":[{"href":"https:\/\/naklada-benedikta.hr\/index.php\/wp-json\/wp\/v2\/media?parent=35"}],"wp:term":[{"taxonomy":"product_brand","embeddable":true,"href":"https:\/\/naklada-benedikta.hr\/index.php\/wp-json\/wp\/v2\/product_brand?post=35"},{"taxonomy":"product_cat","embeddable":true,"href":"https:\/\/naklada-benedikta.hr\/index.php\/wp-json\/wp\/v2\/product_cat?post=35"},{"taxonomy":"product_tag","embeddable":true,"href":"https:\/\/naklada-benedikta.hr\/index.php\/wp-json\/wp\/v2\/product_tag?post=35"}],"curies":[{"name":"wp","href":"https:\/\/api.w.org\/{rel}","templated":true}]}}