{"id":308,"date":"2018-11-27T12:36:54","date_gmt":"2018-11-27T12:36:54","guid":{"rendered":"http:\/\/naklada-benedikta.hr\/?post_type=product&#038;p=308"},"modified":"2025-04-13T18:43:17","modified_gmt":"2025-04-13T17:43:17","slug":"povijest-protestantske-reformacije-u-engleskoj-i-irskoj","status":"publish","type":"product","link":"https:\/\/naklada-benedikta.hr\/index.php\/product\/povijest-protestantske-reformacije-u-engleskoj-i-irskoj\/","title":{"rendered":"Povijest protestantske reformacije u Engleskoj i Irskoj"},"content":{"rendered":"<p><strong>Autor: William Cobbett<\/strong><br \/>\n<strong> Naslov: POVIJEST PROTESTANTSKE REFORMACIJE U ENGLESKOJ I IRSKOJ<\/strong><br \/>\n<strong> Format: 13,5 x 20 cm<\/strong><br \/>\n<strong> Opseg: 402 stranice<\/strong><br \/>\n<strong> Uvez: meki<\/strong><\/p>\n<p>\u2026Pravedno i po\u0161teno istra\u017eivanje nau\u010dit \u0107e nas da je \u201ereformacija\u201c bila velika promjena nagore, da je&#8230; za\u010deta u po\u017eudi, ro\u0111ena u licemjerju i podlosti, a njegovana i hranjena plja\u010dkom, razaranjem i rijekama nevine engleske i irske krvi\u2026 U plja\u010dki je po\u010dela i u njoj nastavila sve dok vi\u0161e nije bilo ni\u010dega \u0161to se moglo oplja\u010dkati.<\/p>\n<p>Sve koji su odbili\u2026 postati otpadnici od katoli\u010dke vjere dr\u017ealo se i tretiralo kao izdajnike i osu\u0111ivalo na smrt\u2026<\/p>\n<p>Gra\u0111anske su slobode potpuno nestale\u2026 Magna Carta bila je poga\u017eena onoga trenutka kada je papino vrhovni\u0161tvo napadnuto.<\/p>\n<p>Su\u0111enja su dugo bila pravo ruglo i na kraju se od njih u mnogim slu\u010dajevima potpuno odustalo, a optu\u017eene se osu\u0111ivalo na smrt\u2026 Prostori oko suda toga \u201eprvoro\u0111enoga sina reformacije\u201c [Henrika VIII.] bili su velika klaonica ljudi\u2026<\/p>\n<p>Prvo bi \u010dovjeka objesili. Zatim bi presjekli u\u017ee da padne \u017eiv na zemlju. Potom bi mu rasporili trbuh i sasjekli mu tijelo na \u010detiri dijela\u2026<br \/>\nBiti na misi, dati uto\u010di\u0161te sve\u0107eniku, priznati vrhovni\u0161tvo pape\u2026 zna\u010dilo je zavr\u0161iti na vje\u0161alama ili razrezana trbuha\u2026<\/p>\n<p>To su bile mjere za koje Burnet ka\u017ee da su bile potrebne kako bi se uvelo protestantsku religiju u Engleskoj! Kolike li razlike od na\u010dina na koji su papa Grgur i sveti Augustin uveli katoli\u010dku vjeru u Englesku!..<\/p>\n<p>Cromwellovi su razbojnici\u2026 ru\u0161ili oltare i uzimali zlato i srebro, prekapali komode i ladice redovnika i redovnica, otkidali korice knjiga koje su bile ukra\u0161ene dragocjenim metalima\u2026 Cijele biblioteke, koje su prikupljane i opremane stolje\u0107ima\u2026 ti su prokleti razbojnici posvuda razbacali nakon \u0161to su s korica pokidali vrijedne ukrase\u2026<\/p>\n<p>Becketov je grob bio od drva, savr\u0161eno izrezbaren, bogato opto\u010den dragocjenim metalima i gusto na\u010di\u010dkan dragocjenim kamenjem svih vrsta. Eto pravog cilja u koji je \u201ereformacijska\u201c pobo\u017enost uprla svoj bo\u017eanski pogled. Zlatom, srebrom i draguljima napunili su dva kov\u010dega, a za svaki je trebalo \u0161est ili osam ljudi toga vremena\u2026 da ga iznesu na vrata katedrale. Kako li su o\u010di [Henrika VIII.] morale zasjati kada su otvorili te kov\u010dege!&#8230;<\/p>\n<p>Bila je to prava \u201ereformacijska vladavina\u201c\u2026 vladavina plja\u010dke i licemjerja s kojima se ni\u0161ta ni u jednoj zemlji i ni u kojem vremenu ne mo\u017ee usporediti.<\/p>\n<p>Dvoli\u010dna sebi\u010dnost, potkrijepljena svim vrstama nasilja, tiranije i okrutnosti, stolje\u0107ima je bila upregnuta kako bi obmanula engleski narod. Naravno, oni koji su se tovili na blagu oplja\u010dkanom Crkvi i siroma\u0161nima\u2026 zdu\u0161no su se trudili uvjeriti narod da su oplja\u010dkani bili bezvrijedni ljudi, da su te institucije, koje su narodu davale toliko imovine, bile u najmanju ruku beskorisne, da su vlasnici te imovine bili lijen\u010dine, neznalice i prizemna bi\u0107a\u2026<\/p>\n<p>Englezi op\u0107enito misle da su u Engleskoj oduvijek postojali sirotinja i zakoni o pomo\u0107i siroma\u0161nima. Trebaju zapamtiti da devetsto godina, dok je Engleska bila katoli\u010dka zemlja, nije bilo ni sirotinje ni takvih zakona\u2026<\/p>\n","protected":false},"excerpt":{"rendered":"<p>Autor: William Cobbett Naslov: POVIJEST PROTESTANTSKE REFORMACIJE U ENGLESKOJ I IRSKOJ Format: 13,5 x 20 cm Opseg: 402 stranice Uvez: meki \u2026Pravedno i po\u0161teno istra\u017eivanje nau\u010dit \u0107e nas da je \u201ereformacija\u201c bila velika promjena nagore, da je&#8230; za\u010deta u po\u017eudi, ro\u0111ena u licemjerju i podlosti, a njegovana i hranjena plja\u010dkom, razaranjem i rijekama nevine engleske [&hellip;]<\/p>\n","protected":false},"featured_media":309,"comment_status":"open","ping_status":"closed","template":"","meta":{"powered_cache_disable_cache":false,"powered_cache_disable_lazyload":false},"product_brand":[],"product_cat":[9],"product_tag":[],"class_list":{"0":"post-308","1":"product","2":"type-product","3":"status-publish","4":"has-post-thumbnail","6":"product_cat-politika-i-povijest","8":"first","9":"instock","10":"shipping-taxable","11":"purchasable","12":"product-type-simple"},"_links":{"self":[{"href":"https:\/\/naklada-benedikta.hr\/index.php\/wp-json\/wp\/v2\/product\/308","targetHints":{"allow":["GET"]}}],"collection":[{"href":"https:\/\/naklada-benedikta.hr\/index.php\/wp-json\/wp\/v2\/product"}],"about":[{"href":"https:\/\/naklada-benedikta.hr\/index.php\/wp-json\/wp\/v2\/types\/product"}],"replies":[{"embeddable":true,"href":"https:\/\/naklada-benedikta.hr\/index.php\/wp-json\/wp\/v2\/comments?post=308"}],"wp:featuredmedia":[{"embeddable":true,"href":"https:\/\/naklada-benedikta.hr\/index.php\/wp-json\/wp\/v2\/media\/309"}],"wp:attachment":[{"href":"https:\/\/naklada-benedikta.hr\/index.php\/wp-json\/wp\/v2\/media?parent=308"}],"wp:term":[{"taxonomy":"product_brand","embeddable":true,"href":"https:\/\/naklada-benedikta.hr\/index.php\/wp-json\/wp\/v2\/product_brand?post=308"},{"taxonomy":"product_cat","embeddable":true,"href":"https:\/\/naklada-benedikta.hr\/index.php\/wp-json\/wp\/v2\/product_cat?post=308"},{"taxonomy":"product_tag","embeddable":true,"href":"https:\/\/naklada-benedikta.hr\/index.php\/wp-json\/wp\/v2\/product_tag?post=308"}],"curies":[{"name":"wp","href":"https:\/\/api.w.org\/{rel}","templated":true}]}}