{"id":297,"date":"2018-11-19T23:47:20","date_gmt":"2018-11-19T23:47:20","guid":{"rendered":"http:\/\/naklada-benedikta.hr\/?post_type=product&#038;p=297"},"modified":"2025-04-13T18:40:46","modified_gmt":"2025-04-13T17:40:46","slug":"297","status":"publish","type":"product","link":"https:\/\/naklada-benedikta.hr\/index.php\/product\/297\/","title":{"rendered":"Zbogom dobri ljudi"},"content":{"rendered":"<p><strong>Autor: Michael S. Rose<\/strong><br \/>\n<strong>Naslov: ZBOGOM, DOBRI LJUDI<\/strong><br \/>\n<strong>Podnaslov: Kako su liberali uvukli opa\u010dine u institucije Katoli\u010dke crkve<\/strong><br \/>\n<strong>Format: 13,5 x 20 cm<\/strong><br \/>\n<strong>Opseg: 360 stranica<\/strong><br \/>\n<strong>Uvez: meki<\/strong><\/p>\n<p>Nadbiskup Omahe Elden F. Curtis: \u201eMeni se \u010dini da &#8216;krizu&#8217; zvanja ubrzavaju oni ljudi koji \u017eele promijeniti Crkvu\u2026 koji ne podupiru pravovjerne kandidate odane slu\u017ebenom u\u010denju pape i biskupa\u2026 Osobno znam da postoje neki povjerenici za zvanja\u2026 i povjerenstva za procjenu kandidata, koji odbijaju one kandidate koji ne podupiru mogu\u0107nost re\u0111enja \u017eena ili one koji brane crkveno u\u010denje o umjetnoj kontroli ra\u0111anja ili one koji o\u010dituju sna\u017enu naklonost prema nekim vrstama pobo\u017enosti, poput Krunice.\u201c<br \/>\nUkratko, nesta\u0161ica sve\u0107enika nije prouzro\u010dena nedostatkom zvanja nego\u2026 politikom onih ljudi koji namjerno sprje\u010davaju istinska sve\u0107eni\u010dka zvanja.<\/p>\n<p>Nadbiskup Curtiss ubrzo je dospio na naslovnice diljem zemlje svojom izjavom da je nesta\u0161ica sve\u0107enika \u201eumjetno i smi\u0161ljeno stvorena\u201c. Isti ti ljudi, napisao je, koji su sprje\u010davali i koji sprje\u010davaju sve\u0107eni\u010dka zvanja potom okre\u0107u plo\u010du i promi\u010du re\u0111enje o\u017eenjenih mu\u0161karaca i \u017eena\u2026 Iskori\u0161tavaju nesta\u0161icu zvanja kojoj su sami pridonijeli\u2026 da stvore \u201edruk\u010dije sve\u0107enstvo\u201c koje svjesno odbacuje crkvenu definiciju te slu\u017ebe\u2026<\/p>\n<p>U biti, ima mnogo mladi\u0107a koji iskazuju\u2026 \u201epravovjerje\u201c, tj. odanost u\u010denju Crkve, ali koji ne bivaju primljeni u svete redove upravo zbog svojih pravovjernih stajali\u0161ta. Rezultat toga jest \u201ekriza\u201c nastala kao posljedica ideolo\u0161ke diskriminacije\u2026<\/p>\n<p>U onim biskupijama koje podupiru pravovjerne kandidate nema krize zvanja, nego se broj zvanja pove\u0107ava. Kada biskupije i redovni\u010dke zajednice imaju\u2026 stajali\u0161te jednako stajali\u0161tu Crkve, kada sna\u017eno podupiru zvanja, a ne protive se celibatu, u tim se biskupijama dokazano pove\u0107ava broj kandidata koji se odazivaju na poziv, a pravilo je: \u201eNepokolebljiva odanost papi i slu\u017ebenom u\u010denju, neprestano klanjanje pred Presvetim Oltarskim Sakramentom u \u017eupama, s naglaskom na molitvu za zvanja, te sna\u017eno zalaganje\u2026 dijecezanskih sve\u0107enika koji daju sve od sebe kako bi pomagali mladim ljudima da budu otvoreni Gospodinovoj volji u svome \u017eivotu\u201c.<\/p>\n<p>U njegovoj je nadbiskupiji\u2026 od 1991. do 1998. zare\u0111ivano prosje\u010dno sedam sve\u0107enika godi\u0161nje\u2026 a ima samo 215.000 katolika. Usporedimo taj broj s mnogo liberalnijom biskupijom Madison\u2026 (koja ima malo vi\u0161e katolika), u kojoj su u istome razdoblju od osam godina zare\u0111ena ukupno \u010detiri sve\u0107enika.<br \/>\nNadbiskup Curtiss otvoreno je rekao da oni koji su izravno zadu\u017eeni za promicanje i poticanje zvanja \u201e\u017eele smrt\u201c sve\u0107enstvu sastavljenu od mu\u0161karaca koji \u017eive u celibatu.<\/p>\n<p>Ti koji \u201e\u017eele smrt\u201c istodobno su, koje li slu\u010dajnosti, isti oni zloguki proroci koji ve\u0107 desetlje\u0107ima predvi\u0111aju golem nedostatak sve\u0107enika. Istodobno su cijelo to vrijeme nedostatak sve\u0107enika i krizu zvanja do\u010dekivali i do\u010dekuju kao proro\u010dki zov za uvo\u0111enje golemih promjena u Crkvi.<\/p>\n","protected":false},"excerpt":{"rendered":"<p>Autor: Michael S. Rose Naslov: ZBOGOM, DOBRI LJUDI Podnaslov: Kako su liberali uvukli opa\u010dine u institucije Katoli\u010dke crkve Format: 13,5 x 20 cm Opseg: 360 stranica Uvez: meki Nadbiskup Omahe Elden F. Curtis: \u201eMeni se \u010dini da &#8216;krizu&#8217; zvanja ubrzavaju oni ljudi koji \u017eele promijeniti Crkvu\u2026 koji ne podupiru pravovjerne kandidate odane slu\u017ebenom u\u010denju pape [&hellip;]<\/p>\n","protected":false},"featured_media":298,"comment_status":"open","ping_status":"closed","template":"","meta":{"powered_cache_disable_cache":false,"powered_cache_disable_lazyload":false},"product_brand":[],"product_cat":[7],"product_tag":[],"class_list":{"0":"post-297","1":"product","2":"type-product","3":"status-publish","4":"has-post-thumbnail","6":"product_cat-posebna-izdanja","8":"first","9":"instock","10":"shipping-taxable","11":"purchasable","12":"product-type-simple"},"_links":{"self":[{"href":"https:\/\/naklada-benedikta.hr\/index.php\/wp-json\/wp\/v2\/product\/297","targetHints":{"allow":["GET"]}}],"collection":[{"href":"https:\/\/naklada-benedikta.hr\/index.php\/wp-json\/wp\/v2\/product"}],"about":[{"href":"https:\/\/naklada-benedikta.hr\/index.php\/wp-json\/wp\/v2\/types\/product"}],"replies":[{"embeddable":true,"href":"https:\/\/naklada-benedikta.hr\/index.php\/wp-json\/wp\/v2\/comments?post=297"}],"wp:featuredmedia":[{"embeddable":true,"href":"https:\/\/naklada-benedikta.hr\/index.php\/wp-json\/wp\/v2\/media\/298"}],"wp:attachment":[{"href":"https:\/\/naklada-benedikta.hr\/index.php\/wp-json\/wp\/v2\/media?parent=297"}],"wp:term":[{"taxonomy":"product_brand","embeddable":true,"href":"https:\/\/naklada-benedikta.hr\/index.php\/wp-json\/wp\/v2\/product_brand?post=297"},{"taxonomy":"product_cat","embeddable":true,"href":"https:\/\/naklada-benedikta.hr\/index.php\/wp-json\/wp\/v2\/product_cat?post=297"},{"taxonomy":"product_tag","embeddable":true,"href":"https:\/\/naklada-benedikta.hr\/index.php\/wp-json\/wp\/v2\/product_tag?post=297"}],"curies":[{"name":"wp","href":"https:\/\/api.w.org\/{rel}","templated":true}]}}