{"id":263,"date":"2018-02-28T18:11:22","date_gmt":"2018-02-28T18:11:22","guid":{"rendered":"http:\/\/naklada-benedikta.hr\/index.php\/product\/summa-daemoniaca\/"},"modified":"2022-01-22T22:07:14","modified_gmt":"2022-01-22T22:07:14","slug":"summa-daemoniaca","status":"publish","type":"product","link":"https:\/\/naklada-benedikta.hr\/index.php\/product\/summa-daemoniaca\/","title":{"rendered":"Summa daemoniaca"},"content":{"rendered":"<p><strong>PodnaslovI: &#8220;Traktat o demonologiji&#8221; i &#8220;Priru\u010dnik o egzorcizmu&#8221;<\/strong><br \/>\n<strong>Autor: Jose Antonio Fortea<\/strong><br \/>\n<strong>Opseg: 336 stranica<\/strong><br \/>\n<strong>Format: 13,5 x 20 cm<\/strong><br \/>\n<strong>Uvez: meki<\/strong><\/p>\n<p>Za\u0161to se autor odlu\u010dio ovoj knjizi dati naslov SUMMA DAEMONIACA?<\/p>\n<p>U prijevodu, to bi zna\u010dilo: \u201eSve o demonima i demonologiji\u201c. I, doista, \u010ditaju\u0107i je, \u010dovjeku zastaje dah. Je li mogu\u0107e da golema ve\u0107ina ljudi hoda ovim svijetom potpuno nesvjesna pogubnog djelovanja demona? Jest. A ima i onih koji svoj \u017eivot i du\u0161u svjesno predaju Zlome. Kako objasniti tolika zla na ovome svijetu? Kako shvatiti tolike plja\u010dke tu\u0111ih dobara tijekom povijesti, tolike ratove, ubijanja, pokolje, \u010dak nevine dje\u010dice?<\/p>\n<p>Vjerujemo li da me\u0111u nama ima posjednutih ljudi? Ljudi kojima vladaju zle sile?<\/p>\n<p>U \u0160panjolskoj, tvrdi autor ove knjige, tek svaka tisu\u0107ita posjednuta osoba potra\u017ei i uspije dobiti pomo\u0107 sve\u0107enika, egzorcista!<\/p>\n<p>Ova knjiga, osim odgovora na mnoga pitanja, donosi i mnoge slu\u010dajeve posjednu\u0107a, koje autor zorno opisuje.<\/p>\n","protected":false},"excerpt":{"rendered":"<p>PodnaslovI: &#8220;Traktat o demonologiji&#8221; i &#8220;Priru\u010dnik o egzorcizmu&#8221; Autor: Jose Antonio Fortea Opseg: 336 stranica Format: 13,5 x 20 cm Uvez: meki Za\u0161to se autor odlu\u010dio ovoj knjizi dati naslov SUMMA DAEMONIACA? U prijevodu, to bi zna\u010dilo: \u201eSve o demonima i demonologiji\u201c. I, doista, \u010ditaju\u0107i je, \u010dovjeku zastaje dah. Je li mogu\u0107e da golema ve\u0107ina [&hellip;]<\/p>\n","protected":false},"featured_media":264,"comment_status":"open","ping_status":"closed","template":"","meta":{"powered_cache_disable_cache":false,"powered_cache_disable_lazyload":false},"product_brand":[],"product_cat":[6],"product_tag":[],"class_list":{"0":"post-263","1":"product","2":"type-product","3":"status-publish","4":"has-post-thumbnail","6":"product_cat-duhovna-izdanja","8":"first","9":"instock","10":"shipping-taxable","11":"purchasable","12":"product-type-simple"},"_links":{"self":[{"href":"https:\/\/naklada-benedikta.hr\/index.php\/wp-json\/wp\/v2\/product\/263","targetHints":{"allow":["GET"]}}],"collection":[{"href":"https:\/\/naklada-benedikta.hr\/index.php\/wp-json\/wp\/v2\/product"}],"about":[{"href":"https:\/\/naklada-benedikta.hr\/index.php\/wp-json\/wp\/v2\/types\/product"}],"replies":[{"embeddable":true,"href":"https:\/\/naklada-benedikta.hr\/index.php\/wp-json\/wp\/v2\/comments?post=263"}],"wp:featuredmedia":[{"embeddable":true,"href":"https:\/\/naklada-benedikta.hr\/index.php\/wp-json\/wp\/v2\/media\/264"}],"wp:attachment":[{"href":"https:\/\/naklada-benedikta.hr\/index.php\/wp-json\/wp\/v2\/media?parent=263"}],"wp:term":[{"taxonomy":"product_brand","embeddable":true,"href":"https:\/\/naklada-benedikta.hr\/index.php\/wp-json\/wp\/v2\/product_brand?post=263"},{"taxonomy":"product_cat","embeddable":true,"href":"https:\/\/naklada-benedikta.hr\/index.php\/wp-json\/wp\/v2\/product_cat?post=263"},{"taxonomy":"product_tag","embeddable":true,"href":"https:\/\/naklada-benedikta.hr\/index.php\/wp-json\/wp\/v2\/product_tag?post=263"}],"curies":[{"name":"wp","href":"https:\/\/api.w.org\/{rel}","templated":true}]}}