{"id":209,"date":"2016-12-22T16:01:58","date_gmt":"2016-12-22T16:01:58","guid":{"rendered":"http:\/\/naklada-benedikta.hr\/?post_type=product&#038;p=209"},"modified":"2025-04-13T18:43:58","modified_gmt":"2025-04-13T17:43:58","slug":"hrvatska-geopoliticka-strategija-u-21-stoljecu-ili-hrvatsko-njihalo","status":"publish","type":"product","link":"https:\/\/naklada-benedikta.hr\/index.php\/product\/hrvatska-geopoliticka-strategija-u-21-stoljecu-ili-hrvatsko-njihalo\/","title":{"rendered":"Hrvatska geopoliti\u010dka strategija u 21. stolje\u0107u ili \u201eHrvatsko njihalo\u201c"},"content":{"rendered":"<p><strong>Podnaslov: Polazi\u0161ta za \u201eHrvatsku strategiju nacionalne sigurnosti\u201c<\/strong><br \/>\n<strong>Autor: Davor Domazet-Lo\u0161o<\/strong><br \/>\n<strong>Format: 13,5 x 20 cm<\/strong><br \/>\n<strong>Opseg: 416 stranica<\/strong><br \/>\n<strong>Uvez: meki<\/strong><\/p>\n<p>Tijekom cjelokupne povijesti hrvatskoga naroda Katoli\u010dka je crkva neizostavno bila njegov moralni i duhovni oslonac, i nikada, ni u najve\u0107im pogiblima, nije posustajala\u2026<\/p>\n<p>Ubrzani proces virtualizacije i slijedne dekroatizacije isto\u010dne obale Jadrana ukazuje na to da se on ne mo\u017ee reducirati samo na politi\u010dko-gospodarsku sastavnicu, ako se ne sagleda i ona vjerska \u2013 <em>katoli\u010dka<\/em>.<\/p>\n<p>Upravo je ona glavni, vi\u0161e ne i prikriveni cilj\u2026 europskih militantnih liberalista: kako li\u0161iti Vatikan \u010dvrstog oslonca na prvim vratima Euroazije?<\/p>\n<p>Nastoje\u0107i preokrenuti proces destrukcije, sv. Ivan Pavao II. za stoti pastoralni posjet odabire Hrvatsku kako bi na isto\u010dnoj obali Jadrana\u2026, ali i u dubini hrvatskoga prostora\u2026 odaslao poruku <em>urbi et orbi<\/em> o Hrvatima\u00a0 kao <em>\u00abneustra\u0161ivim svjedocima Evan\u0111elja\u00bb<\/em>, o Hrvatima kao <em>\u00abnarodu nade\u00bb<\/em>\u2026<\/p>\n<p>Ako u politici prevladava korumpiranost, na financijskom podru\u010dju lihvarenje banaka, a na ulicama organizirani kriminal, onda je to upozoravaju\u0107i znak da je <em>unutarnja agresija<\/em> u punom zamahu\u2026 Ako se Hrvatska u razumnom vremenu ne othrva unutarnjoj agresiji, i ako vladaju\u0107e i oporbene politi\u010dke elite budu i dalje namjerno \u010dinile pogrje\u0161ne korake propu\u0161taju\u0107i za\u0161tititi i sa\u010duvati temeljne hrvatske vrijednosti i interese, \u0161to su po Ustavu obvezne \u010diniti, onda postoji posve realna opasnost da hrvatski narod do\u017eivi novo gorko iskustvo, u kojemu bi, prvi put u svojoj dugoj povijesti, mogao ostati <em>bez bitka i bez identiteta<\/em>\u2026<\/p>\n<p>Da bi Hrvati osvijestili sebe, svoj ponos, svoje postojanje, svoj identitet i pona\u0161ali se kao istinski pobjednici, jer to jesu, moraju napokon istupiti iz tu\u0111e povijesti \u2013 srpske, ma\u0111arske, talijanske, austrougarske, turske, bruxelleske, a prije svega jugoslavenske. U protivnom, bez toga pro\u010di\u0161\u0107enja, ne\u0107e biti ni hrvatske dr\u017eave, jer \u0107e se, kameleonskom prilagodljivo\u0161\u0107u, versailleska tvorevina uvijek pojavljivati.<\/p>\n<p>Odmah poslije Domovinskog rata primjenom metode <em>\u00abpromjenjive slike \u010dovjeka\u00bb<\/em> voditelji specijalno-psiholo\u0161kog rata uspjeli su stvoriti dvije Hrvatske. Jedna je ona nacionala, domovinsko-braniteljska i vjerni\u010dka, koja je, djelovanjem prije svega <em>\u00abmeke sile\u00bb<\/em> (medija), obespravljena i u\u0161utkana. Druga, \u010diji postroj \u010dine nepopravljivi jugoslaveni, orjuna\u0161i, militantni liberalisti i bezbo\u0161ci, je bu\u010dna, nametljiva i isklju\u010diva.<\/p>\n<p>Te dvije, u temeljima opre\u010dne Hrvatske ne mogu koegzistirati. Njihov je sraz neizbje\u017ean. Ne fizi\u010dki, nego duhovno-vrijednosni, i ako pobijedi ova druga dogodit \u0107e se potpun slom, a posljedi\u010dno tome i poni\u0161tenje Hrvatske kao dr\u017eave\u2026<\/p>\n<p>Prijeko je potrebno re\u0107i da Srbi nisu niti mogu biti problem Hrvatskoj i Hrvatima, unato\u010d njihovim <em>\u00abMemorandumima\u00bb<\/em>, jer su ih Hrvati pobijedili u Domovinskom ratu i Srbi to dobro znaju. Problem Hrvatske i Hrvata jesu Jugoslaveni \u2013 <em>nositelji unutarnje agresije<\/em>\u2026<\/p>\n<p>&nbsp;<\/p>\n","protected":false},"excerpt":{"rendered":"<p>Podnaslov: Polazi\u0161ta za \u201eHrvatsku strategiju nacionalne sigurnosti\u201c Autor: Davor Domazet-Lo\u0161o Format: 13,5 x 20 cm Opseg: 416 stranica Uvez: meki Tijekom cjelokupne povijesti hrvatskoga naroda Katoli\u010dka je crkva neizostavno bila njegov moralni i duhovni oslonac, i nikada, ni u najve\u0107im pogiblima, nije posustajala\u2026 Ubrzani proces virtualizacije i slijedne dekroatizacije isto\u010dne obale Jadrana ukazuje na to [&hellip;]<\/p>\n","protected":false},"featured_media":210,"comment_status":"open","ping_status":"closed","template":"","meta":{"powered_cache_disable_cache":false,"powered_cache_disable_lazyload":false},"product_brand":[],"product_cat":[9],"product_tag":[],"class_list":{"0":"post-209","1":"product","2":"type-product","3":"status-publish","4":"has-post-thumbnail","6":"product_cat-politika-i-povijest","8":"first","9":"outofstock","10":"shipping-taxable","11":"purchasable","12":"product-type-simple"},"_links":{"self":[{"href":"https:\/\/naklada-benedikta.hr\/index.php\/wp-json\/wp\/v2\/product\/209","targetHints":{"allow":["GET"]}}],"collection":[{"href":"https:\/\/naklada-benedikta.hr\/index.php\/wp-json\/wp\/v2\/product"}],"about":[{"href":"https:\/\/naklada-benedikta.hr\/index.php\/wp-json\/wp\/v2\/types\/product"}],"replies":[{"embeddable":true,"href":"https:\/\/naklada-benedikta.hr\/index.php\/wp-json\/wp\/v2\/comments?post=209"}],"wp:featuredmedia":[{"embeddable":true,"href":"https:\/\/naklada-benedikta.hr\/index.php\/wp-json\/wp\/v2\/media\/210"}],"wp:attachment":[{"href":"https:\/\/naklada-benedikta.hr\/index.php\/wp-json\/wp\/v2\/media?parent=209"}],"wp:term":[{"taxonomy":"product_brand","embeddable":true,"href":"https:\/\/naklada-benedikta.hr\/index.php\/wp-json\/wp\/v2\/product_brand?post=209"},{"taxonomy":"product_cat","embeddable":true,"href":"https:\/\/naklada-benedikta.hr\/index.php\/wp-json\/wp\/v2\/product_cat?post=209"},{"taxonomy":"product_tag","embeddable":true,"href":"https:\/\/naklada-benedikta.hr\/index.php\/wp-json\/wp\/v2\/product_tag?post=209"}],"curies":[{"name":"wp","href":"https:\/\/api.w.org\/{rel}","templated":true}]}}