{"id":109,"date":"2012-11-14T01:27:08","date_gmt":"2012-11-14T01:27:08","guid":{"rendered":"http:\/\/naklada-benedikta.hr\/?post_type=product&#038;p=109"},"modified":"2023-08-17T09:33:50","modified_gmt":"2023-08-17T08:33:50","slug":"u-ime-naroda","status":"publish","type":"product","link":"https:\/\/naklada-benedikta.hr\/index.php\/product\/u-ime-naroda\/","title":{"rendered":"U ime naroda"},"content":{"rendered":"<p><strong>Autor: Eduard \u0160pehar<\/strong><br \/>\n<strong>Opseg: 336 stranica<\/strong><br \/>\n<strong>Format: 13,5 x 20 cm<\/strong><br \/>\n<strong>Uvez: meki<\/strong><\/p>\n<p>\u201eKnjiga\u2026 U ime naroda trebala bi biti obvezno \u0161tivo za sve one koji su ro\u0111eni u poslijeratnoj Hrvatskoj, kao i one koje istinski zanima hrvatska povijest. Spisateljski stil Eduarda \u0160pehara doziva u sje\u0107anje djela Prima Levija koja \u010ditatelja potpuno uranjaju u prizore, mirise, osje\u0107aje i misli \u010dovjeka koji pro\u017eivljava okrutnost \u010dovje\u010danstva bez gubitka vlastite \u010dovje\u010dnosti.\u201c<\/p>\n<p>Michael Palaich<br \/>\nMe\u0111u nama su [u logoru Pre\u010dko] bila dva brata, kadeta Hrvatske vojske iz biv\u0161e \u010casni\u010dke \u0161kole u Ilici 242 u Zagrebu\u2026 Jedan je imao petnaest godina, a drugi osamnaest. U toj su gu\u017evi ugledali majku pa su joj po\u010deli mahati, a ona se, \u010dim ih je ugledala, po\u010dela probijati prema njima. Nije se obazirala na prijetnje i psovke partizanskih stra\u017eara\u2026 Probijala se s hranom u rukama\u2026 Sada su joj maj\u010dinski nagoni govorili da negdje u tim zarobljeni\u010dkim logorima njezina djeca gladuju. Pro\u0161la je sve logore u regiji i napokon ih je prona\u0161la\u2026<br \/>\nBrzo je do\u0161la do ograde od bodljikave \u017eice. O\u010diju punih suza, raskrilila je ruke. \u017deljela ih je zagrliti, ali to nije bilo mogu\u0107e. \u017di\u010dana je ograda bila previsoka i pre\u0161iroka. Razmijenili su nekoliko rije\u010di. Brzo je poku\u0161ala gurnuti paket preko ograde, ali ga nije mogla progurati kroz \u017eicu. Tada ju je stariji sin zamolio da ga poku\u0161a baciti preko ograde. Poku\u0161ala je jednom, ali bez uspjeha\u2026 nije imala dovoljno snage\u2026 drugi put\u2026 gotovo je uspjela. Tre\u0107i ga je put uspjela baciti do vrha, ali je paket zapeo za o\u0161tru bodljikavu \u017eicu i ostao visjeti u zraku. Zatim se stariji brat uhvatio za \u017eicu, nekoliko metara iznad zemlje, kako bi dohvatio paket\u2026 dohvatio ga je i paket je pao na zemlju.<br \/>\nOdjednom su prema njima zapucale strojnice i ubile obojicu\u2026 Tijelo starijega ostalo je zapleteno u bodljikavu \u017eicu, a mla\u0111i je pao na mjestu. Metci nisu pogodili majku. Shvativ\u0161i\u2026 da su joj obojica sinova mrtva, po\u010dela je vri\u0161tati. Nikada nisam \u010duo takav stra\u0161an vrisak. Nije mogla prestati&#8230; U boli je po\u010dela \u010dupati kosu. Onda je zavladao jeziv muk. Pala\u00c2 je u nesvijest.<br \/>\nOko tijela mla\u0111ega brata \u0161irila se lokva krvi. Stariji je jo\u0161 uvijek visio na bodljikavoj \u017eici, a krv je s njega lila kao crvena ki\u0161a po hrani razasutoj po tlu.<br \/>\nS druge strane \u017eice stra\u017eari su pokupili i odvukli tijelo majke koja je jo\u0161 uvijek bila u nesvijesti.<\/p>\n<p><iframe title=\"U ime naroda\" width=\"900\" height=\"675\" src=\"https:\/\/www.youtube.com\/embed\/Gw6aV5UJ6Ds?feature=oembed\" frameborder=\"0\" allow=\"accelerometer; autoplay; clipboard-write; encrypted-media; gyroscope; picture-in-picture; web-share\" allowfullscreen><\/iframe><\/p>\n<p><img fetchpriority=\"high\" decoding=\"async\" class=\"alignnone wp-image-111 size-full\" src=\"http:\/\/naklada-benedikta.hr\/wp-content\/uploads\/2016\/07\/poz-u-ime-naroda.jpg\" alt=\"poz-u-ime-naroda\" width=\"842\" height=\"600\" srcset=\"https:\/\/naklada-benedikta.hr\/wp-content\/uploads\/2016\/07\/poz-u-ime-naroda.jpg 842w, https:\/\/naklada-benedikta.hr\/wp-content\/uploads\/2016\/07\/poz-u-ime-naroda-275x196.jpg 275w, https:\/\/naklada-benedikta.hr\/wp-content\/uploads\/2016\/07\/poz-u-ime-naroda-64x46.jpg 64w, https:\/\/naklada-benedikta.hr\/wp-content\/uploads\/2016\/07\/poz-u-ime-naroda-300x214.jpg 300w, https:\/\/naklada-benedikta.hr\/wp-content\/uploads\/2016\/07\/poz-u-ime-naroda-768x547.jpg 768w, https:\/\/naklada-benedikta.hr\/wp-content\/uploads\/2016\/07\/poz-u-ime-naroda-172x123.jpg 172w\" sizes=\"(max-width: 842px) 100vw, 842px\" \/><\/p>\n","protected":false},"excerpt":{"rendered":"<p>Autor: Eduard \u0160pehar Opseg: 336 stranica Format: 13,5 x 20 cm Uvez: meki \u201eKnjiga\u2026 U ime naroda trebala bi biti obvezno \u0161tivo za sve one koji su ro\u0111eni u poslijeratnoj Hrvatskoj, kao i one koje istinski zanima hrvatska povijest. Spisateljski stil Eduarda \u0160pehara doziva u sje\u0107anje djela Prima Levija koja \u010ditatelja potpuno uranjaju u prizore, [&hellip;]<\/p>\n","protected":false},"featured_media":110,"comment_status":"open","ping_status":"closed","template":"","meta":{"powered_cache_disable_cache":false,"powered_cache_disable_lazyload":false},"product_brand":[],"product_cat":[9],"product_tag":[],"class_list":{"0":"post-109","1":"product","2":"type-product","3":"status-publish","4":"has-post-thumbnail","6":"product_cat-politika-i-povijest","8":"first","9":"instock","10":"shipping-taxable","11":"purchasable","12":"product-type-simple"},"_links":{"self":[{"href":"https:\/\/naklada-benedikta.hr\/index.php\/wp-json\/wp\/v2\/product\/109","targetHints":{"allow":["GET"]}}],"collection":[{"href":"https:\/\/naklada-benedikta.hr\/index.php\/wp-json\/wp\/v2\/product"}],"about":[{"href":"https:\/\/naklada-benedikta.hr\/index.php\/wp-json\/wp\/v2\/types\/product"}],"replies":[{"embeddable":true,"href":"https:\/\/naklada-benedikta.hr\/index.php\/wp-json\/wp\/v2\/comments?post=109"}],"wp:featuredmedia":[{"embeddable":true,"href":"https:\/\/naklada-benedikta.hr\/index.php\/wp-json\/wp\/v2\/media\/110"}],"wp:attachment":[{"href":"https:\/\/naklada-benedikta.hr\/index.php\/wp-json\/wp\/v2\/media?parent=109"}],"wp:term":[{"taxonomy":"product_brand","embeddable":true,"href":"https:\/\/naklada-benedikta.hr\/index.php\/wp-json\/wp\/v2\/product_brand?post=109"},{"taxonomy":"product_cat","embeddable":true,"href":"https:\/\/naklada-benedikta.hr\/index.php\/wp-json\/wp\/v2\/product_cat?post=109"},{"taxonomy":"product_tag","embeddable":true,"href":"https:\/\/naklada-benedikta.hr\/index.php\/wp-json\/wp\/v2\/product_tag?post=109"}],"curies":[{"name":"wp","href":"https:\/\/api.w.org\/{rel}","templated":true}]}}