{"id":1082,"date":"2026-04-07T18:35:06","date_gmt":"2026-04-07T17:35:06","guid":{"rendered":"https:\/\/naklada-benedikta.hr\/?post_type=product&#038;p=1082"},"modified":"2026-04-07T18:37:33","modified_gmt":"2026-04-07T17:37:33","slug":"sveta-gemma-galgani","status":"publish","type":"product","link":"https:\/\/naklada-benedikta.hr\/index.php\/product\/sveta-gemma-galgani\/","title":{"rendered":"Sveta Gemma Galgani"},"content":{"rendered":"<p><strong>Naslov: Sveta Gemma Galgani<br \/>\n<\/strong><strong>Autor: Sestra Gesualda Sardi<\/strong><br \/>\n<strong>Opseg: 300 stranica<\/strong><br \/>\n<strong>Format: 13,5 x 20 cm<\/strong><br \/>\n<strong>Uvez: meki<\/strong><\/p>\n<p>\u017divot svete Gemme Galgani (1878. \u2013 1903.) pro\u0161ao je skrivenim i mra\u010dnim putem nerazumijevanja i prezira. U ovoj knjizi, koja je napisana obilno crpe\u0107i iz sveti\u010dinih spisa i svjedo\u010danstava osoba koje su uz nju \u017eivjele, predo\u010deni su divni darovi kojima ju je Bog uresio. To su ekstaze i stigme, ali nisu zaboravljene ni kreposti koje je posvjedo\u010dila u svakodnevnom \u017eivotu. A to su strpljivost, vedrina i \u017eelja da bude korisna. \u201eSiroma\u0161na\u201c Gemma bila je zaljubljena u kri\u017e i Isusove boli. \u201eNije dovoljno imati kri\u017e samo pred o\u010dima, potrebno ga je imati i u srcu. Ne odbijam kri\u017e, jer, ako odbijam kri\u017e, odbijam i Isusa. Sva je moja ljubav u kri\u017eu.\u201c Du\u0161e koje znaju \u0161to je kri\u017e na\u0107i \u0107e na ovim stranicama uzor trpljenja kakvo vi\u0161e pribli\u017eava Bogu.<br \/>\nSestra Gesualda bila je bosonoga karmeli\u0107anka iz Firenze. Objavila je biografiju svete Gemme Galgani u izdava\u010dkoj ku\u0107i Paoline 1930. Poslije pola stolje\u0107a to je djelo na iznena\u0111uju\u0107 na\u010din o\u010duvalo svoju izvornu svje\u017einu i naklonost javnosti.<\/p>\n<p style=\"text-align: right;\">\n","protected":false},"excerpt":{"rendered":"<p>Naslov: Sveta Gemma Galgani Autor: Sestra Gesualda Sardi Opseg: 300 stranica Format: 13,5 x 20 cm Uvez: meki \u017divot svete Gemme Galgani (1878. \u2013 1903.) pro\u0161ao je skrivenim i mra\u010dnim putem nerazumijevanja i prezira. U ovoj knjizi, koja je napisana obilno crpe\u0107i iz sveti\u010dinih spisa i svjedo\u010danstava osoba koje su uz nju \u017eivjele, predo\u010deni su [&hellip;]<\/p>\n","protected":false},"featured_media":1083,"comment_status":"open","ping_status":"closed","template":"","meta":{"powered_cache_disable_cache":false,"powered_cache_disable_lazyload":false},"product_brand":[],"product_cat":[6],"product_tag":[],"class_list":{"0":"post-1082","1":"product","2":"type-product","3":"status-publish","4":"has-post-thumbnail","6":"product_cat-duhovna-izdanja","8":"first","9":"instock","10":"featured","11":"shipping-taxable","12":"purchasable","13":"product-type-simple"},"_links":{"self":[{"href":"https:\/\/naklada-benedikta.hr\/index.php\/wp-json\/wp\/v2\/product\/1082","targetHints":{"allow":["GET"]}}],"collection":[{"href":"https:\/\/naklada-benedikta.hr\/index.php\/wp-json\/wp\/v2\/product"}],"about":[{"href":"https:\/\/naklada-benedikta.hr\/index.php\/wp-json\/wp\/v2\/types\/product"}],"replies":[{"embeddable":true,"href":"https:\/\/naklada-benedikta.hr\/index.php\/wp-json\/wp\/v2\/comments?post=1082"}],"wp:featuredmedia":[{"embeddable":true,"href":"https:\/\/naklada-benedikta.hr\/index.php\/wp-json\/wp\/v2\/media\/1083"}],"wp:attachment":[{"href":"https:\/\/naklada-benedikta.hr\/index.php\/wp-json\/wp\/v2\/media?parent=1082"}],"wp:term":[{"taxonomy":"product_brand","embeddable":true,"href":"https:\/\/naklada-benedikta.hr\/index.php\/wp-json\/wp\/v2\/product_brand?post=1082"},{"taxonomy":"product_cat","embeddable":true,"href":"https:\/\/naklada-benedikta.hr\/index.php\/wp-json\/wp\/v2\/product_cat?post=1082"},{"taxonomy":"product_tag","embeddable":true,"href":"https:\/\/naklada-benedikta.hr\/index.php\/wp-json\/wp\/v2\/product_tag?post=1082"}],"curies":[{"name":"wp","href":"https:\/\/api.w.org\/{rel}","templated":true}]}}