{"id":105,"date":"2012-08-14T01:21:11","date_gmt":"2012-08-14T01:21:11","guid":{"rendered":"http:\/\/naklada-benedikta.hr\/?post_type=product&#038;p=105"},"modified":"2023-08-17T09:26:28","modified_gmt":"2023-08-17T08:26:28","slug":"seksualna-sabotaza","status":"publish","type":"product","link":"https:\/\/naklada-benedikta.hr\/index.php\/product\/seksualna-sabotaza\/","title":{"rendered":"Seksualna sabota\u017ea"},"content":{"rendered":"<p><strong>Autor: Judith A. Reisman<\/strong><br \/>\n<strong>Opseg: 420 stranica<\/strong><br \/>\n<strong>Format: 15,5 x 23 cm<\/strong><br \/>\n<strong>Uvez: meki<\/strong><\/p>\n<p>Upravo prije oko godinu dana Hrvatsku je posjetila dr. Judith Reisman, osoba koja je, kao znanstvenica, potpuno raskrinkala \u201eoca seksualne revolucije\u201c, kao sama ka\u017ee, la\u017enog \u201eznanstvenika\u201c Alfreda C. Kinseyja. U Zagrebu su je, dobro se sje\u0107amo, radikalni ljevi\u010darski krugovi do\u010dekali \u201ena no\u017e\u201c.<\/p>\n<p>Ipak, ne mogu zaustaviti \u0161irenje istine.<\/p>\n<p>O Kinseyjevoj kabali \u201eznanstvenika\u201c seksologa, o Kinseyju kao krajnje nastranoj osobi, o krugovima koji su pokrenuli i financirali taj mra\u010dni projekt uni\u0161tenja morala, obitelji, djetinjstva, \u010dovjeka, dr. Reisman napisala je izvrsnu knjigu pod naslovom SEKSUALNA SABOTA\u017dA, u kojoj zorno dokazuje da je ono \u0161to su nazvali SEKSUALNA REVOLUCIJA bilo sabota\u017ea, tj. potkopavanje i uni\u0161tenje cijele jedne civilizacije \u2013 zapadne judeokr\u0161anske civilizacije, njezinih stolje\u0107ima izgra\u0111ivanih moralnih zasada \u2013 braka, obitelji, nevinosti djece, za\u0161tite \u017eena i djece.<\/p>\n<p>U dvadesetome stolje\u0107u Kinsey je sru\u0161io i preokrenuo patrijarhalno doba za\u0161tite najslabijih \u010dlanova na\u0161ega dru\u0161tva \u2013 na\u0161ih \u017eena i djece. Zanijekao je postojanje, zna\u010denje i vrijednost nevinosti i srama. Taj je lu\u0111ak imao svoj projekt. On i njegovi suurotnici \u017eeljeli su zlostavljati djecu, osobito mu\u0161ku djecu, pa se u svome \u00abistra\u017eivanju\u00bb nisu usredoto\u010dili samo na zadovoljavanje vlastitih seksualnih nagona nego i na uni\u0161tenje djece, obitelji i civilnog dru\u0161tva u kojemu smo imali povlasticu biti ro\u0111eni.<\/p>\n<p>Stoga se ne trebamo \u010duditi \u0161to su djeca danas, poslije \u0161ezdeset godina potpore pravnog sustava Kinseyjevoj pedofiliji, glavne mete seksualnih napada. Ali se ipak \u010dudimo. Ostali smo bez hrabrosti najve\u0107e generacije, koja je bila predana Bogu, odgovornosti, samokontroli, prijegoru i za\u0161titi \u017eena i djece. Ameri\u010dko obrazovanje na podru\u010dju spolnosti i pona\u0161anje ljudi odra\u017eavaju Kinseyjeve patolo\u0161ke, abnormalne, nasilne i kriminalne vrijednosti. Psihopatske nastranosti jednog prljavog starca nametnute su cijeloj jednoj naciji. Kao rezultat toga, valjamo se u postkinseyjevskoj seksualnoj kanalizaciji. Doista, u godinama poslije Kinseyja, Amerika je postala \u017ertva strahotnog pove\u0107anje broja seksualnih zlo\u010dina, \u010dak i nad dojen\u010dadi.<\/p>\n<p>Da budemo jasni, Kinseyjev glavni cilj bio je legitimirati promiskuitet svih mogu\u0107ih vrsta, tako da on postane ra\u0161irena i neograni\u010dena pojava. Legitimiranje biseksualnosti i homoseksualnosti, kao njegovih osobnih sklonosti, bilo je prirodno sredstvo za postizanje toga cilja.<\/p>\n<p>Dr. Reisman zorno predo\u010duje prijevaru Kinseyja i njegovih suradnika te otkriva bitne nove spoznaje o tome kako je Amerika krenula na pogrje\u0161an put te kako mo\u017eemo i moramo odbaciti seksualnu anarhiju koja uni\u0161tava i tijelo i du\u0161u, a koju nam je Kinsey dao u ime \u00aboslobo\u0111enja\u00bb. Time \u0107emo, ka\u017ee autorica, vratiti plemeniti moralni karakter svojoj zemlji i sebi, karakter koji donosi istinsku slobodu.<\/p>\n<p>Objave o knjizi:<\/p>\n<p><a href=\"http:\/\/www.hkv.hr\/kultura\/vijesti-kultura\/17013-izisla-seksualna-sabotaza-judith-a-reisman-u-prijevodu-na-hrvatskom.html\">Izi\u0161la \u201eSeksualna sabota\u017ea&#8221; Judith A. Reisman<\/a><\/p>\n<p><a href=\"https:\/\/www.youtube.com\/watch?v=1RGs_VttPkY\">Tribina na Medicinskom fakultetu u Zagrebu, 29. lipnja 2014.: Timothy Tate, dr. Judith Reisman, Thomas Hampson i dekan Medicinskog fakulteta prof. dr. Davor Mili\u010devi\u0107<\/a><\/p>\n<p><a href=\"http:\/\/www.laudato.hr\/Novosti\/Hrvatska\/Predstavljena-knjiga-Seksualna-sabotaza-dr-Judith.aspx\">Predstavljena knjiga \u201eSeksualna sabota\u017ea\u201c dr. Judith Reisman<\/a><\/p>\n<p><a href=\"http:\/\/narod.hr\/kultura\/hodak-jovanovic-proglasio-rad-j-reisman-sundom-sve-s-cim-se-ne-slaze-za-njega-je-sund\/\">Hodak: Jovanovi\u0107 proglasio rad J. Reisman \u0161undom, sve s \u010dim se ne sla\u017ee \u2013 za njega je \u0161und<\/a><\/p>\n","protected":false},"excerpt":{"rendered":"<p>Autor: Judith A. Reisman Opseg: 420 stranica Format: 15,5 x 23 cm Uvez: meki Upravo prije oko godinu dana Hrvatsku je posjetila dr. Judith Reisman, osoba koja je, kao znanstvenica, potpuno raskrinkala \u201eoca seksualne revolucije\u201c, kao sama ka\u017ee, la\u017enog \u201eznanstvenika\u201c Alfreda C. Kinseyja. U Zagrebu su je, dobro se sje\u0107amo, radikalni ljevi\u010darski krugovi do\u010dekali \u201ena [&hellip;]<\/p>\n","protected":false},"featured_media":106,"comment_status":"open","ping_status":"closed","template":"","meta":{"powered_cache_disable_cache":false,"powered_cache_disable_lazyload":false},"product_brand":[],"product_cat":[9],"product_tag":[],"class_list":{"0":"post-105","1":"product","2":"type-product","3":"status-publish","4":"has-post-thumbnail","6":"product_cat-politika-i-povijest","8":"first","9":"instock","10":"shipping-taxable","11":"purchasable","12":"product-type-simple"},"_links":{"self":[{"href":"https:\/\/naklada-benedikta.hr\/index.php\/wp-json\/wp\/v2\/product\/105","targetHints":{"allow":["GET"]}}],"collection":[{"href":"https:\/\/naklada-benedikta.hr\/index.php\/wp-json\/wp\/v2\/product"}],"about":[{"href":"https:\/\/naklada-benedikta.hr\/index.php\/wp-json\/wp\/v2\/types\/product"}],"replies":[{"embeddable":true,"href":"https:\/\/naklada-benedikta.hr\/index.php\/wp-json\/wp\/v2\/comments?post=105"}],"wp:featuredmedia":[{"embeddable":true,"href":"https:\/\/naklada-benedikta.hr\/index.php\/wp-json\/wp\/v2\/media\/106"}],"wp:attachment":[{"href":"https:\/\/naklada-benedikta.hr\/index.php\/wp-json\/wp\/v2\/media?parent=105"}],"wp:term":[{"taxonomy":"product_brand","embeddable":true,"href":"https:\/\/naklada-benedikta.hr\/index.php\/wp-json\/wp\/v2\/product_brand?post=105"},{"taxonomy":"product_cat","embeddable":true,"href":"https:\/\/naklada-benedikta.hr\/index.php\/wp-json\/wp\/v2\/product_cat?post=105"},{"taxonomy":"product_tag","embeddable":true,"href":"https:\/\/naklada-benedikta.hr\/index.php\/wp-json\/wp\/v2\/product_tag?post=105"}],"curies":[{"name":"wp","href":"https:\/\/api.w.org\/{rel}","templated":true}]}}