{"id":1041,"date":"2025-09-04T21:49:52","date_gmt":"2025-09-04T20:49:52","guid":{"rendered":"https:\/\/naklada-benedikta.hr\/?post_type=product&#038;p=1041"},"modified":"2025-12-03T11:20:47","modified_gmt":"2025-12-03T10:20:47","slug":"christus-vincit-kristova-pobjeda-nad-tamom-ovoga-vremena","status":"publish","type":"product","link":"https:\/\/naklada-benedikta.hr\/index.php\/product\/christus-vincit-kristova-pobjeda-nad-tamom-ovoga-vremena\/","title":{"rendered":"Christus Vincit: Kristova pobjeda nad tamom ovoga vremena"},"content":{"rendered":"<p><strong>Naslov: Christus Vincit<br \/>\n<\/strong><strong>Podnaslov: Kristova pobjeda nad tamom ovoga vremena<\/strong><br \/>\n<strong>Autor: biskup Athanasius Schneider<\/strong><br \/>\n<strong>Opseg: 344 stranice<\/strong><br \/>\n<strong>Format: 15,5 x 22,3 cm<\/strong><br \/>\n<strong>Uvez: tvrdi<\/strong><\/p>\n<p>U ovome intervjuu, koji plijeni, biskup Athanasius Schneider daje iskrenu i prodornu analizu \u017eestokih polemika koje se vode u Crkvi i naj\u017eurnijih pitanja na\u0161ega vremena, te daje jasno\u0107u i nadu napa\u0107enim katolicima. Obra\u0111uje teme poput ra\u0161irene pomutnje u crkvenom nauku, granica papinih ovlasti, dokumenata Drugog vatikanskog koncila, Dru\u0161tva Sv. Pija X., protukr\u0161\u0107anskih ideologija i politi\u010dkih opasnosti, Tre\u0107e fatimske poruke, tradicionalnog rimskog obreda, Amazonske sinode, me\u0111u ostalim temama. Poput svoga za\u0161titnika iz \u010detvrtoga stolje\u0107a, sv. Atanazija Velikog, biskup Schneider govori o pitanjima o kojima drugi \u0161ute, neustra\u0161ivo slijede\u0107i savjet sv. Pavla: \u201ePropovijedaj Rije\u010d, uporan budi \u2013 bilo to zgodno ili nezgodno \u2013 uvjeravaj, prijeti, zapovijedaj sa svom strpljivo\u0161\u0107u i poukom\u201c (2 Tim 4,2). Njegovi uvidi u probleme s kojima se danas suo\u010dava Kristovo stado jesu neizostavno \u0161tivo onima koji jesu ili \u017eele biti budni na znakove vremena. Podsje\u0107aju\u0107i na Ratzingerovo izvje\u0161\u0107e iz 1985., knjiga Christus Vincit bit \u0107e klju\u010dna referentna to\u010dka godinama u budu\u0107nosti. \u201eU ovome kriti\u010dnom trenutku \u017eivota Crkve moramo pomno razmisliti o svemu s \u010dime smo suo\u010deni i razlu\u010diti \u0161to je istinito, dobro i lijepo od svega \u0161to je zlo. Mo\u017eemo samo biti zahvalni vjernome apostolu poput biskupa Athanasiusa Schneidera na njegovoj jasnoj i hrabroj analizi stanja Crkve na\u0161ih dana. Neka ova knjiga pomogne svima koji je budu \u010ditali kako bi \u017eivjeli svoje posebno zvanje s ve\u0107om vjernosti i \u017earom, na slavu Svemogu\u0107ega Boga i spasenje du\u0161a.\u201c<\/p>\n<p style=\"text-align: right;\"><em>Kardinal Robert Sarah<\/em><\/p>\n<p>&nbsp;<\/p>\n<p>\u201eNijedan drugi biskup kojega u posljednje vrijeme pamtimo nije se tako neumorno davao u slu\u017ebi istina katoli\u010dke vjere. U ovome intervjuu, koji obuhva\u0107a \u0161irok raspon tema, biskup Schneider, pri\u010dom o svome \u017eivotu i slu\u017ebi te odgovorima na presudna pitanja dana\u0161njice, daje sna\u017eno svjedo\u010danstvo svoje duboke ljubavi prema Gospodinu i njegovu misti\u010dnom tijelu \u2013 Crkvi. Ova \u0107e knjiga biti velika pomo\u0107 vjernicima i svim ljudima dobre volje na putovanju kroz ozbiljnu pomutnju, podjele i pogrje\u0161ke koji prevladavaju u na\u0161emu 2 vremenu. Ona otkriva srce pravoga pastira du\u0161a, sli\u010dna Srcu Krista, Dobrog Pastira.\u201c<\/p>\n<p style=\"text-align: right;\"><em>Kardinal Raymond Leo Burke<\/em><\/p>\n<p>&nbsp;<\/p>\n<p>\u201eSv. Tereza od Djeteta Isusa (,mali Cvijet&amp;#39;) rekla je da je poniznost hrabrost za istinu i hrabrost za slu\u017eenje. Biskup Schneider je ponizan i juna\u010dki svjedok istine te hrabar sluga. Njegova ljubav prema Kristu i Crkvi sna\u017ena je, duboka i iskrena, poput ljubavi sv. Pavla (Gal 2,11-20). Na razna pitanja o krizama s kojima smo suo\u010deni (relativizma, sekularizma, modernizma, ravnodu\u0161nosti) on odgovara kao vjerni pastir i pronicljiv teolog. Mene je nadahnula i potaknula.\u201c<\/p>\n<p style=\"text-align: right;\"><em>Scott Hahn<\/em><\/p>\n<p>&nbsp;<\/p>\n<p>\u201eIzdanak progonjene Crkve u Sovjetskom Savezu, biskup Athanasius Schneider u ovome intervjuu sna\u017eno poziva na povratak klasi\u010dnom u\u010denju, \u0161tovanju i pobo\u017enosti Rimske crkve. Ne\u0107e se svi \u010ditatelji slo\u017eiti sa svime iz njegovih analiza, ali \u0107e im biti te\u0161ko usprotiviti se njegovim temeljnim percepcijama \u2013 da Crkva zahtijeva korjenit povratak na nadnaravno, \u0161to \u0107e spasiti Crkvu od nutarnje sekularizacije, osloboditi je od prevlasti ljudskih planova i nadahnuti je novim \u017earom prema njezinom bo\u017eanskom poslanju.\u201c<\/p>\n<p style=\"text-align: right;\"><em>Otac Aidan Nichols, O.P.<\/em><\/p>\n<p>&nbsp;<\/p>\n<p style=\"text-align: right;\">\u201e\u010citanje ovoga sveobuhvatnog intervjua s jednim od najistaknutijih biskupa danas u Crkvi iskustvo je duboke radosti i zahvalnosti. Biskup Schneider obja\u0161njava i brani katoli\u010dku istinu s dubokim uvidom i potpunim uvjerenjem. Podsje\u0107a nas da odanost Kristu \u2013 puno prihva\u0107anje njegove istine kako je u\u010di Katoli\u010dka crkva \u2013 jest svrha na\u0161ega postojanja i jedini izvor na\u0161ega spasenja.\u201c<br \/>\n<em>Otac Gerald E. Murray<\/em><\/p>\n","protected":false},"excerpt":{"rendered":"<p>Naslov: Christus Vincit Podnaslov: Kristova pobjeda nad tamom ovoga vremena Autor: biskup Athanasius Schneider Opseg: 344 stranice Format: 15,5 x 22,3 cm Uvez: tvrdi U ovome intervjuu, koji plijeni, biskup Athanasius Schneider daje iskrenu i prodornu analizu \u017eestokih polemika koje se vode u Crkvi i naj\u017eurnijih pitanja na\u0161ega vremena, te daje jasno\u0107u i nadu napa\u0107enim [&hellip;]<\/p>\n","protected":false},"featured_media":1042,"comment_status":"open","ping_status":"closed","template":"","meta":{"powered_cache_disable_cache":false,"powered_cache_disable_lazyload":false},"product_brand":[],"product_cat":[6],"product_tag":[],"class_list":{"0":"post-1041","1":"product","2":"type-product","3":"status-publish","4":"has-post-thumbnail","6":"product_cat-duhovna-izdanja","8":"first","9":"instock","10":"featured","11":"shipping-taxable","12":"purchasable","13":"product-type-simple"},"_links":{"self":[{"href":"https:\/\/naklada-benedikta.hr\/index.php\/wp-json\/wp\/v2\/product\/1041","targetHints":{"allow":["GET"]}}],"collection":[{"href":"https:\/\/naklada-benedikta.hr\/index.php\/wp-json\/wp\/v2\/product"}],"about":[{"href":"https:\/\/naklada-benedikta.hr\/index.php\/wp-json\/wp\/v2\/types\/product"}],"replies":[{"embeddable":true,"href":"https:\/\/naklada-benedikta.hr\/index.php\/wp-json\/wp\/v2\/comments?post=1041"}],"wp:featuredmedia":[{"embeddable":true,"href":"https:\/\/naklada-benedikta.hr\/index.php\/wp-json\/wp\/v2\/media\/1042"}],"wp:attachment":[{"href":"https:\/\/naklada-benedikta.hr\/index.php\/wp-json\/wp\/v2\/media?parent=1041"}],"wp:term":[{"taxonomy":"product_brand","embeddable":true,"href":"https:\/\/naklada-benedikta.hr\/index.php\/wp-json\/wp\/v2\/product_brand?post=1041"},{"taxonomy":"product_cat","embeddable":true,"href":"https:\/\/naklada-benedikta.hr\/index.php\/wp-json\/wp\/v2\/product_cat?post=1041"},{"taxonomy":"product_tag","embeddable":true,"href":"https:\/\/naklada-benedikta.hr\/index.php\/wp-json\/wp\/v2\/product_tag?post=1041"}],"curies":[{"name":"wp","href":"https:\/\/api.w.org\/{rel}","templated":true}]}}