{"id":101,"date":"2012-06-14T01:14:42","date_gmt":"2012-06-14T01:14:42","guid":{"rendered":"http:\/\/naklada-benedikta.hr\/?post_type=product&#038;p=101"},"modified":"2023-08-17T11:07:18","modified_gmt":"2023-08-17T10:07:18","slug":"zaboravljena-generacija","status":"publish","type":"product","link":"https:\/\/naklada-benedikta.hr\/index.php\/product\/zaboravljena-generacija\/","title":{"rendered":"Zaboravljena generacija"},"content":{"rendered":"<p><strong>Autor: Sabine Bode<\/strong><br \/>\n<strong>Opseg: 256 stranica<\/strong><br \/>\n<strong>Format: 13,5 x 20 cm<\/strong><br \/>\n<strong>Uvez: meki<\/strong><\/p>\n<p>Kada je rat zavr\u0161io, za stanovnike Njema\u010dke po\u010delo je razdoblje obnove, razvoja, ali i potiskivanja.<br \/>\nZarobljeni\u0161tvo, no\u0107i provedene u podrumima tijekom bombardiranja, sudioni\u0161tvo u ratu, izbjegli\u0161tvo i progonstvo, sve je to ostavila trag koji se osjeti i u drugoj, pa i tre\u0107oj generaciji. Zatomljene tragedije djece rata opteretile su i njih i njihovu djecu. Tek poslije ponovnog ujedinjenja Njema\u010dke, kada je rat i u politi\u010dkom smislu zavr\u0161io, ta je \u017eeljezna \u0161utnja prekinuta i ljudi su progovorili o boli i krivici. Ovo je dirljiva i va\u017ena knjiga koja pokazuje koliko su ratne traume jo\u0161 uvijek va\u017ene u dru\u0161tvu.<\/p>\n<p>Sabine Bode, ro\u0111ena 1947., bila je urednica u dnevnim novinama K\u00f6lner Stadt-Anzeiger. Od 1977. \u017eivi u K\u00f6lnu, gdje radi kao slobodna novinarka i spisateljica. Uglavnom radi za redakcije za kulturu na radiju WDR i radiju NDR. U ovo pro\u0161ireno i aktualizirano izdanje Zaboravljene generacije uvrstila je potresne do\u017eivljaje koje je prikupila tijekom predstavljanja ove knjige, od njezina prvoga izdanja. Posljednja knjiga koju je autorica objavila je Die deutsche Krankheit-German Angst (Njema\u010dka bolest-German Angst).<\/p>\n","protected":false},"excerpt":{"rendered":"<p>Autor: Sabine Bode Opseg: 256 stranica Format: 13,5 x 20 cm Uvez: meki Kada je rat zavr\u0161io, za stanovnike Njema\u010dke po\u010delo je razdoblje obnove, razvoja, ali i potiskivanja. Zarobljeni\u0161tvo, no\u0107i provedene u podrumima tijekom bombardiranja, sudioni\u0161tvo u ratu, izbjegli\u0161tvo i progonstvo, sve je to ostavila trag koji se osjeti i u drugoj, pa i tre\u0107oj [&hellip;]<\/p>\n","protected":false},"featured_media":102,"comment_status":"open","ping_status":"closed","template":"","meta":{"powered_cache_disable_cache":false,"powered_cache_disable_lazyload":false},"product_brand":[],"product_cat":[9],"product_tag":[],"class_list":{"0":"post-101","1":"product","2":"type-product","3":"status-publish","4":"has-post-thumbnail","6":"product_cat-politika-i-povijest","8":"first","9":"instock","10":"shipping-taxable","11":"purchasable","12":"product-type-simple"},"_links":{"self":[{"href":"https:\/\/naklada-benedikta.hr\/index.php\/wp-json\/wp\/v2\/product\/101","targetHints":{"allow":["GET"]}}],"collection":[{"href":"https:\/\/naklada-benedikta.hr\/index.php\/wp-json\/wp\/v2\/product"}],"about":[{"href":"https:\/\/naklada-benedikta.hr\/index.php\/wp-json\/wp\/v2\/types\/product"}],"replies":[{"embeddable":true,"href":"https:\/\/naklada-benedikta.hr\/index.php\/wp-json\/wp\/v2\/comments?post=101"}],"wp:featuredmedia":[{"embeddable":true,"href":"https:\/\/naklada-benedikta.hr\/index.php\/wp-json\/wp\/v2\/media\/102"}],"wp:attachment":[{"href":"https:\/\/naklada-benedikta.hr\/index.php\/wp-json\/wp\/v2\/media?parent=101"}],"wp:term":[{"taxonomy":"product_brand","embeddable":true,"href":"https:\/\/naklada-benedikta.hr\/index.php\/wp-json\/wp\/v2\/product_brand?post=101"},{"taxonomy":"product_cat","embeddable":true,"href":"https:\/\/naklada-benedikta.hr\/index.php\/wp-json\/wp\/v2\/product_cat?post=101"},{"taxonomy":"product_tag","embeddable":true,"href":"https:\/\/naklada-benedikta.hr\/index.php\/wp-json\/wp\/v2\/product_tag?post=101"}],"curies":[{"name":"wp","href":"https:\/\/api.w.org\/{rel}","templated":true}]}}