{"id":1001,"date":"2025-06-30T06:50:26","date_gmt":"2025-06-30T05:50:26","guid":{"rendered":"https:\/\/naklada-benedikta.hr\/?post_type=product&#038;p=1001"},"modified":"2025-06-30T06:54:32","modified_gmt":"2025-06-30T05:54:32","slug":"vruci-mir-1","status":"publish","type":"product","link":"https:\/\/naklada-benedikta.hr\/index.php\/product\/vruci-mir-1\/","title":{"rendered":"Vru\u0107i mir 1"},"content":{"rendered":"<p><strong>Naslov: Vru\u0107i mir 1<\/strong><br \/>\n<strong>Autor: Davor Domazet-Lo\u0161o<\/strong><br \/>\n<strong>Opseg: 420 stranica<\/strong><br \/>\n<strong>Format: 14 x 21 cm<\/strong><br \/>\n<strong>Uvez: tvrdi<\/strong><\/p>\n<p>Kada je rije\u010d o vojnim stvarima pratio sam nekolicinu analiti\u010dara, me\u0111u kojima mi je mo\u017eda najdra\u017ei hrvatski admiral Davor Domazet-Lo\u0161o (u mirovini). Ima duboko i detaljno poznavanje o tehni\u010dkim pitanjima (poput Andreja Martyanova, inzistira na tome da se ne mo\u017ee nadvladati u suvremenom ratovanju bez dubokog poznavanja napredne matematike I probabilnosti). \u0160to je jo\u0161 va\u017enije, on mo\u017eda ima najjasnije razumijevanje \u0161irokog povijesnog konteksta dana\u0161njeg sukoba izme\u0111u Rusije i zapadnih sila. Domazet je jedini vojni analiti\u010dar za kojega znam, a koji uzima u obzir povijest zapadne financijske oligarhije, njihove venecijanske korijene, selidbu u Amsterdam, gdje su formirali Nizozemsko Carstvo, te kasniju selidbu u London, koji je do danas ostao ideolo\u0161ko i duhovno sjedi\u0161te ne mrtvog Britanskog Carstva.<\/p>\n<p>On je ispravno ozna\u010dio neprijatelja \u010dovje\u010danstva kao \u201ezapadnu okultnu oligarhiju\u201c, \u010dak je rat u Ukrajini nazvao sukobom Krista i antikrista, nagla\u0161avaju\u0107i da je antikrist na zapadu. Imajte na umu da je Hrvatska \u010dlanica NATO-a i, kao i Poljska, katoli\u010dka slavenska nacija, koja dijeli \u010dak i neke njezine kulturne rusofobije (iako ona mo\u017eda nije tako bijesna u Hrvatskoj kao u Poljskoj).<\/p>\n<p>[AL KRAINER]<br \/>\nobjavio putem mre\u017ee<br \/>\nTrendCompass.<\/p>\n","protected":false},"excerpt":{"rendered":"<p>Naslov: Vru\u0107i mir 1 Autor: Davor Domazet-Lo\u0161o Opseg: 420 stranica Format: 14 x 21 cm Uvez: tvrdi Kada je rije\u010d o vojnim stvarima pratio sam nekolicinu analiti\u010dara, me\u0111u kojima mi je mo\u017eda najdra\u017ei hrvatski admiral Davor Domazet-Lo\u0161o (u mirovini). Ima duboko i detaljno poznavanje o tehni\u010dkim pitanjima (poput Andreja Martyanova, inzistira na tome da se [&hellip;]<\/p>\n","protected":false},"featured_media":1002,"comment_status":"open","ping_status":"closed","template":"","meta":{"powered_cache_disable_cache":false,"powered_cache_disable_lazyload":false},"product_brand":[],"product_cat":[9],"product_tag":[],"class_list":{"0":"post-1001","1":"product","2":"type-product","3":"status-publish","4":"has-post-thumbnail","6":"product_cat-politika-i-povijest","8":"first","9":"instock","10":"featured","11":"shipping-taxable","12":"purchasable","13":"product-type-simple"},"_links":{"self":[{"href":"https:\/\/naklada-benedikta.hr\/index.php\/wp-json\/wp\/v2\/product\/1001","targetHints":{"allow":["GET"]}}],"collection":[{"href":"https:\/\/naklada-benedikta.hr\/index.php\/wp-json\/wp\/v2\/product"}],"about":[{"href":"https:\/\/naklada-benedikta.hr\/index.php\/wp-json\/wp\/v2\/types\/product"}],"replies":[{"embeddable":true,"href":"https:\/\/naklada-benedikta.hr\/index.php\/wp-json\/wp\/v2\/comments?post=1001"}],"wp:featuredmedia":[{"embeddable":true,"href":"https:\/\/naklada-benedikta.hr\/index.php\/wp-json\/wp\/v2\/media\/1002"}],"wp:attachment":[{"href":"https:\/\/naklada-benedikta.hr\/index.php\/wp-json\/wp\/v2\/media?parent=1001"}],"wp:term":[{"taxonomy":"product_brand","embeddable":true,"href":"https:\/\/naklada-benedikta.hr\/index.php\/wp-json\/wp\/v2\/product_brand?post=1001"},{"taxonomy":"product_cat","embeddable":true,"href":"https:\/\/naklada-benedikta.hr\/index.php\/wp-json\/wp\/v2\/product_cat?post=1001"},{"taxonomy":"product_tag","embeddable":true,"href":"https:\/\/naklada-benedikta.hr\/index.php\/wp-json\/wp\/v2\/product_tag?post=1001"}],"curies":[{"name":"wp","href":"https:\/\/api.w.org\/{rel}","templated":true}]}}