{"id":128,"date":"2016-07-14T02:03:37","date_gmt":"2016-07-14T02:03:37","guid":{"rendered":"http:\/\/naklada-benedikta.hr\/?page_id=128"},"modified":"2017-03-16T21:10:19","modified_gmt":"2017-03-16T21:10:19","slug":"kontakt","status":"publish","type":"page","link":"https:\/\/naklada-benedikta.hr\/index.php\/kontakt\/","title":{"rendered":"Kontakt"},"content":{"rendered":"<p>Na\u0161e knjige mo\u017eete naru\u010diti:<\/p>\n<ul>\n<li><strong>telefonom na: 01-6570-701<\/strong><\/li>\n<li><strong>mobitelom na: 091-6637-576<\/strong><\/li>\n<li><strong>e-milom na: naklada@naklada-benedikta.hr<\/strong><\/li>\n<\/ul>\n<p>Knjige u Hrvatsku \u0161aljemo pouze\u0107em.<\/p>\n<p>Za narud\u017ebe iz Hrvatske u iznosu ve\u0107em od 100,00 kn po\u0161tarinu pla\u0107a Naklada Benedikta<\/p>\n<p><strong>Zahvaljujemo.<\/strong><\/p>\n","protected":false},"excerpt":{"rendered":"<p>Na\u0161e knjige mo\u017eete naru\u010diti: telefonom na: 01-6570-701 mobitelom na: 091-6637-576 e-milom na: naklada@naklada-benedikta.hr Knjige u Hrvatsku \u0161aljemo pouze\u0107em. Za narud\u017ebe iz Hrvatske u iznosu ve\u0107em od 100,00 kn po\u0161tarinu pla\u0107a Naklada Benedikta Zahvaljujemo.<\/p>\n","protected":false},"author":1,"featured_media":0,"parent":0,"menu_order":0,"comment_status":"closed","ping_status":"closed","template":"","meta":{"powered_cache_disable_cache":false,"powered_cache_disable_lazyload":false,"footnotes":""},"class_list":["post-128","page","type-page","status-publish","hentry"],"_links":{"self":[{"href":"https:\/\/naklada-benedikta.hr\/index.php\/wp-json\/wp\/v2\/pages\/128","targetHints":{"allow":["GET"]}}],"collection":[{"href":"https:\/\/naklada-benedikta.hr\/index.php\/wp-json\/wp\/v2\/pages"}],"about":[{"href":"https:\/\/naklada-benedikta.hr\/index.php\/wp-json\/wp\/v2\/types\/page"}],"author":[{"embeddable":true,"href":"https:\/\/naklada-benedikta.hr\/index.php\/wp-json\/wp\/v2\/users\/1"}],"replies":[{"embeddable":true,"href":"https:\/\/naklada-benedikta.hr\/index.php\/wp-json\/wp\/v2\/comments?post=128"}],"version-history":[{"count":0,"href":"https:\/\/naklada-benedikta.hr\/index.php\/wp-json\/wp\/v2\/pages\/128\/revisions"}],"wp:attachment":[{"href":"https:\/\/naklada-benedikta.hr\/index.php\/wp-json\/wp\/v2\/media?parent=128"}],"curies":[{"name":"wp","href":"https:\/\/api.w.org\/{rel}","templated":true}]}}