{"id":125,"date":"2016-07-14T02:01:24","date_gmt":"2016-07-14T02:01:24","guid":{"rendered":"http:\/\/naklada-benedikta.hr\/?page_id=125"},"modified":"2016-07-14T02:01:24","modified_gmt":"2016-07-14T02:01:24","slug":"o-nama","status":"publish","type":"page","link":"https:\/\/naklada-benedikta.hr\/index.php\/o-nama\/","title":{"rendered":"O nama"},"content":{"rendered":"<p>Izdava\u010dka ku\u0107a Naklada Benedikta utemeljena je 10. srpnja 2010. godine u Zagrebu. Pokrenuta je kako bi promicala istinu o Hrvatskoj i svijetu te pridonijela o\u010duvanju katoli\u010dkog identiteta i op\u0107eljudskih vrjednota hrvatskoga \u010dovjeka, osobito mlade\u017ei.<br \/>\n\u017divimo u te\u0161kom vremenu, u kojemu se la\u017ei i toliko opasne poluistine agresivno promi\u010du i \u0161ire putem svih medija, s ciljem da ih se ugradi u moralne, odgojne, kulturne, povijesne, politi\u010dke i druge odredbe i zakone. Stoga \u017eelimo knjigom, kao jedinim medijem pomo\u0107u kojega nam je mogu\u0107e djelovati, hrvatskim \u010ditateljima govoriti istinu.<br \/>\nU ovom monopolisti\u010dkom, agresivnom i perfidnom svijetu mo\u0107i, koji je uz pomo\u0107 medija postao tvornica la\u017ei za materijalne probitke malog broja ljudi, Naklada Benedikta nudi dobru knjigu, istinito i zdravo \u0161tivo.<br \/>\nOsvjedo\u010deni smo da na\u0161i \u010ditatelji, ljudi \u017eedni istine, a zbunjeni i ranjeni nemilosr\u0111em i nepravdom, to iznimno cijene.<br \/>\nNaklada Benedikta ima tri biblioteke:<\/p>\n<p>\u2022 <a href=\"http:\/\/naklada-benedikta.hr\/index.php\/kategorija-proizvoda\/duhovna-izdanja\/\">Duhova izdanja <\/a><br \/>\n\u2022 <a href=\"http:\/\/naklada-benedikta.hr\/index.php\/kategorija-proizvoda\/politika-i-povijest\/\">Povijest i politika <\/a><br \/>\n\u2022 <a href=\"http:\/\/naklada-benedikta.hr\/index.php\/kategorija-proizvoda\/posebna-izdanja\/\">Posebna izdanja<\/a><\/p>\n","protected":false},"excerpt":{"rendered":"<p>Izdava\u010dka ku\u0107a Naklada Benedikta utemeljena je 10. srpnja 2010. godine u Zagrebu. Pokrenuta je kako bi promicala istinu o Hrvatskoj i svijetu te pridonijela o\u010duvanju katoli\u010dkog identiteta i op\u0107eljudskih vrjednota hrvatskoga \u010dovjeka, osobito mlade\u017ei. \u017divimo u te\u0161kom vremenu, u kojemu se la\u017ei i toliko opasne poluistine agresivno promi\u010du i \u0161ire putem svih medija, s ciljem [&hellip;]<\/p>\n","protected":false},"author":1,"featured_media":0,"parent":0,"menu_order":0,"comment_status":"closed","ping_status":"closed","template":"","meta":{"powered_cache_disable_cache":false,"powered_cache_disable_lazyload":false,"footnotes":""},"class_list":["post-125","page","type-page","status-publish","hentry"],"_links":{"self":[{"href":"https:\/\/naklada-benedikta.hr\/index.php\/wp-json\/wp\/v2\/pages\/125","targetHints":{"allow":["GET"]}}],"collection":[{"href":"https:\/\/naklada-benedikta.hr\/index.php\/wp-json\/wp\/v2\/pages"}],"about":[{"href":"https:\/\/naklada-benedikta.hr\/index.php\/wp-json\/wp\/v2\/types\/page"}],"author":[{"embeddable":true,"href":"https:\/\/naklada-benedikta.hr\/index.php\/wp-json\/wp\/v2\/users\/1"}],"replies":[{"embeddable":true,"href":"https:\/\/naklada-benedikta.hr\/index.php\/wp-json\/wp\/v2\/comments?post=125"}],"version-history":[{"count":0,"href":"https:\/\/naklada-benedikta.hr\/index.php\/wp-json\/wp\/v2\/pages\/125\/revisions"}],"wp:attachment":[{"href":"https:\/\/naklada-benedikta.hr\/index.php\/wp-json\/wp\/v2\/media?parent=125"}],"curies":[{"name":"wp","href":"https:\/\/api.w.org\/{rel}","templated":true}]}}